{"id":214476,"date":"2026-04-07T12:49:57","date_gmt":"2026-04-07T12:49:57","guid":{"rendered":"https:\/\/modesthanim.com\/product\/yuksek-bel-bagcikli-rahat-kalip-jogger-esofman-alti\/"},"modified":"2026-04-15T21:37:31","modified_gmt":"2026-04-15T21:37:31","slug":"yuksek-bel-bagcikli-rahat-kalip-jogger-esofman-alti","status":"publish","type":"product","link":"https:\/\/mod.wisdar.net\/tr\/urun\/yuksek-bel-bagcikli-rahat-kalip-jogger-esofman-alti\/","title":{"rendered":"Y\u00fcksek Bel Ba\u011fc\u0131kl\u0131 Rahat Kal\u0131p Jogger E\u015fofman Alt\u0131"},"content":{"rendered":"<p>Y\u00fcksek Bel Ba\u011fc\u0131kl\u0131 Rahat Kal\u0131p Jogger E\u015fofman Alt\u0131 at Koton.com with discounted prices! Y\u00fcksek Bel Ba\u011fc\u0131kl\u0131 Rahat Kal\u0131p Jogger E\u015fofman Alt\u0131 1099.99 TL only Click now to buy! | Koton<\/p>\n","protected":false},"excerpt":{"rendered":"<p>Y\u00fcksek Bel Ba\u011fc\u0131kl\u0131 Rahat Kal\u0131p Jogger E\u015fofman Alt\u0131 at Koton.com with discounted prices! Y\u00fcksek Bel Ba\u011fc\u0131kl\u0131 Rahat Kal\u0131p Jogger E\u015fofman Alt\u0131 1099.99 TL only Click now to buy! | Koton<\/p>\n","protected":false},"featured_media":214459,"comment_status":"open","ping_status":"closed","template":"","meta":[],"product_brand":[],"product_cat":[6954,6948],"product_tag":[7446,7651,7426,7491,6751,7466],"class_list":{"0":"post-214476","1":"product","2":"type-product","3":"status-publish","4":"has-post-thumbnail","6":"product_cat-alt-vucut-alt-giyim","7":"product_cat-spor-giyim","8":"product_tag-atletik-giyim","9":"product_tag-esofman-alti","10":"product_tag-gunluk-giyim-3","11":"product_tag-jogger-pantolon","12":"product_tag-rahat","13":"product_tag-yuksek-bel","14":"pa_brand-koton","15":"pa_color-siyah","16":"pa_size-l","17":"pa_size-m","18":"pa_size-s","19":"pa_size-xl","20":"pa_size-xs","22":"first","23":"outofstock","24":"shipping-taxable","25":"product-type-variable"},"_links":{"self":[{"href":"https:\/\/mod.wisdar.net\/tr\/wp-json\/wp\/v2\/product\/214476","targetHints":{"allow":["GET"]}}],"collection":[{"href":"https:\/\/mod.wisdar.net\/tr\/wp-json\/wp\/v2\/product"}],"about":[{"href":"https:\/\/mod.wisdar.net\/tr\/wp-json\/wp\/v2\/types\/product"}],"replies":[{"embeddable":true,"href":"https:\/\/mod.wisdar.net\/tr\/wp-json\/wp\/v2\/comments?post=214476"}],"wp:featuredmedia":[{"embeddable":true,"href":"https:\/\/mod.wisdar.net\/tr\/wp-json\/wp\/v2\/media\/214459"}],"wp:attachment":[{"href":"https:\/\/mod.wisdar.net\/tr\/wp-json\/wp\/v2\/media?parent=214476"}],"wp:term":[{"taxonomy":"product_brand","embeddable":true,"href":"https:\/\/mod.wisdar.net\/tr\/wp-json\/wp\/v2\/product_brand?post=214476"},{"taxonomy":"product_cat","embeddable":true,"href":"https:\/\/mod.wisdar.net\/tr\/wp-json\/wp\/v2\/product_cat?post=214476"},{"taxonomy":"product_tag","embeddable":true,"href":"https:\/\/mod.wisdar.net\/tr\/wp-json\/wp\/v2\/product_tag?post=214476"}],"curies":[{"name":"wp","href":"https:\/\/api.w.org\/{rel}","templated":true}]}}