{"id":214530,"date":"2026-04-07T12:51:05","date_gmt":"2026-04-07T12:51:05","guid":{"rendered":"https:\/\/modesthanim.com\/product\/yuksek-bel-ispanyol-paca-spor-esofman-alti\/"},"modified":"2026-04-14T13:13:11","modified_gmt":"2026-04-14T13:13:11","slug":"yuksek-bel-ispanyol-paca-spor-esofman-alti","status":"publish","type":"product","link":"https:\/\/mod.wisdar.net\/tr\/urun\/yuksek-bel-ispanyol-paca-spor-esofman-alti\/","title":{"rendered":"Y\u00fcksek Bel \u0130spanyol Pa\u00e7a Spor E\u015fofman Alt\u0131"},"content":{"rendered":"<p>Y\u00fcksek bel e\u015fofman alt\u0131, zamans\u0131z bir stil arayanlar i\u00e7in ideal bir se\u00e7im. Modern ve \u015f\u0131k tasar\u0131m\u0131 ile dikkat \u00e7eken bu e\u015fofman alt\u0131, g\u00fcndelik kombinlerden spor salonu aktivitelerine kadar geni\u015f bir kullan\u0131m alan\u0131 sunuyor. D\u00fcz kesim yap\u0131s\u0131 ve ispanyol pa\u00e7a stil detay\u0131 sayesinde hem rahat hem de zarif bir g\u00f6r\u00fcn\u00fcm elde ediliyor. Kombininizi ister spor ayakkab\u0131larla tamamlayabilir, isterseniz \u015f\u0131k botlarla farkl\u0131 ortamlara uygun hale getirebilirsiniz. Tayt, moda trendlerini yakalamak isteyenler i\u00e7in vazge\u00e7ilmez bir par\u00e7a haline geliyor. Stil \u00d6nerisi Y\u00fcksek bel e\u015fofman alt\u0131, ti\u015f\u00f6rt veya spor s\u00fctyeni ve sneaker ile kombinledi\u011finizde dinamik bir g\u00f6r\u00fcn\u00fcm elde edersiniz. \u0130ster g\u00fcnl\u00fck stilinizde, ister spor aktivitelerinde rahatl\u0131kla kullanabilirsiniz. \u00dczerine alaca\u011f\u0131n\u0131z ince bir ceket veya h\u0131rka ile so\u011fuk g\u00fcnlerde de konforu hissedebilirsiniz. Trend aksesuarlar ve k\u00fc\u00e7\u00fck bir omuz \u00e7antas\u0131 ile stilinizi tamamlayarak her ortamda dikkat \u00e7ekici bir g\u00f6r\u00fcn\u00fcme sahip olabilirsiniz. \u00dcr\u00fcn \u00d6zellikleri Bel Tipi: Y\u00fcksek Bel Fit: Straight Stil ve Siluet: \u0130spanyol Pa\u00e7a Kuma\u015f: %77 Polyester, %23 Elastan Kullan\u0131m Alan\u0131: Spor Giyim, G\u00fcnl\u00fck Giyim Koton&#8217;un \u015f\u0131k ve modern e\u015fofman alt\u0131 tasar\u0131m\u0131yla g\u00fcn boyu konfor ve zarafeti bir arada ya\u015fay\u0131n. \u015eimdi Koton&#8217;un yeni sezon e\u015fofman alt\u0131 koleksiyonunu ke\u015ffedin ve tarz\u0131n\u0131za enerji kat\u0131n!<\/p>\n<p>\u2014 Technical Details \u2014<br \/>\nKuma\u015f: %23 ELASTAN, %77 POL\u0130ESTER<br \/>\nSil\u00fcet: Flare<br \/>\nBel Y\u00fcksekli\u011fi: Y\u00fcksek Bel<br \/>\n\u00dcr\u00fcn Tipi \/ Stil: Flare<br \/>\n\u00dcr\u00fcn\u00fcn Alt Markas\u0131: Trends<\/p>\n","protected":false},"excerpt":{"rendered":"<p>Y\u00fcksek bel e\u015fofman alt\u0131, zamans\u0131z bir stil arayanlar i\u00e7in ideal bir se\u00e7im. Modern ve \u015f\u0131k tasar\u0131m\u0131 ile dikkat \u00e7eken bu e\u015fofman alt\u0131, g\u00fcndelik kombinlerden spor salonu aktivitelerine kadar geni\u015f bir kullan\u0131m alan\u0131 sunuyor. D\u00fcz kesim yap\u0131s\u0131 ve ispanyol pa\u00e7a stil detay\u0131 sayesinde hem rahat hem de zarif bir g\u00f6r\u00fcn\u00fcm elde ediliyor. Kombininizi ister spor ayakkab\u0131larla [&hellip;]<\/p>\n","protected":false},"featured_media":214524,"comment_status":"open","ping_status":"closed","template":"","meta":[],"product_brand":[],"product_cat":[6954,6948],"product_tag":[7446,7426,7467,8039,7725,7424],"class_list":{"0":"post-214530","1":"product","2":"type-product","3":"status-publish","4":"has-post-thumbnail","6":"product_cat-alt-vucut-alt-giyim","7":"product_cat-spor-giyim","8":"product_tag-atletik-giyim","9":"product_tag-gunluk-giyim-3","10":"product_tag-ispanyol-paca","11":"product_tag-koton","12":"product_tag-rahat-pantolon","13":"product_tag-spor-giyim","14":"pa_brand-koton","15":"pa_color-kahverengi","16":"pa_size-l","17":"pa_size-m","18":"pa_size-s","19":"pa_size-xl","20":"pa_size-xs","21":"pa_size-xxl","23":"first","24":"instock","25":"shipping-taxable","26":"purchasable","27":"product-type-variable"},"_links":{"self":[{"href":"https:\/\/mod.wisdar.net\/tr\/wp-json\/wp\/v2\/product\/214530","targetHints":{"allow":["GET"]}}],"collection":[{"href":"https:\/\/mod.wisdar.net\/tr\/wp-json\/wp\/v2\/product"}],"about":[{"href":"https:\/\/mod.wisdar.net\/tr\/wp-json\/wp\/v2\/types\/product"}],"replies":[{"embeddable":true,"href":"https:\/\/mod.wisdar.net\/tr\/wp-json\/wp\/v2\/comments?post=214530"}],"wp:featuredmedia":[{"embeddable":true,"href":"https:\/\/mod.wisdar.net\/tr\/wp-json\/wp\/v2\/media\/214524"}],"wp:attachment":[{"href":"https:\/\/mod.wisdar.net\/tr\/wp-json\/wp\/v2\/media?parent=214530"}],"wp:term":[{"taxonomy":"product_brand","embeddable":true,"href":"https:\/\/mod.wisdar.net\/tr\/wp-json\/wp\/v2\/product_brand?post=214530"},{"taxonomy":"product_cat","embeddable":true,"href":"https:\/\/mod.wisdar.net\/tr\/wp-json\/wp\/v2\/product_cat?post=214530"},{"taxonomy":"product_tag","embeddable":true,"href":"https:\/\/mod.wisdar.net\/tr\/wp-json\/wp\/v2\/product_tag?post=214530"}],"curies":[{"name":"wp","href":"https:\/\/api.w.org\/{rel}","templated":true}]}}