{"id":214593,"date":"2026-04-08T19:20:15","date_gmt":"2026-04-08T19:20:15","guid":{"rendered":"https:\/\/modesthanim.com\/product\/pile-detayli-deri-ceket-ten-rengi\/"},"modified":"2026-04-08T19:20:50","modified_gmt":"2026-04-08T19:20:50","slug":"pile-detayli-deri-ceket-ten-rengi","status":"publish","type":"product","link":"https:\/\/mod.wisdar.net\/tr\/urun\/pile-detayli-deri-ceket-ten-rengi\/","title":{"rendered":"Pile Detayl\u0131 Deri Ceket Ten Rengi"},"content":{"rendered":"<p>%100 polyester bazl\u0131 yapay deri kuma\u015ftan \u00fcretilen bu ceket, dayan\u0131kl\u0131 ve formunu koruyan yap\u0131s\u0131yla uzun \u00f6m\u00fcrl\u00fc kullan\u0131m sunar. Y\u00fczeyindeki deri efekti dokusu modele modern ve g\u00fc\u00e7l\u00fc bir g\u00f6r\u00fcn\u00fcm kazand\u0131r\u0131rken, hafif yap\u0131s\u0131 konforlu bir deneyim sa\u011flar.<br \/>\nS\u0131rt\u0131ndaki pile detay\u0131, cekete hareket ve hacim katarak klasik deri ceket formundan ayr\u0131lan \u00f6zg\u00fcn bir sil\u00fcet olu\u015fturur. Fermuar detay\u0131yla tamamlanan tasar\u0131m, renkli par\u00e7alarla kombinlendi\u011finde \u00e7arp\u0131c\u0131 ve iddial\u0131 bir stil sunar.<br \/>\nG\u00fcnl\u00fck ve \u015fehir tarz\u0131 k\u0131yafetlere cesur bir tamamlay\u0131c\u0131 olarak \u00f6ne \u00e7\u0131kan bu model, modern gard\u0131robun g\u00fc\u00e7l\u00fc par\u00e7alar\u0131ndan biridir.<br \/>\nUyum bilgisi: Rahat bir kesime sahiptir; kendi bedeninizi se\u00e7ebilirsiniz.<br \/>\nBak\u0131m talimatlar\u0131: Nemli bir bezle silerek temizleyin. \u00c7ama\u015f\u0131r suyu kullanmay\u0131n. \u00dct\u00fclemeyin.<\/p>\n<p>Uzunluk: 65 cm (\u00dcr\u00fcn uzunlu\u011fu \u00fcretim partileri aras\u0131nda 1-5 cm de\u011fi\u015fiklik g\u00f6sterebilir.)<\/p>\n<p>Beden Tablosu:<br \/>\nG\u00f6\u011f\u00fcs<br \/>\nKal\u00e7a<br \/>\nKol<br \/>\nPaz\u0131<\/p>\n<p>Beden S:<br \/>\n152 cm<br \/>\n118 cm<br \/>\n54 cm<br \/>\n46 cm<\/p>\n<p>Beden M:<br \/>\n156 cm<br \/>\n122 cm<br \/>\n54,5 cm<br \/>\n47 cm<\/p>\n<p>Beden L:<br \/>\n160 cm<br \/>\n126 cm<br \/>\n55 cm<br \/>\n48 cm<\/p>\n<p>Modelin \u00d6l\u00e7\u00fcleri: Boy: 170 cm G\u00f6\u011f\u00fcs: 82 cm Bel: 62 cm Kal\u00e7a: 88 cm Modelin Giydi\u011fi Beden: 36<\/p>\n","protected":false},"excerpt":{"rendered":"<p>%100 polyester bazl\u0131 yapay deri kuma\u015ftan \u00fcretilen bu ceket, dayan\u0131kl\u0131 ve formunu koruyan yap\u0131s\u0131yla uzun \u00f6m\u00fcrl\u00fc kullan\u0131m sunar. Y\u00fczeyindeki deri efekti dokusu modele modern ve g\u00fc\u00e7l\u00fc bir g\u00f6r\u00fcn\u00fcm kazand\u0131r\u0131rken, hafif yap\u0131s\u0131 konforlu bir deneyim sa\u011flar. S\u0131rt\u0131ndaki pile detay\u0131, cekete hareket ve hacim katarak klasik deri ceket formundan ayr\u0131lan \u00f6zg\u00fcn bir sil\u00fcet olu\u015fturur. Fermuar detay\u0131yla tamamlanan [&hellip;]<\/p>\n","protected":false},"featured_media":214583,"comment_status":"open","ping_status":"closed","template":"","meta":[],"product_brand":[],"product_cat":[2044],"product_tag":[],"class_list":{"0":"post-214593","1":"product","2":"type-product","3":"status-publish","4":"has-post-thumbnail","6":"product_cat-ceketler","7":"pa_brand-he-qa","8":"pa_color-taba","9":"pa_size-l","10":"pa_size-m","11":"pa_size-s","13":"first","14":"instock","15":"sale","16":"shipping-taxable","17":"purchasable","18":"product-type-variable"},"_links":{"self":[{"href":"https:\/\/mod.wisdar.net\/tr\/wp-json\/wp\/v2\/product\/214593","targetHints":{"allow":["GET"]}}],"collection":[{"href":"https:\/\/mod.wisdar.net\/tr\/wp-json\/wp\/v2\/product"}],"about":[{"href":"https:\/\/mod.wisdar.net\/tr\/wp-json\/wp\/v2\/types\/product"}],"replies":[{"embeddable":true,"href":"https:\/\/mod.wisdar.net\/tr\/wp-json\/wp\/v2\/comments?post=214593"}],"wp:featuredmedia":[{"embeddable":true,"href":"https:\/\/mod.wisdar.net\/tr\/wp-json\/wp\/v2\/media\/214583"}],"wp:attachment":[{"href":"https:\/\/mod.wisdar.net\/tr\/wp-json\/wp\/v2\/media?parent=214593"}],"wp:term":[{"taxonomy":"product_brand","embeddable":true,"href":"https:\/\/mod.wisdar.net\/tr\/wp-json\/wp\/v2\/product_brand?post=214593"},{"taxonomy":"product_cat","embeddable":true,"href":"https:\/\/mod.wisdar.net\/tr\/wp-json\/wp\/v2\/product_cat?post=214593"},{"taxonomy":"product_tag","embeddable":true,"href":"https:\/\/mod.wisdar.net\/tr\/wp-json\/wp\/v2\/product_tag?post=214593"}],"curies":[{"name":"wp","href":"https:\/\/api.w.org\/{rel}","templated":true}]}}