{"id":214600,"date":"2026-04-08T19:20:20","date_gmt":"2026-04-08T19:20:20","guid":{"rendered":"https:\/\/modesthanim.com\/product\/pile-detayli-deri-ceket-adacayi\/"},"modified":"2026-04-08T19:20:55","modified_gmt":"2026-04-08T19:20:55","slug":"pile-detayli-deri-ceket-adacayi","status":"publish","type":"product","link":"https:\/\/mod.wisdar.net\/tr\/urun\/pile-detayli-deri-ceket-adacayi\/","title":{"rendered":"Pile Detayl\u0131 Deri Ceket Ada\u00e7ay\u0131"},"content":{"rendered":"<p>%100 polyester esasl\u0131 yapay deri kuma\u015ftan \u00fcretilen bu ceket, dayan\u0131kl\u0131 ve formunu koruyan yap\u0131s\u0131yla uzun s\u00fcreli kullan\u0131m sunar. Y\u00fczeyindeki deri efektli doku, modele modern ve g\u00fc\u00e7l\u00fc bir g\u00f6r\u00fcn\u00fcm kazand\u0131r\u0131rken, hafif yap\u0131s\u0131 sayesinde konforlu bir kullan\u0131m sa\u011flar.<\/p>\n<p>Arka k\u0131sm\u0131nda yer alan pile detay\u0131, cekete hareket ve hacim katarak klasik deri ceket formundan ayr\u0131\u015fan \u00f6zg\u00fcn bir siluet olu\u015fturur. Fermuar detay\u0131yla tamamlanan tasar\u0131m, renkli par\u00e7alarla kombinlendi\u011finde dikkat \u00e7ekici ve iddial\u0131 bir stil sunar.<\/p>\n<p>G\u00fcnl\u00fck ve \u015fehirli kombinlerde \u00e7arp\u0131c\u0131 bir tamamlay\u0131c\u0131 olarak \u00f6ne \u00e7\u0131kan bu model, modern gard\u0131robun g\u00fc\u00e7l\u00fc par\u00e7alar\u0131ndan biridir.<\/p>\n<p>Kal\u0131p bilgisi: Rahat kal\u0131pt\u0131r; kendi bedeninizi tercih edebilirsiniz.<\/p>\n<p>Bak\u0131m \u00f6nerisi: Nemli bez ile silerek temizleyiniz. A\u011fart\u0131c\u0131 kullanmay\u0131n\u0131z. \u00dct\u00fclemeyiniz.<\/p>\n<p>Boy: 65 cm (\u00dcr\u00fcn boyu \u00fcretimler aras\u0131 1-5 cm de\u011fi\u015febilir.)<\/p>\n<p>Kal\u0131p Bilgisi:<br \/>\nG\u00f6\u011f\u00fcs Basen Kol Boyu Pazu<\/p>\n<p>S Beden: 152 cm 118 cm 54 cm 46 cm<\/p>\n<p>M Beden: 156 cm 122 cm 54,5 cm 47 cm<\/p>\n<p>L Beden: 160 cm 126 cm 55 cm 48 cm<\/p>\n<p>Manken \u00d6l\u00e7\u00fcleri:<br \/>\nBoy: 170 cm<br \/>\nG\u00f6\u011f\u00fcs: 82 cm<br \/>\nBel: 62 cm<br \/>\nBasen: 88 cm<br \/>\nMankenin \u00dczerindeki Beden: 36<\/p>\n","protected":false},"excerpt":{"rendered":"<p>%100 polyester esasl\u0131 yapay deri kuma\u015ftan \u00fcretilen bu ceket, dayan\u0131kl\u0131 ve formunu koruyan yap\u0131s\u0131yla uzun s\u00fcreli kullan\u0131m sunar. Y\u00fczeyindeki deri efektli doku, modele modern ve g\u00fc\u00e7l\u00fc bir g\u00f6r\u00fcn\u00fcm kazand\u0131r\u0131rken, hafif yap\u0131s\u0131 sayesinde konforlu bir kullan\u0131m sa\u011flar. Arka k\u0131sm\u0131nda yer alan pile detay\u0131, cekete hareket ve hacim katarak klasik deri ceket formundan ayr\u0131\u015fan \u00f6zg\u00fcn bir siluet [&hellip;]<\/p>\n","protected":false},"featured_media":214585,"comment_status":"open","ping_status":"closed","template":"","meta":[],"product_brand":[],"product_cat":[2044],"product_tag":[6845,6882],"class_list":{"0":"post-214600","1":"product","2":"type-product","3":"status-publish","4":"has-post-thumbnail","6":"product_cat-ceketler","7":"product_tag-modern-stil","8":"product_tag-rahat-kesim-2","9":"pa_brand-he-qa","10":"pa_color-adacayi","11":"pa_size-l","12":"pa_size-m","13":"pa_size-s","15":"first","16":"instock","17":"sale","18":"shipping-taxable","19":"purchasable","20":"product-type-variable"},"_links":{"self":[{"href":"https:\/\/mod.wisdar.net\/tr\/wp-json\/wp\/v2\/product\/214600","targetHints":{"allow":["GET"]}}],"collection":[{"href":"https:\/\/mod.wisdar.net\/tr\/wp-json\/wp\/v2\/product"}],"about":[{"href":"https:\/\/mod.wisdar.net\/tr\/wp-json\/wp\/v2\/types\/product"}],"replies":[{"embeddable":true,"href":"https:\/\/mod.wisdar.net\/tr\/wp-json\/wp\/v2\/comments?post=214600"}],"wp:featuredmedia":[{"embeddable":true,"href":"https:\/\/mod.wisdar.net\/tr\/wp-json\/wp\/v2\/media\/214585"}],"wp:attachment":[{"href":"https:\/\/mod.wisdar.net\/tr\/wp-json\/wp\/v2\/media?parent=214600"}],"wp:term":[{"taxonomy":"product_brand","embeddable":true,"href":"https:\/\/mod.wisdar.net\/tr\/wp-json\/wp\/v2\/product_brand?post=214600"},{"taxonomy":"product_cat","embeddable":true,"href":"https:\/\/mod.wisdar.net\/tr\/wp-json\/wp\/v2\/product_cat?post=214600"},{"taxonomy":"product_tag","embeddable":true,"href":"https:\/\/mod.wisdar.net\/tr\/wp-json\/wp\/v2\/product_tag?post=214600"}],"curies":[{"name":"wp","href":"https:\/\/api.w.org\/{rel}","templated":true}]}}