{"id":214765,"date":"2026-04-10T17:23:22","date_gmt":"2026-04-10T17:23:22","guid":{"rendered":"https:\/\/modesthanim.com\/product\/ayicikli-kolsuz-jean-elbise-kiz-bebek\/"},"modified":"2026-04-10T17:23:42","modified_gmt":"2026-04-10T17:23:42","slug":"ayicikli-kolsuz-jean-elbise-kiz-bebek","status":"publish","type":"product","link":"https:\/\/mod.wisdar.net\/tr\/urun\/ayicikli-kolsuz-jean-elbise-kiz-bebek\/","title":{"rendered":"Ay\u0131c\u0131kl\u0131 Kolsuz Jean Elbise K\u0131z Bebek"},"content":{"rendered":"<p>Do\u011fal ve yumu\u015fak dokulu. Yuvarlak yaka. Volanl\u0131 omuz kesimi. B\u00fczg\u00fcl\u00fc bel detay\u0131. Miniklerin gard\u0131robuna eforsuz bir \u015f\u0131kl\u0131k.<\/p>\n<p>\u2014 Technical Details \u2014<br \/>\nDesen: Bask\u0131l\u0131<br \/>\nKal\u0131p: Relax F\u0131t<br \/>\nCinsiyet: K\u0131z Bebek<br \/>\nRenk: Mavi<br \/>\nKol Boyu: Kolsuz<\/p>\n","protected":false},"excerpt":{"rendered":"<p>Do\u011fal ve yumu\u015fak dokulu. Yuvarlak yaka. Volanl\u0131 omuz kesimi. B\u00fczg\u00fcl\u00fc bel detay\u0131. Miniklerin gard\u0131robuna eforsuz bir \u015f\u0131kl\u0131k. \u2014 Technical Details \u2014 Desen: Bask\u0131l\u0131 Kal\u0131p: Relax F\u0131t Cinsiyet: K\u0131z Bebek Renk: Mavi Kol Boyu: Kolsuz<\/p>\n","protected":false},"featured_media":214757,"comment_status":"open","ping_status":"closed","template":"","meta":[],"product_brand":[],"product_cat":[8712,8718,8715,8694,8697],"product_tag":[12687,12688,12685,12686],"class_list":{"0":"post-214765","1":"product","2":"type-product","3":"status-publish","4":"has-post-thumbnail","6":"product_cat-bebek-elbiseleri","7":"product_cat-elbiseler-etekler","8":"product_cat-kiz-cocuklari-2-14-yas","9":"product_cat-cocuklar","10":"product_cat-yenidogan-0-12-ay","11":"product_tag-baby-girl-bear-print-sleeveless-denim-dress-baby-girl","12":"product_tag-bear-print-sleeveless-denim-dress-baby-girl","13":"product_tag-blue-baby-girl-bear-print-sleeveless-denim-dress-baby-girl","14":"product_tag-blue-bear-print-sleeveless-denim-dress-baby-girl","15":"pa_brand-defacto","16":"pa_color-acik-mavi","17":"pa_size-12-18-ay-86cm","18":"pa_size-18-24-ay-92cm","19":"pa_size-2-3-yas-98cm","20":"pa_size-3-4-yas-104-cm","21":"pa_size-4-5-yas-110cm","22":"pa_size-5-6-yas-116cm","24":"first","25":"instock","26":"sale","27":"shipping-taxable","28":"purchasable","29":"product-type-variable"},"_links":{"self":[{"href":"https:\/\/mod.wisdar.net\/tr\/wp-json\/wp\/v2\/product\/214765","targetHints":{"allow":["GET"]}}],"collection":[{"href":"https:\/\/mod.wisdar.net\/tr\/wp-json\/wp\/v2\/product"}],"about":[{"href":"https:\/\/mod.wisdar.net\/tr\/wp-json\/wp\/v2\/types\/product"}],"replies":[{"embeddable":true,"href":"https:\/\/mod.wisdar.net\/tr\/wp-json\/wp\/v2\/comments?post=214765"}],"wp:featuredmedia":[{"embeddable":true,"href":"https:\/\/mod.wisdar.net\/tr\/wp-json\/wp\/v2\/media\/214757"}],"wp:attachment":[{"href":"https:\/\/mod.wisdar.net\/tr\/wp-json\/wp\/v2\/media?parent=214765"}],"wp:term":[{"taxonomy":"product_brand","embeddable":true,"href":"https:\/\/mod.wisdar.net\/tr\/wp-json\/wp\/v2\/product_brand?post=214765"},{"taxonomy":"product_cat","embeddable":true,"href":"https:\/\/mod.wisdar.net\/tr\/wp-json\/wp\/v2\/product_cat?post=214765"},{"taxonomy":"product_tag","embeddable":true,"href":"https:\/\/mod.wisdar.net\/tr\/wp-json\/wp\/v2\/product_tag?post=214765"}],"curies":[{"name":"wp","href":"https:\/\/api.w.org\/{rel}","templated":true}]}}