{"id":214809,"date":"2026-04-10T17:23:50","date_gmt":"2026-04-10T17:23:50","guid":{"rendered":"https:\/\/modesthanim.com\/product\/ayicikli-elbise-kiz-bebek\/"},"modified":"2026-04-10T17:24:18","modified_gmt":"2026-04-10T17:24:18","slug":"ayicikli-elbise-kiz-bebek","status":"publish","type":"product","link":"https:\/\/mod.wisdar.net\/tr\/urun\/ayicikli-elbise-kiz-bebek\/","title":{"rendered":"Ay\u0131c\u0131kl\u0131 Elbise K\u0131z Bebek"},"content":{"rendered":"<p>Sevimli ay\u0131c\u0131k desenli k\u0131z bebek elbisesi, hem rahat hem de \u015f\u0131k bir se\u00e7enek sunar. Yumu\u015fak ve nefes alabilir kuma\u015f\u0131 sayesinde bebe\u011finiz g\u00fcn boyu konforlu hisseder.<\/p>\n<p>\u2014 Technical Details \u2014<br \/>\nYaka: Bisiklet Yaka<br \/>\nKol Boyu: K\u0131sa Kollu<br \/>\n\u00d6zel \u00dcr\u00fcn: G\u00fcnl\u00fck<br \/>\nCinsiyet: K\u0131z Bebek<br \/>\nRenk: Sar\u0131 \/ A\u00e7\u0131k Sar\u0131<br \/>\nMen\u015fei: TR<br \/>\n\u00dcr\u00fcn Grubu: K\u0131z Bebek Elbise<\/p>\n","protected":false},"excerpt":{"rendered":"<p>Sevimli ay\u0131c\u0131k desenli k\u0131z bebek elbisesi, hem rahat hem de \u015f\u0131k bir se\u00e7enek sunar. Yumu\u015fak ve nefes alabilir kuma\u015f\u0131 sayesinde bebe\u011finiz g\u00fcn boyu konforlu hisseder. \u2014 Technical Details \u2014 Yaka: Bisiklet Yaka Kol Boyu: K\u0131sa Kollu \u00d6zel \u00dcr\u00fcn: G\u00fcnl\u00fck Cinsiyet: K\u0131z Bebek Renk: Sar\u0131 \/ A\u00e7\u0131k Sar\u0131 Men\u015fei: TR \u00dcr\u00fcn Grubu: K\u0131z Bebek Elbise<\/p>\n","protected":false},"featured_media":214801,"comment_status":"open","ping_status":"closed","template":"","meta":[],"product_brand":[],"product_cat":[8712,8718,8715,8694,8697],"product_tag":[12691,12692,12689,12690],"class_list":{"0":"post-214809","1":"product","2":"type-product","3":"status-publish","4":"has-post-thumbnail","6":"product_cat-bebek-elbiseleri","7":"product_cat-elbiseler-etekler","8":"product_cat-kiz-cocuklari-2-14-yas","9":"product_cat-cocuklar","10":"product_cat-yenidogan-0-12-ay","11":"product_tag-baby-girl-bear-print-dress","12":"product_tag-bear-print-dress-baby-girl","13":"product_tag-yellow-baby-girl-bear-print-dress","14":"product_tag-yellow-bear-print-dress-baby-girl","15":"pa_brand-defacto","16":"pa_color-acik-sari","17":"pa_size-12-18-ay-86cm","18":"pa_size-18-24-ay-92cm","19":"pa_size-2-3-yas-98cm","20":"pa_size-3-4-yas-104-cm","21":"pa_size-4-5-yas-110cm","22":"pa_size-5-6-yas-116cm","24":"first","25":"instock","26":"sale","27":"shipping-taxable","28":"purchasable","29":"product-type-variable"},"_links":{"self":[{"href":"https:\/\/mod.wisdar.net\/tr\/wp-json\/wp\/v2\/product\/214809","targetHints":{"allow":["GET"]}}],"collection":[{"href":"https:\/\/mod.wisdar.net\/tr\/wp-json\/wp\/v2\/product"}],"about":[{"href":"https:\/\/mod.wisdar.net\/tr\/wp-json\/wp\/v2\/types\/product"}],"replies":[{"embeddable":true,"href":"https:\/\/mod.wisdar.net\/tr\/wp-json\/wp\/v2\/comments?post=214809"}],"wp:featuredmedia":[{"embeddable":true,"href":"https:\/\/mod.wisdar.net\/tr\/wp-json\/wp\/v2\/media\/214801"}],"wp:attachment":[{"href":"https:\/\/mod.wisdar.net\/tr\/wp-json\/wp\/v2\/media?parent=214809"}],"wp:term":[{"taxonomy":"product_brand","embeddable":true,"href":"https:\/\/mod.wisdar.net\/tr\/wp-json\/wp\/v2\/product_brand?post=214809"},{"taxonomy":"product_cat","embeddable":true,"href":"https:\/\/mod.wisdar.net\/tr\/wp-json\/wp\/v2\/product_cat?post=214809"},{"taxonomy":"product_tag","embeddable":true,"href":"https:\/\/mod.wisdar.net\/tr\/wp-json\/wp\/v2\/product_tag?post=214809"}],"curies":[{"name":"wp","href":"https:\/\/api.w.org\/{rel}","templated":true}]}}