{"id":214846,"date":"2026-04-10T17:24:19","date_gmt":"2026-04-10T17:24:19","guid":{"rendered":"https:\/\/modesthanim.com\/product\/ayicikli-elbise-kiz-bebek-2\/"},"modified":"2026-04-10T17:25:09","modified_gmt":"2026-04-10T17:25:09","slug":"ayicikli-elbise-kiz-bebek-2","status":"publish","type":"product","link":"https:\/\/mod.wisdar.net\/tr\/urun\/ayicikli-elbise-kiz-bebek-2\/","title":{"rendered":"Ay\u0131c\u0131kl\u0131 Elbise K\u0131z Bebek"},"content":{"rendered":"<p>Sevimli ay\u0131 nak\u0131\u015f detay\u0131yla s\u00fcslenen k\u0131z bebek elbisesi, yumu\u015fak ve nefes alabilen kuma\u015f\u0131yla g\u00fcn boyu konfor sa\u011flar. Hafif ve esnek yap\u0131s\u0131 sayesinde minikler \u00f6zg\u00fcrce hareket edebilir.<\/p>\n<p>\u2014 Technical Details \u2014<br \/>\nYaka: Bisiklet Yaka<br \/>\nKol Boyu: K\u0131sa Kollu<br \/>\nCinsiyet: K\u0131z Bebek<br \/>\n\u00d6zel \u00dcr\u00fcn: G\u00fcnl\u00fck<br \/>\nMen\u015fei: TR<br \/>\n\u00dcr\u00fcn Grubu: K\u0131z Bebek Elbise<\/p>\n","protected":false},"excerpt":{"rendered":"<p>Sevimli ay\u0131 nak\u0131\u015f detay\u0131yla s\u00fcslenen k\u0131z bebek elbisesi, yumu\u015fak ve nefes alabilen kuma\u015f\u0131yla g\u00fcn boyu konfor sa\u011flar. Hafif ve esnek yap\u0131s\u0131 sayesinde minikler \u00f6zg\u00fcrce hareket edebilir. \u2014 Technical Details \u2014 Yaka: Bisiklet Yaka Kol Boyu: K\u0131sa Kollu Cinsiyet: K\u0131z Bebek \u00d6zel \u00dcr\u00fcn: G\u00fcnl\u00fck Men\u015fei: TR \u00dcr\u00fcn Grubu: K\u0131z Bebek Elbise<\/p>\n","protected":false},"featured_media":214842,"comment_status":"open","ping_status":"closed","template":"","meta":[],"product_brand":[],"product_cat":[8718,8715,8694],"product_tag":[12696,12695,12694,12693],"class_list":{"0":"post-214846","1":"product","2":"type-product","3":"status-publish","4":"has-post-thumbnail","6":"product_cat-elbiseler-etekler","7":"product_cat-kiz-cocuklari-2-14-yas","8":"product_cat-cocuklar","9":"product_tag-bear-embroidery-dress-for-girls","10":"product_tag-girls-bear-embroidery-dress","11":"product_tag-navy-blue-bear-embroidery-dress-for-girls","12":"product_tag-navy-blue-girls-dress-with-bear-embroidery","13":"pa_brand-defacto","14":"pa_color-lacivert","15":"pa_size-12-18-ay-86cm","16":"pa_size-18-24-ay-92cm","17":"pa_size-2-3-yas-98cm","18":"pa_size-3-4-yas-104-cm","19":"pa_size-4-5-yas-110cm","20":"pa_size-5-6-yas-116cm","22":"first","23":"instock","24":"sale","25":"shipping-taxable","26":"purchasable","27":"product-type-variable"},"_links":{"self":[{"href":"https:\/\/mod.wisdar.net\/tr\/wp-json\/wp\/v2\/product\/214846","targetHints":{"allow":["GET"]}}],"collection":[{"href":"https:\/\/mod.wisdar.net\/tr\/wp-json\/wp\/v2\/product"}],"about":[{"href":"https:\/\/mod.wisdar.net\/tr\/wp-json\/wp\/v2\/types\/product"}],"replies":[{"embeddable":true,"href":"https:\/\/mod.wisdar.net\/tr\/wp-json\/wp\/v2\/comments?post=214846"}],"wp:featuredmedia":[{"embeddable":true,"href":"https:\/\/mod.wisdar.net\/tr\/wp-json\/wp\/v2\/media\/214842"}],"wp:attachment":[{"href":"https:\/\/mod.wisdar.net\/tr\/wp-json\/wp\/v2\/media?parent=214846"}],"wp:term":[{"taxonomy":"product_brand","embeddable":true,"href":"https:\/\/mod.wisdar.net\/tr\/wp-json\/wp\/v2\/product_brand?post=214846"},{"taxonomy":"product_cat","embeddable":true,"href":"https:\/\/mod.wisdar.net\/tr\/wp-json\/wp\/v2\/product_cat?post=214846"},{"taxonomy":"product_tag","embeddable":true,"href":"https:\/\/mod.wisdar.net\/tr\/wp-json\/wp\/v2\/product_tag?post=214846"}],"curies":[{"name":"wp","href":"https:\/\/api.w.org\/{rel}","templated":true}]}}