{"id":214887,"date":"2026-04-10T17:24:53","date_gmt":"2026-04-10T17:24:53","guid":{"rendered":"https:\/\/modesthanim.com\/product\/ayicikli-pamuklu-elbise-kiz-cocuk\/"},"modified":"2026-04-10T17:25:40","modified_gmt":"2026-04-10T17:25:40","slug":"ayicikli-pamuklu-elbise-kiz-cocuk","status":"publish","type":"product","link":"https:\/\/mod.wisdar.net\/tr\/urun\/ayicikli-pamuklu-elbise-kiz-cocuk\/","title":{"rendered":"Ay\u0131c\u0131kl\u0131 Pamuklu Elbise K\u0131z \u00c7ocuk"},"content":{"rendered":"<p>K\u0131z \u00e7ocuklar i\u00e7in ay\u0131c\u0131k detayl\u0131 pamuklu elbise, yumu\u015fak ve nefes alabilen kuma\u015f\u0131yla rahatl\u0131k sa\u011flar. Sevimli ay\u0131c\u0131k bask\u0131s\u0131, elbiseye tatl\u0131 ve e\u011flenceli bir dokunu\u015f katar.<\/p>\n<p>\u2014 Technical Details \u2014<br \/>\nKol Boyu: K\u0131sa Kollu<br \/>\nCinsiyet: K\u0131z \u00c7ocuk<br \/>\nKuma\u015f: Pamuklu<br \/>\nRenk: Sar\u0131<br \/>\n\u00d6zel \u00dcr\u00fcn: Trend<\/p>\n","protected":false},"excerpt":{"rendered":"<p>K\u0131z \u00e7ocuklar i\u00e7in ay\u0131c\u0131k detayl\u0131 pamuklu elbise, yumu\u015fak ve nefes alabilen kuma\u015f\u0131yla rahatl\u0131k sa\u011flar. Sevimli ay\u0131c\u0131k bask\u0131s\u0131, elbiseye tatl\u0131 ve e\u011flenceli bir dokunu\u015f katar. \u2014 Technical Details \u2014 Kol Boyu: K\u0131sa Kollu Cinsiyet: K\u0131z \u00c7ocuk Kuma\u015f: Pamuklu Renk: Sar\u0131 \u00d6zel \u00dcr\u00fcn: Trend<\/p>\n","protected":false},"featured_media":214882,"comment_status":"open","ping_status":"closed","template":"","meta":[],"product_brand":[],"product_cat":[8718,8715,8694],"product_tag":[7426,6923],"class_list":{"0":"post-214887","1":"product","2":"type-product","3":"status-publish","4":"has-post-thumbnail","6":"product_cat-elbiseler-etekler","7":"product_cat-kiz-cocuklari-2-14-yas","8":"product_cat-cocuklar","9":"product_tag-gunluk-giyim-3","10":"product_tag-sari-elbise","11":"pa_brand-defacto","12":"pa_color-acik-sari","13":"pa_size-11-12-yas-152cm","14":"pa_size-13-14-yas-164cm","15":"pa_size-5-6-yas-116cm","16":"pa_size-7-8-yas-128cm","17":"pa_size-8-9-yas-134cm","18":"pa_size-9-10-yas-140cm","20":"first","21":"instock","22":"sale","23":"shipping-taxable","24":"purchasable","25":"product-type-variable"},"_links":{"self":[{"href":"https:\/\/mod.wisdar.net\/tr\/wp-json\/wp\/v2\/product\/214887","targetHints":{"allow":["GET"]}}],"collection":[{"href":"https:\/\/mod.wisdar.net\/tr\/wp-json\/wp\/v2\/product"}],"about":[{"href":"https:\/\/mod.wisdar.net\/tr\/wp-json\/wp\/v2\/types\/product"}],"replies":[{"embeddable":true,"href":"https:\/\/mod.wisdar.net\/tr\/wp-json\/wp\/v2\/comments?post=214887"}],"wp:featuredmedia":[{"embeddable":true,"href":"https:\/\/mod.wisdar.net\/tr\/wp-json\/wp\/v2\/media\/214882"}],"wp:attachment":[{"href":"https:\/\/mod.wisdar.net\/tr\/wp-json\/wp\/v2\/media?parent=214887"}],"wp:term":[{"taxonomy":"product_brand","embeddable":true,"href":"https:\/\/mod.wisdar.net\/tr\/wp-json\/wp\/v2\/product_brand?post=214887"},{"taxonomy":"product_cat","embeddable":true,"href":"https:\/\/mod.wisdar.net\/tr\/wp-json\/wp\/v2\/product_cat?post=214887"},{"taxonomy":"product_tag","embeddable":true,"href":"https:\/\/mod.wisdar.net\/tr\/wp-json\/wp\/v2\/product_tag?post=214887"}],"curies":[{"name":"wp","href":"https:\/\/api.w.org\/{rel}","templated":true}]}}