{"id":215133,"date":"2026-04-12T09:28:53","date_gmt":"2026-04-12T09:28:53","guid":{"rendered":"https:\/\/modesthanim.com\/product\/aliye-uclu-takim-kahverengi\/"},"modified":"2026-04-15T22:33:32","modified_gmt":"2026-04-15T22:33:32","slug":"aliye-uclu-takim-kahverengi","status":"publish","type":"product","link":"https:\/\/mod.wisdar.net\/tr\/urun\/aliye-uclu-takim-kahverengi\/","title":{"rendered":"Aliye \u00dc\u00e7l\u00fc Tak\u0131m Kahverengi"},"content":{"rendered":"<p>Aliye \u00dc\u00e7l\u00fc Tak\u0131m Kahverengi<\/p>\n<p>\u00dcr\u00fcn \u00dc\u00e7 Par\u00e7al\u0131d\u0131r.<br \/>\n\u0130\u00e7lik K\u0131sakolludur.<br \/>\n\u0130\u00e7lik Omuz 40cm<br \/>\n\u0130\u00e7lik G\u00f6\u011f\u00fcs 51cm<br \/>\n\u0130\u00e7lik Boy 58cm<\/p>\n<p>Ceket Par\u00e7a Detayl\u0131d\u0131r.<br \/>\nCeket Fermuarl\u0131d\u0131r.<br \/>\nCeket Alt Lastik Detayl\u0131d\u0131r.<br \/>\nCeket Omuz 49cm<br \/>\nCeket G\u00f6\u011f\u00fcs 58cm<br \/>\nCeket Boy 73cm<br \/>\nPantolon Arka Bel Lastik Detayl\u0131d\u0131r<br \/>\nPantolon Yandan Fermuarl\u0131d\u0131r.<br \/>\nPantolon Bel 34cm<br \/>\nPantolon Boy 114cm<\/p>\n","protected":false},"excerpt":{"rendered":"<p>Aliye \u00dc\u00e7l\u00fc Tak\u0131m Kahverengi \u00dcr\u00fcn \u00dc\u00e7 Par\u00e7al\u0131d\u0131r. \u0130\u00e7lik K\u0131sakolludur. \u0130\u00e7lik Omuz 40cm \u0130\u00e7lik G\u00f6\u011f\u00fcs 51cm \u0130\u00e7lik Boy 58cm Ceket Par\u00e7a Detayl\u0131d\u0131r. Ceket Fermuarl\u0131d\u0131r. Ceket Alt Lastik Detayl\u0131d\u0131r. Ceket Omuz 49cm Ceket G\u00f6\u011f\u00fcs 58cm Ceket Boy 73cm Pantolon Arka Bel Lastik Detayl\u0131d\u0131r Pantolon Yandan Fermuarl\u0131d\u0131r. Pantolon Bel 34cm Pantolon Boy 114cm<\/p>\n","protected":false},"featured_media":215127,"comment_status":"open","ping_status":"closed","template":"","meta":[],"product_brand":[],"product_cat":[1900],"product_tag":[4908],"class_list":{"0":"post-215133","1":"product","2":"type-product","3":"status-publish","4":"has-post-thumbnail","6":"product_cat-koordinatlar-setler","7":"product_tag-brown","8":"pa_brand-butikkolik","9":"pa_color-kahverengi","10":"pa_size-1-38-40","11":"pa_size-2-42-44","13":"first","14":"instock","15":"sale","16":"shipping-taxable","17":"purchasable","18":"product-type-variable"},"_links":{"self":[{"href":"https:\/\/mod.wisdar.net\/tr\/wp-json\/wp\/v2\/product\/215133","targetHints":{"allow":["GET"]}}],"collection":[{"href":"https:\/\/mod.wisdar.net\/tr\/wp-json\/wp\/v2\/product"}],"about":[{"href":"https:\/\/mod.wisdar.net\/tr\/wp-json\/wp\/v2\/types\/product"}],"replies":[{"embeddable":true,"href":"https:\/\/mod.wisdar.net\/tr\/wp-json\/wp\/v2\/comments?post=215133"}],"wp:featuredmedia":[{"embeddable":true,"href":"https:\/\/mod.wisdar.net\/tr\/wp-json\/wp\/v2\/media\/215127"}],"wp:attachment":[{"href":"https:\/\/mod.wisdar.net\/tr\/wp-json\/wp\/v2\/media?parent=215133"}],"wp:term":[{"taxonomy":"product_brand","embeddable":true,"href":"https:\/\/mod.wisdar.net\/tr\/wp-json\/wp\/v2\/product_brand?post=215133"},{"taxonomy":"product_cat","embeddable":true,"href":"https:\/\/mod.wisdar.net\/tr\/wp-json\/wp\/v2\/product_cat?post=215133"},{"taxonomy":"product_tag","embeddable":true,"href":"https:\/\/mod.wisdar.net\/tr\/wp-json\/wp\/v2\/product_tag?post=215133"}],"curies":[{"name":"wp","href":"https:\/\/api.w.org\/{rel}","templated":true}]}}