{"id":215156,"date":"2026-04-12T09:29:02","date_gmt":"2026-04-12T09:29:02","guid":{"rendered":"https:\/\/modesthanim.com\/product\/ekru-kisa-kollu-nakis-detayli-suprem-tshirt\/"},"modified":"2026-04-12T09:29:16","modified_gmt":"2026-04-12T09:29:16","slug":"ekru-kisa-kollu-nakis-detayli-suprem-tshirt","status":"publish","type":"product","link":"https:\/\/mod.wisdar.net\/tr\/urun\/ekru-kisa-kollu-nakis-detayli-suprem-tshirt\/","title":{"rendered":"Ekru-K\u0131sa Kollu Nak\u0131\u015f Detayl\u0131 S\u00fcprem Tshirt"},"content":{"rendered":"<p>Ekru-K\u0131sa Kollu Nak\u0131\u015f Detayl\u0131 S\u00fcprem Tshirt \u00fcr\u00fcn\u00fc ile modern ve rahat bir tarz yakalay\u0131n ALLDAY\u2019in T-Shirt kategorisindeki di\u011fer modellerini ke\u015ffedin. Kombinini tamamlayacak Ekru-K\u0131sa Kollu Nak\u0131\u015f Detayl\u0131 S\u00fcprem Tshirt i\u00e7in hemen Ke\u015ffedin!<\/p>\n<p>\u2014 Technical Details \u2014<br \/>\nSezon: 25-Yaz<br \/>\nKuma\u015f \u0130\u00e7eri\u011fi: %100 Pamuk<br \/>\nKuma\u015f Grubu: Pamuk<br \/>\nCep Detay: Cepsiz<br \/>\nYaka: Bisiklet<br \/>\nKol Kal\u0131p: D\u00fc\u015f\u00fck<br \/>\nEbat \/ Boy: 65 CM<br \/>\nTasar\u0131m D\u00f6nemi: 25-Yaz<br \/>\nKal\u0131p: RELAX<br \/>\nBel: Bel<br \/>\nDesen: D\u00fcz<br \/>\nTema: 2.CLASS<br \/>\nLine: PLUS SIZE<br \/>\n\u00dcr\u00fcn Ligi: A Kalite<br \/>\nSezon Sat\u0131\u015f D\u00f6nemi: Yaz<br \/>\nMalzeme T\u00fcr\u00fc: \u00d6rme<\/p>\n","protected":false},"excerpt":{"rendered":"<p>Ekru-K\u0131sa Kollu Nak\u0131\u015f Detayl\u0131 S\u00fcprem Tshirt \u00fcr\u00fcn\u00fc ile modern ve rahat bir tarz yakalay\u0131n ALLDAY\u2019in T-Shirt kategorisindeki di\u011fer modellerini ke\u015ffedin. Kombinini tamamlayacak Ekru-K\u0131sa Kollu Nak\u0131\u015f Detayl\u0131 S\u00fcprem Tshirt i\u00e7in hemen Ke\u015ffedin! \u2014 Technical Details \u2014 Sezon: 25-Yaz Kuma\u015f \u0130\u00e7eri\u011fi: %100 Pamuk Kuma\u015f Grubu: Pamuk Cep Detay: Cepsiz Yaka: Bisiklet Kol Kal\u0131p: D\u00fc\u015f\u00fck Ebat \/ Boy: [&hellip;]<\/p>\n","protected":false},"featured_media":215150,"comment_status":"open","ping_status":"closed","template":"","meta":[],"product_brand":[],"product_cat":[12700],"product_tag":[6753,7563,7488],"class_list":{"0":"post-215156","1":"product","2":"type-product","3":"status-publish","4":"has-post-thumbnail","6":"product_cat-buyuk-beden","7":"product_tag-bej","8":"product_tag-buyuk-beden","9":"product_tag-pamuk","10":"pa_brand-allday","11":"pa_color-ekru","12":"pa_size-4749","13":"pa_size-4747","14":"pa_size-4746","15":"pa_size-4744","17":"first","18":"instock","19":"shipping-taxable","20":"purchasable","21":"product-type-variable"},"_links":{"self":[{"href":"https:\/\/mod.wisdar.net\/tr\/wp-json\/wp\/v2\/product\/215156","targetHints":{"allow":["GET"]}}],"collection":[{"href":"https:\/\/mod.wisdar.net\/tr\/wp-json\/wp\/v2\/product"}],"about":[{"href":"https:\/\/mod.wisdar.net\/tr\/wp-json\/wp\/v2\/types\/product"}],"replies":[{"embeddable":true,"href":"https:\/\/mod.wisdar.net\/tr\/wp-json\/wp\/v2\/comments?post=215156"}],"wp:featuredmedia":[{"embeddable":true,"href":"https:\/\/mod.wisdar.net\/tr\/wp-json\/wp\/v2\/media\/215150"}],"wp:attachment":[{"href":"https:\/\/mod.wisdar.net\/tr\/wp-json\/wp\/v2\/media?parent=215156"}],"wp:term":[{"taxonomy":"product_brand","embeddable":true,"href":"https:\/\/mod.wisdar.net\/tr\/wp-json\/wp\/v2\/product_brand?post=215156"},{"taxonomy":"product_cat","embeddable":true,"href":"https:\/\/mod.wisdar.net\/tr\/wp-json\/wp\/v2\/product_cat?post=215156"},{"taxonomy":"product_tag","embeddable":true,"href":"https:\/\/mod.wisdar.net\/tr\/wp-json\/wp\/v2\/product_tag?post=215156"}],"curies":[{"name":"wp","href":"https:\/\/api.w.org\/{rel}","templated":true}]}}