{"id":215201,"date":"2026-04-12T09:29:30","date_gmt":"2026-04-12T09:29:30","guid":{"rendered":"https:\/\/modesthanim.com\/product\/vizon-buzgu-detayli-buyuk-beden-keten-pantolonlu-takim\/"},"modified":"2026-04-12T09:29:42","modified_gmt":"2026-04-12T09:29:42","slug":"vizon-buzgu-detayli-buyuk-beden-keten-pantolonlu-takim","status":"publish","type":"product","link":"https:\/\/mod.wisdar.net\/tr\/urun\/vizon-buzgu-detayli-buyuk-beden-keten-pantolonlu-takim\/","title":{"rendered":"Vizon-B\u00fczg\u00fc Detayl\u0131 B\u00fcy\u00fck Beden Keten Pantolonlu Tak\u0131m"},"content":{"rendered":"<p>Vizon-B\u00fczg\u00fc Detayl\u0131 B\u00fcy\u00fck Beden Keten Pantolonlu Tak\u0131m \u00fcr\u00fcn\u00fc ile modern ve rahat bir tarz yakalay\u0131n  ALLDAY\u2019in Pantolonlu Tak\u0131m kategorisindeki di\u011fer modellerini ke\u015ffedin. Kombinini tamamlayacak Vizon-B\u00fczg\u00fc Detayl\u0131 B\u00fcy\u00fck Beden Keten Pantolonlu Tak\u0131m i\u00e7in hemen ke\u015ffedin!<\/p>\n<p>\u2014 Technical Details \u2014<br \/>\nKal\u0131p: RELAX<br \/>\nMalzeme T\u00fcr\u00fc: Dokuma<br \/>\nSezon Sat\u0131\u015f D\u00f6nemi: Yaz<br \/>\n\u00dcr\u00fcn Ligi: A Kalite<br \/>\nLine: PLUS SIZE<br \/>\nTema: 2.CLASS<br \/>\nDesen: D\u00fcz<br \/>\nBel: Lastikli<br \/>\nPa\u00e7a: Bol pa\u00e7a<br \/>\nSezon: Kampanya<br \/>\nTasar\u0131m D\u00f6nemi: 25-Yaz<br \/>\nEbat \/ Boy: 95 CM<br \/>\nKol Kal\u0131p: Takma<br \/>\nYaka: Dik<br \/>\nCep Detay: Yan Cep<br \/>\nKuma\u015f Grubu: Pamuk<br \/>\nKuma\u015f \u0130\u00e7eri\u011fi: %60 Viskon %30 Pamuk %10 Keten<\/p>\n","protected":false},"excerpt":{"rendered":"<p>Vizon-B\u00fczg\u00fc Detayl\u0131 B\u00fcy\u00fck Beden Keten Pantolonlu Tak\u0131m \u00fcr\u00fcn\u00fc ile modern ve rahat bir tarz yakalay\u0131n ALLDAY\u2019in Pantolonlu Tak\u0131m kategorisindeki di\u011fer modellerini ke\u015ffedin. Kombinini tamamlayacak Vizon-B\u00fczg\u00fc Detayl\u0131 B\u00fcy\u00fck Beden Keten Pantolonlu Tak\u0131m i\u00e7in hemen ke\u015ffedin! \u2014 Technical Details \u2014 Kal\u0131p: RELAX Malzeme T\u00fcr\u00fc: Dokuma Sezon Sat\u0131\u015f D\u00f6nemi: Yaz \u00dcr\u00fcn Ligi: A Kalite Line: PLUS SIZE Tema: [&hellip;]<\/p>\n","protected":false},"featured_media":215191,"comment_status":"open","ping_status":"closed","template":"","meta":[],"product_brand":[],"product_cat":[12700],"product_tag":[6761,7563,6765,7425],"class_list":{"0":"post-215201","1":"product","2":"type-product","3":"status-publish","4":"has-post-thumbnail","6":"product_cat-buyuk-beden","7":"product_tag-bol-paca","8":"product_tag-buyuk-beden","9":"product_tag-lastikli-bel","10":"product_tag-pamuk-karisimi","11":"pa_brand-allday","12":"pa_color-vizon","13":"pa_size-4749","14":"pa_size-4747","15":"pa_size-4746","16":"pa_size-4744","18":"first","19":"instock","20":"sale","21":"shipping-taxable","22":"purchasable","23":"product-type-variable"},"_links":{"self":[{"href":"https:\/\/mod.wisdar.net\/tr\/wp-json\/wp\/v2\/product\/215201","targetHints":{"allow":["GET"]}}],"collection":[{"href":"https:\/\/mod.wisdar.net\/tr\/wp-json\/wp\/v2\/product"}],"about":[{"href":"https:\/\/mod.wisdar.net\/tr\/wp-json\/wp\/v2\/types\/product"}],"replies":[{"embeddable":true,"href":"https:\/\/mod.wisdar.net\/tr\/wp-json\/wp\/v2\/comments?post=215201"}],"wp:featuredmedia":[{"embeddable":true,"href":"https:\/\/mod.wisdar.net\/tr\/wp-json\/wp\/v2\/media\/215191"}],"wp:attachment":[{"href":"https:\/\/mod.wisdar.net\/tr\/wp-json\/wp\/v2\/media?parent=215201"}],"wp:term":[{"taxonomy":"product_brand","embeddable":true,"href":"https:\/\/mod.wisdar.net\/tr\/wp-json\/wp\/v2\/product_brand?post=215201"},{"taxonomy":"product_cat","embeddable":true,"href":"https:\/\/mod.wisdar.net\/tr\/wp-json\/wp\/v2\/product_cat?post=215201"},{"taxonomy":"product_tag","embeddable":true,"href":"https:\/\/mod.wisdar.net\/tr\/wp-json\/wp\/v2\/product_tag?post=215201"}],"curies":[{"name":"wp","href":"https:\/\/api.w.org\/{rel}","templated":true}]}}