{"id":215232,"date":"2026-04-12T09:29:42","date_gmt":"2026-04-12T09:29:42","guid":{"rendered":"https:\/\/modesthanim.com\/product\/bej-yirtmac-detayli-modal-pantolonlu-takim\/"},"modified":"2026-04-12T09:29:55","modified_gmt":"2026-04-12T09:29:55","slug":"bej-yirtmac-detayli-modal-pantolonlu-takim","status":"publish","type":"product","link":"https:\/\/mod.wisdar.net\/tr\/urun\/bej-yirtmac-detayli-modal-pantolonlu-takim\/","title":{"rendered":"Bej-Y\u0131rtma\u00e7 Detayl\u0131 Modal Pantolonlu Tak\u0131m"},"content":{"rendered":"<p>Bej-Y\u0131rtma\u00e7 Detayl\u0131 Modal Pantolonlu Tak\u0131m \u00fcr\u00fcn\u00fc ile modern ve rahat bir tarz yakalay\u0131n ALLDAY\u2019in Pantolonlu Tak\u0131m kategorisindeki di\u011fer modellerini ke\u015ffedin. Kombinini tamamlayacak Bej-Y\u0131rtma\u00e7 Detayl\u0131 Modal Pantolonlu Tak\u0131m i\u00e7in hemen Ke\u015ffedin!<\/p>\n<p>\u2014 Technical Details \u2014<br \/>\nKal\u0131p: RELAX<br \/>\nMalzeme T\u00fcr\u00fc: Dokuma<br \/>\nSezon Sat\u0131\u015f D\u00f6nemi: Yaz<br \/>\n\u00dcr\u00fcn Ligi: A Kalite<br \/>\nLine: PLUS SIZE<br \/>\nTema: 1.COMFORT<br \/>\nDesen: D\u00fcz<br \/>\nBel: Lastikli<br \/>\nPa\u00e7a: Bol pa\u00e7a<br \/>\nSezon: 25-Yaz Rpt<br \/>\nTasar\u0131m D\u00f6nemi: 25-Yaz<br \/>\nEbat \/ Boy: 90 CM<br \/>\nKol Kal\u0131p: D\u00fc\u015f\u00fck<br \/>\nYaka: G\u00f6mlek<br \/>\nCep Detay: Gizli<br \/>\nKuma\u015f Grubu: Pamuk<br \/>\nKuma\u015f \u0130\u00e7eri\u011fi: %90 Modal %10 Pes<\/p>\n","protected":false},"excerpt":{"rendered":"<p>Bej-Y\u0131rtma\u00e7 Detayl\u0131 Modal Pantolonlu Tak\u0131m \u00fcr\u00fcn\u00fc ile modern ve rahat bir tarz yakalay\u0131n ALLDAY\u2019in Pantolonlu Tak\u0131m kategorisindeki di\u011fer modellerini ke\u015ffedin. Kombinini tamamlayacak Bej-Y\u0131rtma\u00e7 Detayl\u0131 Modal Pantolonlu Tak\u0131m i\u00e7in hemen Ke\u015ffedin! \u2014 Technical Details \u2014 Kal\u0131p: RELAX Malzeme T\u00fcr\u00fc: Dokuma Sezon Sat\u0131\u015f D\u00f6nemi: Yaz \u00dcr\u00fcn Ligi: A Kalite Line: PLUS SIZE Tema: 1.COMFORT Desen: D\u00fcz Bel: [&hellip;]<\/p>\n","protected":false},"featured_media":215225,"comment_status":"open","ping_status":"closed","template":"","meta":[],"product_brand":[],"product_cat":[12700],"product_tag":[6753,6761,7563,6765,6751],"class_list":{"0":"post-215232","1":"product","2":"type-product","3":"status-publish","4":"has-post-thumbnail","6":"product_cat-buyuk-beden","7":"product_tag-bej","8":"product_tag-bol-paca","9":"product_tag-buyuk-beden","10":"product_tag-lastikli-bel","11":"product_tag-rahat","12":"pa_brand-allday","13":"pa_color-bej","14":"pa_size-4749","15":"pa_size-4747","16":"pa_size-4746","17":"pa_size-4744","19":"first","20":"instock","21":"sale","22":"shipping-taxable","23":"purchasable","24":"product-type-variable"},"_links":{"self":[{"href":"https:\/\/mod.wisdar.net\/tr\/wp-json\/wp\/v2\/product\/215232","targetHints":{"allow":["GET"]}}],"collection":[{"href":"https:\/\/mod.wisdar.net\/tr\/wp-json\/wp\/v2\/product"}],"about":[{"href":"https:\/\/mod.wisdar.net\/tr\/wp-json\/wp\/v2\/types\/product"}],"replies":[{"embeddable":true,"href":"https:\/\/mod.wisdar.net\/tr\/wp-json\/wp\/v2\/comments?post=215232"}],"wp:featuredmedia":[{"embeddable":true,"href":"https:\/\/mod.wisdar.net\/tr\/wp-json\/wp\/v2\/media\/215225"}],"wp:attachment":[{"href":"https:\/\/mod.wisdar.net\/tr\/wp-json\/wp\/v2\/media?parent=215232"}],"wp:term":[{"taxonomy":"product_brand","embeddable":true,"href":"https:\/\/mod.wisdar.net\/tr\/wp-json\/wp\/v2\/product_brand?post=215232"},{"taxonomy":"product_cat","embeddable":true,"href":"https:\/\/mod.wisdar.net\/tr\/wp-json\/wp\/v2\/product_cat?post=215232"},{"taxonomy":"product_tag","embeddable":true,"href":"https:\/\/mod.wisdar.net\/tr\/wp-json\/wp\/v2\/product_tag?post=215232"}],"curies":[{"name":"wp","href":"https:\/\/api.w.org\/{rel}","templated":true}]}}