{"id":21524,"date":"2025-11-02T14:50:06","date_gmt":"2025-11-02T14:50:06","guid":{"rendered":"https:\/\/modesthanim.com\/product\/floral-desen-viskon-bluz-murdum\/"},"modified":"2026-03-06T12:21:16","modified_gmt":"2026-03-06T12:21:16","slug":"floral-desen-viskon-bluz-murdum","status":"publish","type":"product","link":"https:\/\/mod.wisdar.net\/tr\/urun\/floral-desen-viskon-bluz-murdum\/","title":{"rendered":"Floral Desen Viskon Bluz \u2013 M\u00fcrd\u00fcm"},"content":{"rendered":"<p>Hafif ve ak\u0131\u015fkan viskon kuma\u015f\u0131yla konfor sunan bu bluz, zarif floral deseniyle romantik bir hava kat\u0131yor. Nefes alabilen yap\u0131s\u0131yla g\u00fcn boyu rahat bir kullan\u0131m sa\u011flarken, \u015f\u0131k tasar\u0131m\u0131 her kombine uyum sa\u011fl\u0131yor.<\/p>\n<p>\u2014 Teknik Detaylar \u2014<br \/>\nDesen: Floral Desen<br \/>\nYaka Tipi: Hakim Yaka<br \/>\nKol Tipi: Uzun Kol<br \/>\nCep: Cepsiz<br \/>\nAstar: Astars\u0131z<br \/>\n\u00dcr\u00fcn Boyu: 65 cm<br \/>\nKal\u0131p Tipi: Normal Kal\u0131p<br \/>\nMankenin Giydi\u011fi Beden: 38<br \/>\nManken \u00d6l\u00e7\u00fcleri: Boy: 176 cm, G\u00f6\u011f\u00fcs: 75 cm, Bel: 59 cm, Basen: 90 cm<\/p>\n","protected":false},"excerpt":{"rendered":"<p>Hafif ve ak\u0131\u015fkan viskon kuma\u015f\u0131yla konfor sunan bu bluz, zarif floral deseniyle romantik bir hava kat\u0131yor. Nefes alabilen yap\u0131s\u0131yla g\u00fcn boyu rahat bir kullan\u0131m sa\u011flarken, \u015f\u0131k tasar\u0131m\u0131 her kombine uyum sa\u011fl\u0131yor. \u2014 Teknik Detaylar \u2014 Desen: Floral Desen Yaka Tipi: Hakim Yaka Kol Tipi: Uzun Kol Cep: Cepsiz Astar: Astars\u0131z \u00dcr\u00fcn Boyu: 65 cm Kal\u0131p [&hellip;]<\/p>\n","protected":false},"featured_media":0,"comment_status":"open","ping_status":"closed","template":"","meta":[],"product_brand":[],"product_cat":[1909],"product_tag":[],"class_list":{"0":"post-21524","1":"product","2":"type-product","3":"status-publish","5":"product_cat-bluzlar-ve-gomlekler","6":"pa_color-murdum","7":"pa_size-4706","8":"pa_size-4711","9":"pa_size-4713","10":"pa_size-4751","11":"pa_size-4749","12":"pa_size-4747","14":"first","15":"instock","16":"sale","17":"shipping-taxable","18":"purchasable","19":"product-type-variable"},"_links":{"self":[{"href":"https:\/\/mod.wisdar.net\/tr\/wp-json\/wp\/v2\/product\/21524","targetHints":{"allow":["GET"]}}],"collection":[{"href":"https:\/\/mod.wisdar.net\/tr\/wp-json\/wp\/v2\/product"}],"about":[{"href":"https:\/\/mod.wisdar.net\/tr\/wp-json\/wp\/v2\/types\/product"}],"replies":[{"embeddable":true,"href":"https:\/\/mod.wisdar.net\/tr\/wp-json\/wp\/v2\/comments?post=21524"}],"wp:attachment":[{"href":"https:\/\/mod.wisdar.net\/tr\/wp-json\/wp\/v2\/media?parent=21524"}],"wp:term":[{"taxonomy":"product_brand","embeddable":true,"href":"https:\/\/mod.wisdar.net\/tr\/wp-json\/wp\/v2\/product_brand?post=21524"},{"taxonomy":"product_cat","embeddable":true,"href":"https:\/\/mod.wisdar.net\/tr\/wp-json\/wp\/v2\/product_cat?post=21524"},{"taxonomy":"product_tag","embeddable":true,"href":"https:\/\/mod.wisdar.net\/tr\/wp-json\/wp\/v2\/product_tag?post=21524"}],"curies":[{"name":"wp","href":"https:\/\/api.w.org\/{rel}","templated":true}]}}