{"id":21531,"date":"2025-11-02T14:50:10","date_gmt":"2025-11-02T14:50:10","guid":{"rendered":"https:\/\/modesthanim.com\/product\/kemerli-bel-ekip-yaka-bluz-hardal\/"},"modified":"2026-04-14T05:32:28","modified_gmt":"2026-04-14T05:32:28","slug":"kemerli-bel-ekip-yaka-bluz-hardal","status":"publish","type":"product","link":"https:\/\/mod.wisdar.net\/tr\/urun\/kemerli-bel-ekip-yaka-bluz-hardal\/","title":{"rendered":"Kemerli Bel Ekip Yaka Bluz \u2013 Hardal"},"content":{"rendered":"<p>Kemerli beli ve ekip yaka tasar\u0131m\u0131 ile modern bir g\u00f6r\u00fcn\u00fcme sahip olan bu bluz, \u015f\u0131k ve zarif bir stil sunar. Kemer detay\u0131, belinizi vurgulayarak feminen bir siluet olu\u015ftururken, minimal yakas\u0131 basit ve sofistike bir hava katar.<\/p>\n<p>\u2014 Teknik Detaylar \u2014<br \/>\nDesen: D\u00fcz<br \/>\nYaka Tipi: Ekip Yaka<br \/>\nKol Tipi: Uzun Kol<br \/>\nCep: Cepsiz<br \/>\nAstar: Astars\u0131z<br \/>\n\u00dcr\u00fcn Uzunlu\u011fu: 65 cm<br \/>\nKal\u0131p T\u00fcr\u00fc: Normal Kal\u0131p<br \/>\nModelin Giydi\u011fi Beden: 38<br \/>\nModel \u00d6l\u00e7\u00fcleri: {&#8216;Boy&#8217;: &#8216;175 cm&#8217;, &#8216;G\u00f6\u011f\u00fcs&#8217;: &#8217;82 cm&#8217;, &#8216;Bel&#8217;: &#8217;60 cm&#8217;, &#8216;Kal\u00e7a&#8217;: &#8217;90 cm&#8217;}<br \/>\nBeden Tablosu: {&#8217;38&#8217;: {&#8216;Omuz&#8217;: 39, &#8216;G\u00f6\u011f\u00fcs&#8217;: 100, &#8216;Bel&#8217;: 106, &#8216;Kal\u00e7a&#8217;: 114, &#8216;Boy&#8217;: 65, &#8216;Kol Uzunlu\u011fu&#8217;: 61}, &#8217;40&#8217;: {&#8216;Omuz&#8217;: 39.5, &#8216;G\u00f6\u011f\u00fcs&#8217;: 104, &#8216;Bel&#8217;: 110, &#8216;Kal\u00e7a&#8217;: 118, &#8216;Boy&#8217;: 65.5, &#8216;Kol Uzunlu\u011fu&#8217;: 61.5}, &#8217;42&#8217;: {&#8216;Omuz&#8217;: 40, &#8216;G\u00f6\u011f\u00fcs&#8217;: 108, &#8216;Bel&#8217;: 114, &#8216;Kal\u00e7a&#8217;: 122, &#8216;Boy&#8217;: 66, &#8216;Kol Uzunlu\u011fu&#8217;: 62}, &#8217;44&#8217;: {&#8216;Omuz&#8217;: 40.5, &#8216;G\u00f6\u011f\u00fcs&#8217;: 112, &#8216;Bel&#8217;: 118, &#8216;Kal\u00e7a&#8217;: 126, &#8216;Boy&#8217;: 66.5, &#8216;Kol Uzunlu\u011fu&#8217;: 62.5}}<\/p>\n","protected":false},"excerpt":{"rendered":"<p>Kemerli beli ve ekip yaka tasar\u0131m\u0131 ile modern bir g\u00f6r\u00fcn\u00fcme sahip olan bu bluz, \u015f\u0131k ve zarif bir stil sunar. Kemer detay\u0131, belinizi vurgulayarak feminen bir siluet olu\u015ftururken, minimal yakas\u0131 basit ve sofistike bir hava katar. \u2014 Teknik Detaylar \u2014 Desen: D\u00fcz Yaka Tipi: Ekip Yaka Kol Tipi: Uzun Kol Cep: Cepsiz Astar: Astars\u0131z \u00dcr\u00fcn [&hellip;]<\/p>\n","protected":false},"featured_media":21497,"comment_status":"open","ping_status":"closed","template":"","meta":[],"product_brand":[],"product_cat":[1909],"product_tag":[],"class_list":{"0":"post-21531","1":"product","2":"type-product","3":"status-publish","4":"has-post-thumbnail","6":"product_cat-bluzlar-ve-gomlekler","7":"pa_brand-tugba","8":"pa_color-hardal","9":"pa_size-4706","10":"pa_size-4711","11":"pa_size-4713","12":"pa_size-4751","14":"first","15":"instock","16":"sale","17":"shipping-taxable","18":"purchasable","19":"product-type-variable"},"_links":{"self":[{"href":"https:\/\/mod.wisdar.net\/tr\/wp-json\/wp\/v2\/product\/21531","targetHints":{"allow":["GET"]}}],"collection":[{"href":"https:\/\/mod.wisdar.net\/tr\/wp-json\/wp\/v2\/product"}],"about":[{"href":"https:\/\/mod.wisdar.net\/tr\/wp-json\/wp\/v2\/types\/product"}],"replies":[{"embeddable":true,"href":"https:\/\/mod.wisdar.net\/tr\/wp-json\/wp\/v2\/comments?post=21531"}],"wp:featuredmedia":[{"embeddable":true,"href":"https:\/\/mod.wisdar.net\/tr\/wp-json\/wp\/v2\/media\/21497"}],"wp:attachment":[{"href":"https:\/\/mod.wisdar.net\/tr\/wp-json\/wp\/v2\/media?parent=21531"}],"wp:term":[{"taxonomy":"product_brand","embeddable":true,"href":"https:\/\/mod.wisdar.net\/tr\/wp-json\/wp\/v2\/product_brand?post=21531"},{"taxonomy":"product_cat","embeddable":true,"href":"https:\/\/mod.wisdar.net\/tr\/wp-json\/wp\/v2\/product_cat?post=21531"},{"taxonomy":"product_tag","embeddable":true,"href":"https:\/\/mod.wisdar.net\/tr\/wp-json\/wp\/v2\/product_tag?post=21531"}],"curies":[{"name":"wp","href":"https:\/\/api.w.org\/{rel}","templated":true}]}}