{"id":215379,"date":"2026-04-12T09:30:55","date_gmt":"2026-04-12T09:30:55","guid":{"rendered":"https:\/\/modesthanim.com\/product\/tas-buyuk-beden-pantolonlu-takim\/"},"modified":"2026-04-12T09:31:08","modified_gmt":"2026-04-12T09:31:08","slug":"tas-buyuk-beden-pantolonlu-takim","status":"publish","type":"product","link":"https:\/\/mod.wisdar.net\/tr\/urun\/tas-buyuk-beden-pantolonlu-takim\/","title":{"rendered":"Ta\u015f-B\u00fcy\u00fck Beden Pantolonlu Tak\u0131m"},"content":{"rendered":"<p>Ta\u015f-B\u00fcy\u00fck Beden Pantolonlu Tak\u0131m \u00fcr\u00fcn\u00fc ile modern ve rahat bir tarz yakalay\u0131n ALLDAY\u2019in Pantolonlu Tak\u0131m kategorisindeki di\u011fer modellerini ke\u015ffedin. Kombinini tamamlayacak Ta\u015f-B\u00fcy\u00fck Beden Pantolonlu Tak\u0131m i\u00e7in hemen Ke\u015ffedin!<\/p>\n<p>\u2014 Technical Details \u2014<br \/>\nKal\u0131p: RELAX<br \/>\nMalzeme T\u00fcr\u00fc: \u00d6rme<br \/>\nSezon Sat\u0131\u015f D\u00f6nemi: Yaz<br \/>\n\u00dcr\u00fcn Ligi: A Kalite<br \/>\nLine: PLUS SIZE<br \/>\nTema: 2.CLASS<br \/>\nDesen: D\u00fcz<br \/>\nBel: Lastikli<br \/>\nPa\u00e7a: Bol pa\u00e7a<br \/>\nSezon: Kampanya<br \/>\nTasar\u0131m D\u00f6nemi: 25-Yaz<br \/>\nEbat \/ Boy: 85 CM<br \/>\nKol Kal\u0131p: D\u00fc\u015f\u00fck<br \/>\nYaka: Bisiklet<br \/>\nCep Detay: Cepsiz<br \/>\nKuma\u015f Grubu: Pamuk<br \/>\nKuma\u015f \u0130\u00e7eri\u011fi: %94 Modal %6 Ea<\/p>\n","protected":false},"excerpt":{"rendered":"<p>Ta\u015f-B\u00fcy\u00fck Beden Pantolonlu Tak\u0131m \u00fcr\u00fcn\u00fc ile modern ve rahat bir tarz yakalay\u0131n ALLDAY\u2019in Pantolonlu Tak\u0131m kategorisindeki di\u011fer modellerini ke\u015ffedin. Kombinini tamamlayacak Ta\u015f-B\u00fcy\u00fck Beden Pantolonlu Tak\u0131m i\u00e7in hemen Ke\u015ffedin! \u2014 Technical Details \u2014 Kal\u0131p: RELAX Malzeme T\u00fcr\u00fc: \u00d6rme Sezon Sat\u0131\u015f D\u00f6nemi: Yaz \u00dcr\u00fcn Ligi: A Kalite Line: PLUS SIZE Tema: 2.CLASS Desen: D\u00fcz Bel: Lastikli Pa\u00e7a: [&hellip;]<\/p>\n","protected":false},"featured_media":215369,"comment_status":"open","ping_status":"closed","template":"","meta":[],"product_brand":[],"product_cat":[12700],"product_tag":[7563,7547,6845,6751],"class_list":{"0":"post-215379","1":"product","2":"type-product","3":"status-publish","4":"has-post-thumbnail","6":"product_cat-buyuk-beden","7":"product_tag-buyuk-beden","8":"product_tag-kadin-giyim","9":"product_tag-modern-stil","10":"product_tag-rahat","11":"pa_brand-allday","12":"pa_color-tas","13":"pa_size-4749","14":"pa_size-4747","15":"pa_size-4746","16":"pa_size-4744","18":"first","19":"instock","20":"sale","21":"shipping-taxable","22":"purchasable","23":"product-type-variable"},"_links":{"self":[{"href":"https:\/\/mod.wisdar.net\/tr\/wp-json\/wp\/v2\/product\/215379","targetHints":{"allow":["GET"]}}],"collection":[{"href":"https:\/\/mod.wisdar.net\/tr\/wp-json\/wp\/v2\/product"}],"about":[{"href":"https:\/\/mod.wisdar.net\/tr\/wp-json\/wp\/v2\/types\/product"}],"replies":[{"embeddable":true,"href":"https:\/\/mod.wisdar.net\/tr\/wp-json\/wp\/v2\/comments?post=215379"}],"wp:featuredmedia":[{"embeddable":true,"href":"https:\/\/mod.wisdar.net\/tr\/wp-json\/wp\/v2\/media\/215369"}],"wp:attachment":[{"href":"https:\/\/mod.wisdar.net\/tr\/wp-json\/wp\/v2\/media?parent=215379"}],"wp:term":[{"taxonomy":"product_brand","embeddable":true,"href":"https:\/\/mod.wisdar.net\/tr\/wp-json\/wp\/v2\/product_brand?post=215379"},{"taxonomy":"product_cat","embeddable":true,"href":"https:\/\/mod.wisdar.net\/tr\/wp-json\/wp\/v2\/product_cat?post=215379"},{"taxonomy":"product_tag","embeddable":true,"href":"https:\/\/mod.wisdar.net\/tr\/wp-json\/wp\/v2\/product_tag?post=215379"}],"curies":[{"name":"wp","href":"https:\/\/api.w.org\/{rel}","templated":true}]}}