{"id":215567,"date":"2026-04-12T09:32:41","date_gmt":"2026-04-12T09:32:41","guid":{"rendered":"https:\/\/modesthanim.com\/product\/vizon-serit-dantel-detayli-modal-gomlek-tunik\/"},"modified":"2026-04-12T09:32:54","modified_gmt":"2026-04-12T09:32:54","slug":"vizon-serit-dantel-detayli-modal-gomlek-tunik","status":"publish","type":"product","link":"https:\/\/mod.wisdar.net\/tr\/urun\/vizon-serit-dantel-detayli-modal-gomlek-tunik\/","title":{"rendered":"Vizon-\u015eerit Dantel Detayl\u0131 Modal G\u00f6mlek Tunik"},"content":{"rendered":"<p>Vizon-\u015eerit Dantel Detayl\u0131 Modal G\u00f6mlek Tunik \u00fcr\u00fcn\u00fc ile modern ve rahat bir tarz yakalay\u0131n ALLDAY\u2019in G\u00f6mlek Tunik kategorisindeki di\u011fer modellerini ke\u015ffedin. Kombinini tamamlayacak Vizon-\u015eerit Dantel Detayl\u0131 Modal G\u00f6mlek Tunik i\u00e7in hemen Ke\u015ffedin!<\/p>\n<p>\u2014 Technical Details \u2014<br \/>\nSezon: 25-Yaz Rpt<br \/>\nKuma\u015f \u0130\u00e7eri\u011fi: %84 CMD %16 PES<br \/>\nCep Detay: Kapaks\u0131z cep<br \/>\nYaka: G\u00f6mlek<br \/>\nKol Kal\u0131p: D\u00fc\u015f\u00fck<br \/>\nEbat \/ Boy: 105 CM<br \/>\nTasar\u0131m D\u00f6nemi: 25-Yaz<br \/>\nKal\u0131p: RELAX<br \/>\nBel: Y\u0131rtma\u00e7l\u0131<br \/>\nDesen: D\u00fcz<br \/>\nTema: 1.COMFORT<br \/>\nLine: PLUS SIZE<br \/>\n\u00dcr\u00fcn Ligi: A Kalite<br \/>\nSezon Sat\u0131\u015f D\u00f6nemi: Yaz<br \/>\nMalzeme T\u00fcr\u00fc: Dokuma<\/p>\n","protected":false},"excerpt":{"rendered":"<p>Vizon-\u015eerit Dantel Detayl\u0131 Modal G\u00f6mlek Tunik \u00fcr\u00fcn\u00fc ile modern ve rahat bir tarz yakalay\u0131n ALLDAY\u2019in G\u00f6mlek Tunik kategorisindeki di\u011fer modellerini ke\u015ffedin. Kombinini tamamlayacak Vizon-\u015eerit Dantel Detayl\u0131 Modal G\u00f6mlek Tunik i\u00e7in hemen Ke\u015ffedin! \u2014 Technical Details \u2014 Sezon: 25-Yaz Rpt Kuma\u015f \u0130\u00e7eri\u011fi: %84 CMD %16 PES Cep Detay: Kapaks\u0131z cep Yaka: G\u00f6mlek Kol Kal\u0131p: D\u00fc\u015f\u00fck Ebat [&hellip;]<\/p>\n","protected":false},"featured_media":215557,"comment_status":"open","ping_status":"closed","template":"","meta":[],"product_brand":[],"product_cat":[12700],"product_tag":[7563,7623],"class_list":{"0":"post-215567","1":"product","2":"type-product","3":"status-publish","4":"has-post-thumbnail","6":"product_cat-buyuk-beden","7":"product_tag-buyuk-beden","8":"product_tag-dantel-detayli","9":"pa_brand-allday","10":"pa_color-vizon","11":"pa_size-4749","12":"pa_size-4747","13":"pa_size-4746","14":"pa_size-4744","16":"first","17":"instock","18":"sale","19":"shipping-taxable","20":"purchasable","21":"product-type-variable"},"_links":{"self":[{"href":"https:\/\/mod.wisdar.net\/tr\/wp-json\/wp\/v2\/product\/215567","targetHints":{"allow":["GET"]}}],"collection":[{"href":"https:\/\/mod.wisdar.net\/tr\/wp-json\/wp\/v2\/product"}],"about":[{"href":"https:\/\/mod.wisdar.net\/tr\/wp-json\/wp\/v2\/types\/product"}],"replies":[{"embeddable":true,"href":"https:\/\/mod.wisdar.net\/tr\/wp-json\/wp\/v2\/comments?post=215567"}],"wp:featuredmedia":[{"embeddable":true,"href":"https:\/\/mod.wisdar.net\/tr\/wp-json\/wp\/v2\/media\/215557"}],"wp:attachment":[{"href":"https:\/\/mod.wisdar.net\/tr\/wp-json\/wp\/v2\/media?parent=215567"}],"wp:term":[{"taxonomy":"product_brand","embeddable":true,"href":"https:\/\/mod.wisdar.net\/tr\/wp-json\/wp\/v2\/product_brand?post=215567"},{"taxonomy":"product_cat","embeddable":true,"href":"https:\/\/mod.wisdar.net\/tr\/wp-json\/wp\/v2\/product_cat?post=215567"},{"taxonomy":"product_tag","embeddable":true,"href":"https:\/\/mod.wisdar.net\/tr\/wp-json\/wp\/v2\/product_tag?post=215567"}],"curies":[{"name":"wp","href":"https:\/\/api.w.org\/{rel}","templated":true}]}}