{"id":21560,"date":"2025-11-02T14:50:58","date_gmt":"2025-11-02T14:50:58","guid":{"rendered":"https:\/\/modesthanim.com\/product\/brit-dugmeli-gomlek-mavi\/"},"modified":"2026-04-02T21:03:06","modified_gmt":"2026-04-02T21:03:06","slug":"brit-dugmeli-gomlek-mavi","status":"publish","type":"product","link":"https:\/\/mod.wisdar.net\/tr\/urun\/brit-dugmeli-gomlek-mavi\/","title":{"rendered":"Brit D\u00fc\u011fmeli G\u00f6mlek \u2013 Mavi"},"content":{"rendered":"<p>G\u00fcnl\u00fck kombinlerden ofis \u015f\u0131kl\u0131\u011f\u0131na kadar geni\u015f bir kullan\u0131m alan\u0131na sahip olan bu g\u00f6mlek, gard\u0131robunuzun vazge\u00e7ilmez par\u00e7alar\u0131ndan biri olmaya aday!<\/p>\n<p>Kuma\u015f \u0130\u00e7eri\u011fi: %100 Pamuk<br \/>\nDesen: D\u00fcz<br \/>\nYaka Tipi: G\u00f6mlek Yaka<br \/>\nKol Tipi: Uzun Kol<br \/>\nCep: Cepsiz<br \/>\nAstar: Astars\u0131z<br \/>\n\u00dcr\u00fcn Boyu: 80 cm<br \/>\nKal\u0131p Tipi: Rahat Kal\u0131p<br \/>\nMankenin Giydi\u011fi Beden: 36<br \/>\nManken \u00d6l\u00e7\u00fcleri: Boy: 174 cm, G\u00f6\u011f\u00fcs: 83 cm, Bel: 57 cm, Basen: 88 cm<\/p>\n<p>\u2014 Technical Details \u2014<br \/>\nDesen: D\u00fcz<br \/>\nYaka Tipi: G\u00f6mlek Yaka<br \/>\nKol Tipi: Uzun Kol<br \/>\nCep: Cepsiz<br \/>\nAstar: Astars\u0131z<br \/>\n\u00dcr\u00fcn Boyu: 80 cm<br \/>\nKal\u0131p Tipi: Rahat Kal\u0131p<br \/>\nMankenin Giydi\u011fi Beden: 36<br \/>\nManken \u00d6l\u00e7\u00fcleri: Boy: 174 cm, G\u00f6\u011f\u00fcs: 83 cm, Bel: 57 cm, Basen: 88 cm<\/p>\n","protected":false},"excerpt":{"rendered":"<p>G\u00fcnl\u00fck kombinlerden ofis \u015f\u0131kl\u0131\u011f\u0131na kadar geni\u015f bir kullan\u0131m alan\u0131na sahip olan bu g\u00f6mlek, gard\u0131robunuzun vazge\u00e7ilmez par\u00e7alar\u0131ndan biri olmaya aday! Kuma\u015f \u0130\u00e7eri\u011fi: %100 Pamuk Desen: D\u00fcz Yaka Tipi: G\u00f6mlek Yaka Kol Tipi: Uzun Kol Cep: Cepsiz Astar: Astars\u0131z \u00dcr\u00fcn Boyu: 80 cm Kal\u0131p Tipi: Rahat Kal\u0131p Mankenin Giydi\u011fi Beden: 36 Manken \u00d6l\u00e7\u00fcleri: Boy: 174 cm, G\u00f6\u011f\u00fcs: [&hellip;]<\/p>\n","protected":false},"featured_media":21541,"comment_status":"open","ping_status":"closed","template":"","meta":[],"product_brand":[],"product_cat":[1909],"product_tag":[4905,7419,6754,7488],"class_list":{"0":"post-21560","1":"product","2":"type-product","3":"status-publish","4":"has-post-thumbnail","6":"product_cat-bluzlar-ve-gomlekler","7":"product_tag-blue","8":"product_tag-gunluk","9":"product_tag-ofis-kiyafeti","10":"product_tag-pamuk","11":"pa_brand-tugba","12":"pa_color-mavi","13":"pa_size-4701","14":"pa_size-4706","15":"pa_size-4711","16":"pa_size-4713","18":"first","19":"instock","20":"sale","21":"shipping-taxable","22":"purchasable","23":"product-type-variable"},"_links":{"self":[{"href":"https:\/\/mod.wisdar.net\/tr\/wp-json\/wp\/v2\/product\/21560","targetHints":{"allow":["GET"]}}],"collection":[{"href":"https:\/\/mod.wisdar.net\/tr\/wp-json\/wp\/v2\/product"}],"about":[{"href":"https:\/\/mod.wisdar.net\/tr\/wp-json\/wp\/v2\/types\/product"}],"replies":[{"embeddable":true,"href":"https:\/\/mod.wisdar.net\/tr\/wp-json\/wp\/v2\/comments?post=21560"}],"wp:featuredmedia":[{"embeddable":true,"href":"https:\/\/mod.wisdar.net\/tr\/wp-json\/wp\/v2\/media\/21541"}],"wp:attachment":[{"href":"https:\/\/mod.wisdar.net\/tr\/wp-json\/wp\/v2\/media?parent=21560"}],"wp:term":[{"taxonomy":"product_brand","embeddable":true,"href":"https:\/\/mod.wisdar.net\/tr\/wp-json\/wp\/v2\/product_brand?post=21560"},{"taxonomy":"product_cat","embeddable":true,"href":"https:\/\/mod.wisdar.net\/tr\/wp-json\/wp\/v2\/product_cat?post=21560"},{"taxonomy":"product_tag","embeddable":true,"href":"https:\/\/mod.wisdar.net\/tr\/wp-json\/wp\/v2\/product_tag?post=21560"}],"curies":[{"name":"wp","href":"https:\/\/api.w.org\/{rel}","templated":true}]}}