{"id":215637,"date":"2026-04-12T09:33:16","date_gmt":"2026-04-12T09:33:16","guid":{"rendered":"https:\/\/modesthanim.com\/product\/siyah-zincir-nakisli-kolu-lastikli-gomlek-tunik\/"},"modified":"2026-04-12T09:33:29","modified_gmt":"2026-04-12T09:33:29","slug":"siyah-zincir-nakisli-kolu-lastikli-gomlek-tunik","status":"publish","type":"product","link":"https:\/\/mod.wisdar.net\/tr\/urun\/siyah-zincir-nakisli-kolu-lastikli-gomlek-tunik\/","title":{"rendered":"Siyah-Zincir Nak\u0131\u015fl\u0131 Kolu Lastikli G\u00f6mlek Tunik"},"content":{"rendered":"<p>Siyah-Zincir Nak\u0131\u015fl\u0131 Kolu Lastikli G\u00f6mlek Tunik \u00fcr\u00fcn\u00fc ile modern ve rahat bir tarz yakalay\u0131n ALLDAY&#8217;in G\u00f6mlek Tunik kategorisindeki di\u011fer modellerini ke\u015ffedin. Kombinini tamamlayacak Siyah-Zincir Nak\u0131\u015fl\u0131 Kolu Lastikli G\u00f6mlek Tunik i\u00e7in hemen Ke\u015ffedin!<\/p>\n<p>\u2014 Technical Details \u2014<br \/>\nSezon: 25-Yaz Rpt<br \/>\nKuma\u015f \u0130\u00e7eri\u011fi: %100 Viskon<br \/>\nCep Detay: Cepsiz<br \/>\nYaka: G\u00f6mlek<br \/>\nKol Kal\u0131p: Takma<br \/>\nEbat \/ Boy: 80 CM<br \/>\nTasar\u0131m D\u00f6nemi: 25-Yaz<br \/>\nKal\u0131p: RELAX<br \/>\nBel: Bel<br \/>\nDesen: D\u00fcz<br \/>\nTema: 2.CLASS<br \/>\nLine: PLUS SIZE<br \/>\n\u00dcr\u00fcn Ligi: A Kalite<br \/>\nSezon Sat\u0131\u015f D\u00f6nemi: Yaz<br \/>\nMalzeme T\u00fcr\u00fc: Dokuma<\/p>\n","protected":false},"excerpt":{"rendered":"<p>Siyah-Zincir Nak\u0131\u015fl\u0131 Kolu Lastikli G\u00f6mlek Tunik \u00fcr\u00fcn\u00fc ile modern ve rahat bir tarz yakalay\u0131n ALLDAY&#8217;in G\u00f6mlek Tunik kategorisindeki di\u011fer modellerini ke\u015ffedin. Kombinini tamamlayacak Siyah-Zincir Nak\u0131\u015fl\u0131 Kolu Lastikli G\u00f6mlek Tunik i\u00e7in hemen Ke\u015ffedin! \u2014 Technical Details \u2014 Sezon: 25-Yaz Rpt Kuma\u015f \u0130\u00e7eri\u011fi: %100 Viskon Cep Detay: Cepsiz Yaka: G\u00f6mlek Kol Kal\u0131p: Takma Ebat \/ Boy: 80 [&hellip;]<\/p>\n","protected":false},"featured_media":215628,"comment_status":"open","ping_status":"closed","template":"","meta":[],"product_brand":[],"product_cat":[12700],"product_tag":[7563,6888],"class_list":{"0":"post-215637","1":"product","2":"type-product","3":"status-publish","4":"has-post-thumbnail","6":"product_cat-buyuk-beden","7":"product_tag-buyuk-beden","8":"product_tag-elastik-kol","9":"pa_brand-allday","10":"pa_color-siyah","11":"pa_size-4749","12":"pa_size-4747","13":"pa_size-4746","14":"pa_size-4744","16":"first","17":"instock","18":"sale","19":"shipping-taxable","20":"purchasable","21":"product-type-variable"},"_links":{"self":[{"href":"https:\/\/mod.wisdar.net\/tr\/wp-json\/wp\/v2\/product\/215637","targetHints":{"allow":["GET"]}}],"collection":[{"href":"https:\/\/mod.wisdar.net\/tr\/wp-json\/wp\/v2\/product"}],"about":[{"href":"https:\/\/mod.wisdar.net\/tr\/wp-json\/wp\/v2\/types\/product"}],"replies":[{"embeddable":true,"href":"https:\/\/mod.wisdar.net\/tr\/wp-json\/wp\/v2\/comments?post=215637"}],"wp:featuredmedia":[{"embeddable":true,"href":"https:\/\/mod.wisdar.net\/tr\/wp-json\/wp\/v2\/media\/215628"}],"wp:attachment":[{"href":"https:\/\/mod.wisdar.net\/tr\/wp-json\/wp\/v2\/media?parent=215637"}],"wp:term":[{"taxonomy":"product_brand","embeddable":true,"href":"https:\/\/mod.wisdar.net\/tr\/wp-json\/wp\/v2\/product_brand?post=215637"},{"taxonomy":"product_cat","embeddable":true,"href":"https:\/\/mod.wisdar.net\/tr\/wp-json\/wp\/v2\/product_cat?post=215637"},{"taxonomy":"product_tag","embeddable":true,"href":"https:\/\/mod.wisdar.net\/tr\/wp-json\/wp\/v2\/product_tag?post=215637"}],"curies":[{"name":"wp","href":"https:\/\/api.w.org\/{rel}","templated":true}]}}