{"id":215712,"date":"2026-04-12T09:33:53","date_gmt":"2026-04-12T09:33:53","guid":{"rendered":"https:\/\/modesthanim.com\/product\/indigo-nakisli-gomlek-tunik\/"},"modified":"2026-04-12T09:34:07","modified_gmt":"2026-04-12T09:34:07","slug":"indigo-nakisli-gomlek-tunik","status":"publish","type":"product","link":"https:\/\/mod.wisdar.net\/tr\/urun\/indigo-nakisli-gomlek-tunik\/","title":{"rendered":"\u0130ndigo-Nak\u0131\u015fl\u0131 G\u00f6mlek Tunik"},"content":{"rendered":"<p>\u0130ndigo-Nak\u0131\u015fl\u0131 G\u00f6mlek Tunik \u00fcr\u00fcn\u00fc ile modern ve rahat bir tarz yakalay\u0131n ALLDAY\u2019in G\u00f6mlek Tunik kategorisindeki di\u011fer modellerini ke\u015ffedin. Kombinini tamamlayacak \u0130ndigo-Nak\u0131\u015fl\u0131 G\u00f6mlek Tunik i\u00e7in hemen Ke\u015ffedin!<\/p>\n<p>\u2014 Technical Details \u2014<br \/>\nSezon: 25-Yaz<br \/>\nKuma\u015f \u0130\u00e7eri\u011fi: %60 Viskon %30 Pamuk %10 Keten<br \/>\nCep Detay: Kapaks\u0131z cep<br \/>\nYaka: G\u00f6mlek<br \/>\nKol Kal\u0131p: D\u00fc\u015f\u00fck<br \/>\nEbat \/ Boy: 85 CM<br \/>\nTasar\u0131m D\u00f6nemi: 25-Yaz<br \/>\nKal\u0131p: RELAX<br \/>\nBel: Y\u0131rtma\u00e7l\u0131<br \/>\nDesen: Nak\u0131\u015fl\u0131<br \/>\nTema: 2.CLASS<br \/>\nLine: PLUS SIZE<br \/>\n\u00dcr\u00fcn Ligi: A Kalite<br \/>\nSezon Sat\u0131\u015f D\u00f6nemi: Yaz<br \/>\nMalzeme T\u00fcr\u00fc: Dokuma<\/p>\n","protected":false},"excerpt":{"rendered":"<p>\u0130ndigo-Nak\u0131\u015fl\u0131 G\u00f6mlek Tunik \u00fcr\u00fcn\u00fc ile modern ve rahat bir tarz yakalay\u0131n ALLDAY\u2019in G\u00f6mlek Tunik kategorisindeki di\u011fer modellerini ke\u015ffedin. Kombinini tamamlayacak \u0130ndigo-Nak\u0131\u015fl\u0131 G\u00f6mlek Tunik i\u00e7in hemen Ke\u015ffedin! \u2014 Technical Details \u2014 Sezon: 25-Yaz Kuma\u015f \u0130\u00e7eri\u011fi: %60 Viskon %30 Pamuk %10 Keten Cep Detay: Kapaks\u0131z cep Yaka: G\u00f6mlek Kol Kal\u0131p: D\u00fc\u015f\u00fck Ebat \/ Boy: 85 CM Tasar\u0131m [&hellip;]<\/p>\n","protected":false},"featured_media":215700,"comment_status":"open","ping_status":"closed","template":"","meta":[],"product_brand":[],"product_cat":[12700],"product_tag":[7563,4998,6882],"class_list":{"0":"post-215712","1":"product","2":"type-product","3":"status-publish","4":"has-post-thumbnail","6":"product_cat-buyuk-beden","7":"product_tag-buyuk-beden","8":"product_tag-indigo","9":"product_tag-rahat-kesim-2","10":"pa_brand-allday","11":"pa_color-indigo","12":"pa_size-4749","13":"pa_size-4747","14":"pa_size-4746","15":"pa_size-4744","17":"first","18":"instock","19":"sale","20":"shipping-taxable","21":"purchasable","22":"product-type-variable"},"_links":{"self":[{"href":"https:\/\/mod.wisdar.net\/tr\/wp-json\/wp\/v2\/product\/215712","targetHints":{"allow":["GET"]}}],"collection":[{"href":"https:\/\/mod.wisdar.net\/tr\/wp-json\/wp\/v2\/product"}],"about":[{"href":"https:\/\/mod.wisdar.net\/tr\/wp-json\/wp\/v2\/types\/product"}],"replies":[{"embeddable":true,"href":"https:\/\/mod.wisdar.net\/tr\/wp-json\/wp\/v2\/comments?post=215712"}],"wp:featuredmedia":[{"embeddable":true,"href":"https:\/\/mod.wisdar.net\/tr\/wp-json\/wp\/v2\/media\/215700"}],"wp:attachment":[{"href":"https:\/\/mod.wisdar.net\/tr\/wp-json\/wp\/v2\/media?parent=215712"}],"wp:term":[{"taxonomy":"product_brand","embeddable":true,"href":"https:\/\/mod.wisdar.net\/tr\/wp-json\/wp\/v2\/product_brand?post=215712"},{"taxonomy":"product_cat","embeddable":true,"href":"https:\/\/mod.wisdar.net\/tr\/wp-json\/wp\/v2\/product_cat?post=215712"},{"taxonomy":"product_tag","embeddable":true,"href":"https:\/\/mod.wisdar.net\/tr\/wp-json\/wp\/v2\/product_tag?post=215712"}],"curies":[{"name":"wp","href":"https:\/\/api.w.org\/{rel}","templated":true}]}}