{"id":215888,"date":"2026-04-12T09:35:22","date_gmt":"2026-04-12T09:35:22","guid":{"rendered":"https:\/\/modesthanim.com\/product\/vizon-manseti-kalin-ribanali-dugme-detayli-elbise\/"},"modified":"2026-04-12T09:35:34","modified_gmt":"2026-04-12T09:35:34","slug":"vizon-manseti-kalin-ribanali-dugme-detayli-elbise","status":"publish","type":"product","link":"https:\/\/mod.wisdar.net\/tr\/urun\/vizon-manseti-kalin-ribanali-dugme-detayli-elbise\/","title":{"rendered":"Vizon-Man\u015feti Kal\u0131n Ribanal\u0131 D\u00fc\u011fme Detayl\u0131 Elbise"},"content":{"rendered":"<p>Vizon-Man\u015feti Kal\u0131n Ribanal\u0131 D\u00fc\u011fme Detayl\u0131 Elbise \u00fcr\u00fcn\u00fc ile modern ve rahat bir tarz yakalay\u0131n ALLDAY\u2019in Elbise kategorisindeki di\u011fer modellerini ke\u015ffedin. Kombinini tamamlayacak Vizon-Man\u015feti Kal\u0131n Ribanal\u0131 D\u00fc\u011fme Detayl\u0131 Elbise i\u00e7in hemen Ke\u015ffedin!<\/p>\n<p>\u2014 Technical Details \u2014<br \/>\nKal\u0131p: RELAX<br \/>\nMalzeme T\u00fcr\u00fc: \u00d6rme<br \/>\nY\u0131kama Talimat\u0131: 30\u00b0 dereceye kadar y\u0131kama yap\u0131labilir<br \/>\nSezon Sat\u0131\u015f D\u00f6nemi: Yaz<br \/>\n\u00dcr\u00fcn Ligi: A Kalite<br \/>\nLine: PLUS SIZE<br \/>\nTema: 1.COMFORT<br \/>\nDesen: D\u00fcz<br \/>\nBel: Ribana<br \/>\nSezon: 25-Yaz<br \/>\nTasar\u0131m D\u00f6nemi: 25-Yaz<br \/>\nEbat \/ Boy: 140 CM<br \/>\nKol Kal\u0131p: D\u00fc\u015f\u00fck<br \/>\nYaka: Bisiklet<br \/>\nCep Detay: Cepsiz<br \/>\nKuma\u015f Grubu: Pamuk Polyester<br \/>\nKuma\u015f \u0130\u00e7eri\u011fi: %95 Pamuk %5 Lyc<\/p>\n","protected":false},"excerpt":{"rendered":"<p>Vizon-Man\u015feti Kal\u0131n Ribanal\u0131 D\u00fc\u011fme Detayl\u0131 Elbise \u00fcr\u00fcn\u00fc ile modern ve rahat bir tarz yakalay\u0131n ALLDAY\u2019in Elbise kategorisindeki di\u011fer modellerini ke\u015ffedin. Kombinini tamamlayacak Vizon-Man\u015feti Kal\u0131n Ribanal\u0131 D\u00fc\u011fme Detayl\u0131 Elbise i\u00e7in hemen Ke\u015ffedin! \u2014 Technical Details \u2014 Kal\u0131p: RELAX Malzeme T\u00fcr\u00fc: \u00d6rme Y\u0131kama Talimat\u0131: 30\u00b0 dereceye kadar y\u0131kama yap\u0131labilir Sezon Sat\u0131\u015f D\u00f6nemi: Yaz \u00dcr\u00fcn Ligi: A Kalite [&hellip;]<\/p>\n","protected":false},"featured_media":215883,"comment_status":"open","ping_status":"closed","template":"","meta":[],"product_brand":[],"product_cat":[12700],"product_tag":[7563,7643,6751,6877],"class_list":{"0":"post-215888","1":"product","2":"type-product","3":"status-publish","4":"has-post-thumbnail","6":"product_cat-buyuk-beden","7":"product_tag-buyuk-beden","8":"product_tag-fitilli","9":"product_tag-rahat","10":"product_tag-yaz-elbisesi","11":"pa_brand-allday","12":"pa_color-vizon","13":"pa_size-4749","14":"pa_size-4747","15":"pa_size-4746","16":"pa_size-4744","18":"first","19":"instock","20":"shipping-taxable","21":"purchasable","22":"product-type-variable"},"_links":{"self":[{"href":"https:\/\/mod.wisdar.net\/tr\/wp-json\/wp\/v2\/product\/215888","targetHints":{"allow":["GET"]}}],"collection":[{"href":"https:\/\/mod.wisdar.net\/tr\/wp-json\/wp\/v2\/product"}],"about":[{"href":"https:\/\/mod.wisdar.net\/tr\/wp-json\/wp\/v2\/types\/product"}],"replies":[{"embeddable":true,"href":"https:\/\/mod.wisdar.net\/tr\/wp-json\/wp\/v2\/comments?post=215888"}],"wp:featuredmedia":[{"embeddable":true,"href":"https:\/\/mod.wisdar.net\/tr\/wp-json\/wp\/v2\/media\/215883"}],"wp:attachment":[{"href":"https:\/\/mod.wisdar.net\/tr\/wp-json\/wp\/v2\/media?parent=215888"}],"wp:term":[{"taxonomy":"product_brand","embeddable":true,"href":"https:\/\/mod.wisdar.net\/tr\/wp-json\/wp\/v2\/product_brand?post=215888"},{"taxonomy":"product_cat","embeddable":true,"href":"https:\/\/mod.wisdar.net\/tr\/wp-json\/wp\/v2\/product_cat?post=215888"},{"taxonomy":"product_tag","embeddable":true,"href":"https:\/\/mod.wisdar.net\/tr\/wp-json\/wp\/v2\/product_tag?post=215888"}],"curies":[{"name":"wp","href":"https:\/\/api.w.org\/{rel}","templated":true}]}}