{"id":215923,"date":"2026-04-12T09:35:46","date_gmt":"2026-04-12T09:35:46","guid":{"rendered":"https:\/\/modesthanim.com\/product\/bej-etek-ucu-buzgulu-muslin-kap\/"},"modified":"2026-04-12T09:35:58","modified_gmt":"2026-04-12T09:35:58","slug":"bej-etek-ucu-buzgulu-muslin-kap","status":"publish","type":"product","link":"https:\/\/mod.wisdar.net\/tr\/urun\/bej-etek-ucu-buzgulu-muslin-kap\/","title":{"rendered":"Bej-Etek Ucu B\u00fczg\u00fcl\u00fc M\u00fcslin Kap"},"content":{"rendered":"<p>Bej-Etek Ucu B\u00fczg\u00fcl\u00fc M\u00fcslin Kap \u00fcr\u00fcn\u00fc ile modern ve rahat bir tarz yakalay\u0131n ALLDAY\u2019in Kap kategorisindeki di\u011fer modellerini ke\u015ffedin. Kombinini tamamlayacak Bej-Etek Ucu B\u00fczg\u00fcl\u00fc M\u00fcslin Kap i\u00e7in hemen Ke\u015ffedin!<\/p>\n<p>\u2014 Technical Details \u2014<br \/>\nSezon: 25-Yaz<br \/>\nKuma\u015f \u0130\u00e7eri\u011fi: %100 COT<br \/>\nKuma\u015f Grubu: Viskon Keten<br \/>\nCep Detay: Cepsiz<br \/>\nYaka: V Yaka<br \/>\nKol Kal\u0131p: Takma<br \/>\nEbat \/ Boy: 90 CM<br \/>\nTasar\u0131m D\u00f6nemi: 25-Yaz<br \/>\nKal\u0131p: RELAX<br \/>\nBel: Y\u0131rtma\u00e7l\u0131<br \/>\nDesen: D\u00fcz<br \/>\nTema: 2.CLASS<br \/>\nLine: PLUS SIZE<br \/>\n\u00dcr\u00fcn Ligi: A Kalite<br \/>\nSezon Sat\u0131\u015f D\u00f6nemi: Yaz<br \/>\nMalzeme T\u00fcr\u00fc: Dokuma<\/p>\n","protected":false},"excerpt":{"rendered":"<p>Bej-Etek Ucu B\u00fczg\u00fcl\u00fc M\u00fcslin Kap \u00fcr\u00fcn\u00fc ile modern ve rahat bir tarz yakalay\u0131n ALLDAY\u2019in Kap kategorisindeki di\u011fer modellerini ke\u015ffedin. Kombinini tamamlayacak Bej-Etek Ucu B\u00fczg\u00fcl\u00fc M\u00fcslin Kap i\u00e7in hemen Ke\u015ffedin! \u2014 Technical Details \u2014 Sezon: 25-Yaz Kuma\u015f \u0130\u00e7eri\u011fi: %100 COT Kuma\u015f Grubu: Viskon Keten Cep Detay: Cepsiz Yaka: V Yaka Kol Kal\u0131p: Takma Ebat \/ Boy: [&hellip;]<\/p>\n","protected":false},"featured_media":215917,"comment_status":"open","ping_status":"closed","template":"","meta":[],"product_brand":[],"product_cat":[12700],"product_tag":[7563],"class_list":{"0":"post-215923","1":"product","2":"type-product","3":"status-publish","4":"has-post-thumbnail","6":"product_cat-buyuk-beden","7":"product_tag-buyuk-beden","8":"pa_brand-allday","9":"pa_color-bej","10":"pa_size-4749","11":"pa_size-4747","12":"pa_size-4746","13":"pa_size-4744","15":"first","16":"instock","17":"shipping-taxable","18":"purchasable","19":"product-type-variable"},"_links":{"self":[{"href":"https:\/\/mod.wisdar.net\/tr\/wp-json\/wp\/v2\/product\/215923","targetHints":{"allow":["GET"]}}],"collection":[{"href":"https:\/\/mod.wisdar.net\/tr\/wp-json\/wp\/v2\/product"}],"about":[{"href":"https:\/\/mod.wisdar.net\/tr\/wp-json\/wp\/v2\/types\/product"}],"replies":[{"embeddable":true,"href":"https:\/\/mod.wisdar.net\/tr\/wp-json\/wp\/v2\/comments?post=215923"}],"wp:featuredmedia":[{"embeddable":true,"href":"https:\/\/mod.wisdar.net\/tr\/wp-json\/wp\/v2\/media\/215917"}],"wp:attachment":[{"href":"https:\/\/mod.wisdar.net\/tr\/wp-json\/wp\/v2\/media?parent=215923"}],"wp:term":[{"taxonomy":"product_brand","embeddable":true,"href":"https:\/\/mod.wisdar.net\/tr\/wp-json\/wp\/v2\/product_brand?post=215923"},{"taxonomy":"product_cat","embeddable":true,"href":"https:\/\/mod.wisdar.net\/tr\/wp-json\/wp\/v2\/product_cat?post=215923"},{"taxonomy":"product_tag","embeddable":true,"href":"https:\/\/mod.wisdar.net\/tr\/wp-json\/wp\/v2\/product_tag?post=215923"}],"curies":[{"name":"wp","href":"https:\/\/api.w.org\/{rel}","templated":true}]}}