{"id":215954,"date":"2026-04-12T09:35:59","date_gmt":"2026-04-12T09:35:59","guid":{"rendered":"https:\/\/modesthanim.com\/product\/lacivert-belden-kemerli-buyuk-beden-genis-paca-pantolon\/"},"modified":"2026-04-12T09:36:17","modified_gmt":"2026-04-12T09:36:17","slug":"lacivert-belden-kemerli-buyuk-beden-genis-paca-pantolon","status":"publish","type":"product","link":"https:\/\/mod.wisdar.net\/tr\/urun\/lacivert-belden-kemerli-buyuk-beden-genis-paca-pantolon\/","title":{"rendered":"Lacivert-Belden Kemerli B\u00fcy\u00fck Beden Geni\u015f Pa\u00e7a Pantolon"},"content":{"rendered":"<p>\u015e\u0131kl\u0131\u011f\u0131 detaylarda arayanlara \u00f6zel Lacivert-%100 Pamuklu Klo\u015f Etek ile zarif bir g\u00f6r\u00fcn\u00fcm yakalay\u0131n. G\u00fcnl\u00fck ve \u00f6zel kombinler i\u00e7in ideal tasar\u0131m<\/p>\n<p>\u2014 Technical Details \u2014<br \/>\nSezon: 26 YAZ<br \/>\nKuma\u015f \u0130\u00e7eri\u011fi: %82 CLY %18 PES<br \/>\nKuma\u015f Grubu: L\u0130YOSEL POLYESTER<br \/>\nCep Detay: Cepli<br \/>\nEbat \/ Boy: 110 CM<br \/>\nTasar\u0131m D\u00f6nemi: 26 SS<br \/>\nKal\u0131p: Geni\u015f Pa\u00e7a<br \/>\nBel: Lastikli<br \/>\nDesen: D\u00fcz<br \/>\nTema: 1.Tema<br \/>\nLine: PLUS SIZE<br \/>\n\u00dcr\u00fcn Ligi: A Kalite<br \/>\nSezon Sat\u0131\u015f D\u00f6nemi: Yaz<br \/>\nY\u0131kama Talimat\u0131: 30\u00b0 dereceye kadar y\u0131kama yap\u0131labilir<br \/>\nMalzeme T\u00fcr\u00fc: Dokuma<\/p>\n","protected":false},"excerpt":{"rendered":"<p>\u015e\u0131kl\u0131\u011f\u0131 detaylarda arayanlara \u00f6zel Lacivert-%100 Pamuklu Klo\u015f Etek ile zarif bir g\u00f6r\u00fcn\u00fcm yakalay\u0131n. G\u00fcnl\u00fck ve \u00f6zel kombinler i\u00e7in ideal tasar\u0131m \u2014 Technical Details \u2014 Sezon: 26 YAZ Kuma\u015f \u0130\u00e7eri\u011fi: %82 CLY %18 PES Kuma\u015f Grubu: L\u0130YOSEL POLYESTER Cep Detay: Cepli Ebat \/ Boy: 110 CM Tasar\u0131m D\u00f6nemi: 26 SS Kal\u0131p: Geni\u015f Pa\u00e7a Bel: Lastikli Desen: [&hellip;]<\/p>\n","protected":false},"featured_media":215949,"comment_status":"open","ping_status":"closed","template":"","meta":[],"product_brand":[],"product_cat":[12700],"product_tag":[4897,7729,7563,7238,7488],"class_list":{"0":"post-215954","1":"product","2":"type-product","3":"status-publish","4":"has-post-thumbnail","6":"product_cat-buyuk-beden","7":"product_tag-belted-waist","8":"product_tag-bol-paca-pantolon","9":"product_tag-buyuk-beden","10":"product_tag-lacivert","11":"product_tag-pamuk","12":"pa_brand-allday","13":"pa_color-lacivert","14":"pa_size-4751","15":"pa_size-4749","16":"pa_size-4747","17":"pa_size-4746","18":"pa_size-4744","20":"first","21":"instock","22":"sale","23":"shipping-taxable","24":"purchasable","25":"product-type-variable"},"_links":{"self":[{"href":"https:\/\/mod.wisdar.net\/tr\/wp-json\/wp\/v2\/product\/215954","targetHints":{"allow":["GET"]}}],"collection":[{"href":"https:\/\/mod.wisdar.net\/tr\/wp-json\/wp\/v2\/product"}],"about":[{"href":"https:\/\/mod.wisdar.net\/tr\/wp-json\/wp\/v2\/types\/product"}],"replies":[{"embeddable":true,"href":"https:\/\/mod.wisdar.net\/tr\/wp-json\/wp\/v2\/comments?post=215954"}],"wp:featuredmedia":[{"embeddable":true,"href":"https:\/\/mod.wisdar.net\/tr\/wp-json\/wp\/v2\/media\/215949"}],"wp:attachment":[{"href":"https:\/\/mod.wisdar.net\/tr\/wp-json\/wp\/v2\/media?parent=215954"}],"wp:term":[{"taxonomy":"product_brand","embeddable":true,"href":"https:\/\/mod.wisdar.net\/tr\/wp-json\/wp\/v2\/product_brand?post=215954"},{"taxonomy":"product_cat","embeddable":true,"href":"https:\/\/mod.wisdar.net\/tr\/wp-json\/wp\/v2\/product_cat?post=215954"},{"taxonomy":"product_tag","embeddable":true,"href":"https:\/\/mod.wisdar.net\/tr\/wp-json\/wp\/v2\/product_tag?post=215954"}],"curies":[{"name":"wp","href":"https:\/\/api.w.org\/{rel}","templated":true}]}}