{"id":21596,"date":"2025-11-02T14:51:51","date_gmt":"2025-11-02T14:51:51","guid":{"rendered":"https:\/\/modesthanim.com\/product\/elmas-dikis-detayli-cep-gomlegi-mercan\/"},"modified":"2026-04-10T16:22:55","modified_gmt":"2026-04-10T16:22:55","slug":"elmas-dikis-detayli-cep-gomlegi-mercan","status":"publish","type":"product","link":"https:\/\/mod.wisdar.net\/tr\/urun\/elmas-dikis-detayli-cep-gomlegi-mercan\/","title":{"rendered":"Elmas Diki\u015f Detayl\u0131 Cep G\u00f6mle\u011fi \u2013 Mercan"},"content":{"rendered":"<p>Elmas desenli diki\u015f detaylar\u0131 ile hareket kazanan bu g\u00f6mlek, cep detay\u0131 ile zarafeti i\u015flevsellikle birle\u015ftirir. Modern ve orijinal tasar\u0131m\u0131 ile basit kombinlere karakter katar. G\u00fcnl\u00fck stilinize fark katmak i\u00e7in ideal bir par\u00e7ad\u0131r.<\/p>\n<p>\u2014 Teknik Detaylar \u2014<br \/>\nDesen: D\u00fcz<br \/>\nYaka Tipi: G\u00f6mlek Yakas\u0131<br \/>\nKol Tipi: D\u00fc\u015f\u00fck Kol<br \/>\nCep: Aplike Cep<br \/>\nAstar: Astars\u0131z<br \/>\n\u00dcr\u00fcn Uzunlu\u011fu: 70 cm<br \/>\nDesen Tipi: Rahat Kesim<br \/>\nModelin Giydi\u011fi Beden: 36<br \/>\nModel \u00d6l\u00e7\u00fcleri: {&#8216;Boy&#8217;: &#8216;175 cm&#8217;, &#8216;G\u00f6\u011f\u00fcs&#8217;: &#8217;80 cm&#8217;, &#8216;Bel&#8217;: &#8217;62 cm&#8217;, &#8216;Kal\u00e7a&#8217;: &#8217;90 cm&#8217;}<br \/>\nBeden Tablosu: {&#8217;36&#8217;: {&#8216;Omuz&#8217;: 55, &#8216;G\u00f6\u011f\u00fcs&#8217;: 118, &#8216;Bel&#8217;: 118, &#8216;Boy&#8217;: 69.5, &#8216;Kol Uzunlu\u011fu&#8217;: 50.5}, &#8217;38&#8217;: {&#8216;Omuz&#8217;: 55.5, &#8216;G\u00f6\u011f\u00fcs&#8217;: 122, &#8216;Bel&#8217;: 122, &#8216;Boy&#8217;: 70, &#8216;Kol Uzunlu\u011fu&#8217;: 51}, &#8217;40&#8217;: {&#8216;Omuz&#8217;: 56, &#8216;G\u00f6\u011f\u00fcs&#8217;: 126, &#8216;Bel&#8217;: 126, &#8216;Boy&#8217;: 70.5, &#8216;Kol Uzunlu\u011fu&#8217;: 51.5}, &#8217;42&#8217;: {&#8216;Omuz&#8217;: 56.5, &#8216;G\u00f6\u011f\u00fcs&#8217;: 130, &#8216;Bel&#8217;: 130, &#8216;Boy&#8217;: 71, &#8216;Kol Uzunlu\u011fu&#8217;: 52}}<\/p>\n","protected":false},"excerpt":{"rendered":"<p>Elmas desenli diki\u015f detaylar\u0131 ile hareket kazanan bu g\u00f6mlek, cep detay\u0131 ile zarafeti i\u015flevsellikle birle\u015ftirir. Modern ve orijinal tasar\u0131m\u0131 ile basit kombinlere karakter katar. G\u00fcnl\u00fck stilinize fark katmak i\u00e7in ideal bir par\u00e7ad\u0131r. \u2014 Teknik Detaylar \u2014 Desen: D\u00fcz Yaka Tipi: G\u00f6mlek Yakas\u0131 Kol Tipi: D\u00fc\u015f\u00fck Kol Cep: Aplike Cep Astar: Astars\u0131z \u00dcr\u00fcn Uzunlu\u011fu: 70 cm [&hellip;]<\/p>\n","protected":false},"featured_media":0,"comment_status":"open","ping_status":"closed","template":"","meta":[],"product_brand":[],"product_cat":[1909],"product_tag":[],"class_list":{"0":"post-21596","1":"product","2":"type-product","3":"status-publish","5":"product_cat-bluzlar-ve-gomlekler","6":"pa_brand-tugba","7":"pa_color-mercan","8":"pa_size-4701","9":"pa_size-4706","10":"pa_size-4711","11":"pa_size-4713","13":"first","14":"instock","15":"sale","16":"shipping-taxable","17":"purchasable","18":"product-type-variable"},"_links":{"self":[{"href":"https:\/\/mod.wisdar.net\/tr\/wp-json\/wp\/v2\/product\/21596","targetHints":{"allow":["GET"]}}],"collection":[{"href":"https:\/\/mod.wisdar.net\/tr\/wp-json\/wp\/v2\/product"}],"about":[{"href":"https:\/\/mod.wisdar.net\/tr\/wp-json\/wp\/v2\/types\/product"}],"replies":[{"embeddable":true,"href":"https:\/\/mod.wisdar.net\/tr\/wp-json\/wp\/v2\/comments?post=21596"}],"wp:attachment":[{"href":"https:\/\/mod.wisdar.net\/tr\/wp-json\/wp\/v2\/media?parent=21596"}],"wp:term":[{"taxonomy":"product_brand","embeddable":true,"href":"https:\/\/mod.wisdar.net\/tr\/wp-json\/wp\/v2\/product_brand?post=21596"},{"taxonomy":"product_cat","embeddable":true,"href":"https:\/\/mod.wisdar.net\/tr\/wp-json\/wp\/v2\/product_cat?post=21596"},{"taxonomy":"product_tag","embeddable":true,"href":"https:\/\/mod.wisdar.net\/tr\/wp-json\/wp\/v2\/product_tag?post=21596"}],"curies":[{"name":"wp","href":"https:\/\/api.w.org\/{rel}","templated":true}]}}