{"id":216021,"date":"2026-04-12T09:36:37","date_gmt":"2026-04-12T09:36:37","guid":{"rendered":"https:\/\/modesthanim.com\/product\/defne-elbise-kahverengi\/"},"modified":"2026-04-12T10:02:21","modified_gmt":"2026-04-12T10:02:21","slug":"defne-elbise-kahverengi","status":"publish","type":"product","link":"https:\/\/mod.wisdar.net\/tr\/urun\/defne-elbise-kahverengi\/","title":{"rendered":"Defne Elbise Kahverengi"},"content":{"rendered":"<p>Bu elbise, birinci s\u0131n\u0131f ipek Cupra kuma\u015f\u0131ndan \u00fcretilmi\u015ftir. Kol k\u0131s\u0131mlar\u0131nda elastik bant bulunur ve \u00f6n k\u0131sm\u0131 yar\u0131m fermuarl\u0131 tasar\u0131ma sahiptir. Elbisenin boyu 145 cm, g\u00f6\u011f\u00fcs \u00f6l\u00e7\u00fcs\u00fc 54 cm ve omuz geni\u015fli\u011fi 42 cm&#8217;dir.<\/p>\n","protected":false},"excerpt":{"rendered":"<p>Bu elbise, birinci s\u0131n\u0131f ipek Cupra kuma\u015f\u0131ndan \u00fcretilmi\u015ftir. Kol k\u0131s\u0131mlar\u0131nda elastik bant bulunur ve \u00f6n k\u0131sm\u0131 yar\u0131m fermuarl\u0131 tasar\u0131ma sahiptir. Elbisenin boyu 145 cm, g\u00f6\u011f\u00fcs \u00f6l\u00e7\u00fcs\u00fc 54 cm ve omuz geni\u015fli\u011fi 42 cm&#8217;dir.<\/p>\n","protected":false},"featured_media":216017,"comment_status":"open","ping_status":"closed","template":"","meta":[],"product_brand":[],"product_cat":[12700,6249,1933],"product_tag":[],"class_list":{"0":"post-216021","1":"product","2":"type-product","3":"status-publish","4":"has-post-thumbnail","6":"product_cat-buyuk-beden","7":"product_cat-elbiseler","8":"product_cat-gunluk-ve-gunduz-elbiseleri","9":"pa_brand-butikkolik","10":"pa_color-kahverengi","11":"pa_size-4713","12":"pa_size-4751","13":"pa_size-4749","14":"pa_size-4747","15":"pa_size-4746","17":"first","18":"instock","19":"sale","20":"shipping-taxable","21":"purchasable","22":"product-type-variable"},"_links":{"self":[{"href":"https:\/\/mod.wisdar.net\/tr\/wp-json\/wp\/v2\/product\/216021","targetHints":{"allow":["GET"]}}],"collection":[{"href":"https:\/\/mod.wisdar.net\/tr\/wp-json\/wp\/v2\/product"}],"about":[{"href":"https:\/\/mod.wisdar.net\/tr\/wp-json\/wp\/v2\/types\/product"}],"replies":[{"embeddable":true,"href":"https:\/\/mod.wisdar.net\/tr\/wp-json\/wp\/v2\/comments?post=216021"}],"wp:featuredmedia":[{"embeddable":true,"href":"https:\/\/mod.wisdar.net\/tr\/wp-json\/wp\/v2\/media\/216017"}],"wp:attachment":[{"href":"https:\/\/mod.wisdar.net\/tr\/wp-json\/wp\/v2\/media?parent=216021"}],"wp:term":[{"taxonomy":"product_brand","embeddable":true,"href":"https:\/\/mod.wisdar.net\/tr\/wp-json\/wp\/v2\/product_brand?post=216021"},{"taxonomy":"product_cat","embeddable":true,"href":"https:\/\/mod.wisdar.net\/tr\/wp-json\/wp\/v2\/product_cat?post=216021"},{"taxonomy":"product_tag","embeddable":true,"href":"https:\/\/mod.wisdar.net\/tr\/wp-json\/wp\/v2\/product_tag?post=216021"}],"curies":[{"name":"wp","href":"https:\/\/api.w.org\/{rel}","templated":true}]}}