{"id":216050,"date":"2026-04-12T09:36:55","date_gmt":"2026-04-12T09:36:55","guid":{"rendered":"https:\/\/modesthanim.com\/product\/ilke-elbise-siyah\/"},"modified":"2026-04-12T09:54:42","modified_gmt":"2026-04-12T09:54:42","slug":"ilke-elbise-siyah","status":"publish","type":"product","link":"https:\/\/mod.wisdar.net\/tr\/urun\/ilke-elbise-siyah\/","title":{"rendered":"\u0130lke Elbise Siyah"},"content":{"rendered":"<p>Elbise Kot Kuma\u015ft\u0131r<br \/>\nElbise \u00c7ift Cep Kapak Detayl\u0131d\u0131r.<br \/>\nElbise Yar\u0131m A\u00e7\u0131l\u0131r Elbise Seyyar Kemer Detayl\u0131d\u0131r<br \/>\nElbise Boy:135 cm Omuz:38 cm G\u00f6\u011f\u00fcs:48 cm Bel:42 cm<\/p>\n","protected":false},"excerpt":{"rendered":"<p>Elbise Kot Kuma\u015ft\u0131r Elbise \u00c7ift Cep Kapak Detayl\u0131d\u0131r. Elbise Yar\u0131m A\u00e7\u0131l\u0131r Elbise Seyyar Kemer Detayl\u0131d\u0131r Elbise Boy:135 cm Omuz:38 cm G\u00f6\u011f\u00fcs:48 cm Bel:42 cm<\/p>\n","protected":false},"featured_media":216048,"comment_status":"open","ping_status":"closed","template":"","meta":[],"product_brand":[],"product_cat":[12700,6249,1933],"product_tag":[7426,6744,7669,6937],"class_list":{"0":"post-216050","1":"product","2":"type-product","3":"status-publish","4":"has-post-thumbnail","6":"product_cat-buyuk-beden","7":"product_cat-elbiseler","8":"product_cat-gunluk-ve-gunduz-elbiseleri","9":"product_tag-gunluk-giyim-3","10":"product_tag-kadin-modasi","11":"product_tag-kot-elbise","12":"product_tag-siyah-elbise","13":"pa_brand-butikkolik","14":"pa_color-siyah","15":"pa_size-4706","16":"pa_size-4711","17":"pa_size-4713","18":"pa_size-4751","19":"pa_size-4749","21":"first","22":"instock","23":"sale","24":"shipping-taxable","25":"purchasable","26":"product-type-variable"},"_links":{"self":[{"href":"https:\/\/mod.wisdar.net\/tr\/wp-json\/wp\/v2\/product\/216050","targetHints":{"allow":["GET"]}}],"collection":[{"href":"https:\/\/mod.wisdar.net\/tr\/wp-json\/wp\/v2\/product"}],"about":[{"href":"https:\/\/mod.wisdar.net\/tr\/wp-json\/wp\/v2\/types\/product"}],"replies":[{"embeddable":true,"href":"https:\/\/mod.wisdar.net\/tr\/wp-json\/wp\/v2\/comments?post=216050"}],"wp:featuredmedia":[{"embeddable":true,"href":"https:\/\/mod.wisdar.net\/tr\/wp-json\/wp\/v2\/media\/216048"}],"wp:attachment":[{"href":"https:\/\/mod.wisdar.net\/tr\/wp-json\/wp\/v2\/media?parent=216050"}],"wp:term":[{"taxonomy":"product_brand","embeddable":true,"href":"https:\/\/mod.wisdar.net\/tr\/wp-json\/wp\/v2\/product_brand?post=216050"},{"taxonomy":"product_cat","embeddable":true,"href":"https:\/\/mod.wisdar.net\/tr\/wp-json\/wp\/v2\/product_cat?post=216050"},{"taxonomy":"product_tag","embeddable":true,"href":"https:\/\/mod.wisdar.net\/tr\/wp-json\/wp\/v2\/product_tag?post=216050"}],"curies":[{"name":"wp","href":"https:\/\/api.w.org\/{rel}","templated":true}]}}