{"id":216084,"date":"2026-04-12T09:37:18","date_gmt":"2026-04-12T09:37:18","guid":{"rendered":"https:\/\/modesthanim.com\/product\/ilke-elbise-bordo\/"},"modified":"2026-04-12T10:01:56","modified_gmt":"2026-04-12T10:01:56","slug":"ilke-elbise-bordo","status":"publish","type":"product","link":"https:\/\/mod.wisdar.net\/tr\/urun\/ilke-elbise-bordo\/","title":{"rendered":"\u0130lke  Elbise Bordo"},"content":{"rendered":"<p>Elbise Kot Kuma\u015ft\u0131r<br \/>\nElbise \u00c7ift Cep Kapak Detayl\u0131d\u0131r.<br \/>\nElbise Yar\u0131m A\u00e7\u0131l\u0131r Elbise Seyyar Kemer Detayl\u0131d\u0131r Elbise Boy:135 cm Omuz:38 cm G\u00f6\u011f\u00fcs:48 cm Bel:42 cm<\/p>\n","protected":false},"excerpt":{"rendered":"<p>Elbise Kot Kuma\u015ft\u0131r Elbise \u00c7ift Cep Kapak Detayl\u0131d\u0131r. Elbise Yar\u0131m A\u00e7\u0131l\u0131r Elbise Seyyar Kemer Detayl\u0131d\u0131r Elbise Boy:135 cm Omuz:38 cm G\u00f6\u011f\u00fcs:48 cm Bel:42 cm<\/p>\n","protected":false},"featured_media":216082,"comment_status":"open","ping_status":"closed","template":"","meta":[],"product_brand":[],"product_cat":[12700,6249,1933],"product_tag":[7150,7844,6744],"class_list":{"0":"post-216084","1":"product","2":"type-product","3":"status-publish","4":"has-post-thumbnail","6":"product_cat-buyuk-beden","7":"product_cat-elbiseler","8":"product_cat-gunluk-ve-gunduz-elbiseleri","9":"product_tag-bordo","10":"product_tag-denim","11":"product_tag-kadin-modasi","12":"pa_brand-butikkolik","13":"pa_color-bordo","14":"pa_size-4706","15":"pa_size-4711","16":"pa_size-4713","17":"pa_size-4751","18":"pa_size-4749","20":"first","21":"instock","22":"sale","23":"shipping-taxable","24":"purchasable","25":"product-type-variable"},"_links":{"self":[{"href":"https:\/\/mod.wisdar.net\/tr\/wp-json\/wp\/v2\/product\/216084","targetHints":{"allow":["GET"]}}],"collection":[{"href":"https:\/\/mod.wisdar.net\/tr\/wp-json\/wp\/v2\/product"}],"about":[{"href":"https:\/\/mod.wisdar.net\/tr\/wp-json\/wp\/v2\/types\/product"}],"replies":[{"embeddable":true,"href":"https:\/\/mod.wisdar.net\/tr\/wp-json\/wp\/v2\/comments?post=216084"}],"wp:featuredmedia":[{"embeddable":true,"href":"https:\/\/mod.wisdar.net\/tr\/wp-json\/wp\/v2\/media\/216082"}],"wp:attachment":[{"href":"https:\/\/mod.wisdar.net\/tr\/wp-json\/wp\/v2\/media?parent=216084"}],"wp:term":[{"taxonomy":"product_brand","embeddable":true,"href":"https:\/\/mod.wisdar.net\/tr\/wp-json\/wp\/v2\/product_brand?post=216084"},{"taxonomy":"product_cat","embeddable":true,"href":"https:\/\/mod.wisdar.net\/tr\/wp-json\/wp\/v2\/product_cat?post=216084"},{"taxonomy":"product_tag","embeddable":true,"href":"https:\/\/mod.wisdar.net\/tr\/wp-json\/wp\/v2\/product_tag?post=216084"}],"curies":[{"name":"wp","href":"https:\/\/api.w.org\/{rel}","templated":true}]}}