{"id":216131,"date":"2026-04-12T09:37:49","date_gmt":"2026-04-12T09:37:49","guid":{"rendered":"https:\/\/modesthanim.com\/product\/melike-elbise-aci-kahve\/"},"modified":"2026-04-12T10:01:31","modified_gmt":"2026-04-12T10:01:31","slug":"melike-elbise-aci-kahve","status":"publish","type":"product","link":"https:\/\/mod.wisdar.net\/tr\/urun\/melike-elbise-aci-kahve\/","title":{"rendered":"Melike Elbise Ac\u0131 Kahve"},"content":{"rendered":"<p>Elbise 1.S\u0131n\u0131f \u0130pek Cupra kuma\u015ft\u0131r<br \/>\nElbise Kol ucu Lastiklidir<br \/>\nElbise Seyyar Ku\u015fakl\u0131d\u0131r<br \/>\nElbise Boy 145 cm G\u00f6\u011f\u00fcs 54cm Omuz 42cm<\/p>\n","protected":false},"excerpt":{"rendered":"<p>Elbise 1.S\u0131n\u0131f \u0130pek Cupra kuma\u015ft\u0131r Elbise Kol ucu Lastiklidir Elbise Seyyar Ku\u015fakl\u0131d\u0131r Elbise Boy 145 cm G\u00f6\u011f\u00fcs 54cm Omuz 42cm<\/p>\n","protected":false},"featured_media":216129,"comment_status":"open","ping_status":"closed","template":"","meta":[],"product_brand":[],"product_cat":[12700,6249,1933],"product_tag":[5706,4350,3684,5788],"class_list":{"0":"post-216131","1":"product","2":"type-product","3":"status-publish","4":"has-post-thumbnail","6":"product_cat-buyuk-beden","7":"product_cat-elbiseler","8":"product_cat-gunluk-ve-gunduz-elbiseleri","9":"product_tag-elegant-evening-wear","10":"product_tag-fashion-dress","11":"product_tag-premium-fabric","12":"product_tag-silk-dress","13":"pa_brand-butikkolik","14":"pa_color-aci-kahve-1","15":"pa_size-4713","16":"pa_size-4751","17":"pa_size-4749","18":"pa_size-4747","19":"pa_size-4746","21":"first","22":"instock","23":"sale","24":"shipping-taxable","25":"purchasable","26":"product-type-variable"},"_links":{"self":[{"href":"https:\/\/mod.wisdar.net\/tr\/wp-json\/wp\/v2\/product\/216131","targetHints":{"allow":["GET"]}}],"collection":[{"href":"https:\/\/mod.wisdar.net\/tr\/wp-json\/wp\/v2\/product"}],"about":[{"href":"https:\/\/mod.wisdar.net\/tr\/wp-json\/wp\/v2\/types\/product"}],"replies":[{"embeddable":true,"href":"https:\/\/mod.wisdar.net\/tr\/wp-json\/wp\/v2\/comments?post=216131"}],"wp:featuredmedia":[{"embeddable":true,"href":"https:\/\/mod.wisdar.net\/tr\/wp-json\/wp\/v2\/media\/216129"}],"wp:attachment":[{"href":"https:\/\/mod.wisdar.net\/tr\/wp-json\/wp\/v2\/media?parent=216131"}],"wp:term":[{"taxonomy":"product_brand","embeddable":true,"href":"https:\/\/mod.wisdar.net\/tr\/wp-json\/wp\/v2\/product_brand?post=216131"},{"taxonomy":"product_cat","embeddable":true,"href":"https:\/\/mod.wisdar.net\/tr\/wp-json\/wp\/v2\/product_cat?post=216131"},{"taxonomy":"product_tag","embeddable":true,"href":"https:\/\/mod.wisdar.net\/tr\/wp-json\/wp\/v2\/product_tag?post=216131"}],"curies":[{"name":"wp","href":"https:\/\/api.w.org\/{rel}","templated":true}]}}