{"id":21615,"date":"2025-11-02T14:52:10","date_gmt":"2025-11-02T14:52:10","guid":{"rendered":"https:\/\/modesthanim.com\/product\/kollari-pliseli-bluz-ten\/"},"modified":"2026-04-15T20:48:31","modified_gmt":"2026-04-15T20:48:31","slug":"kollari-pliseli-bluz-ten","status":"publish","type":"product","link":"https:\/\/mod.wisdar.net\/tr\/urun\/kollari-pliseli-bluz-ten\/","title":{"rendered":"Kollar\u0131 Pliseli Bluz \u2013 Ten"},"content":{"rendered":"<p>Plise detayl\u0131 kollar\u0131yla zarif bir hava kazanan bu bluz, sade tasar\u0131m\u0131yla \u015f\u0131kl\u0131\u011f\u0131 \u00f6n plana \u00e7\u0131kar\u0131r. Ak\u0131c\u0131 dokusuyla g\u00fcn boyu konfor sunar. Davetlerden g\u00fcnl\u00fck kullan\u0131ma kadar geni\u015f bir kullan\u0131m alan\u0131na sahiptir.<\/p>\n<p>\u2014 Technical Details \u2014<br \/>\nDesen: D\u00fcz<br \/>\nYaka Tipi: Hakim Yaka<br \/>\nKol Tipi: Uzun Kol<br \/>\nCep: Cepsiz<br \/>\nAstar: Astars\u0131z<br \/>\n\u00dcr\u00fcn Boyu: 65 cm<br \/>\nKal\u0131p Tipi: Normal Kal\u0131p<br \/>\nMankenin Giydi\u011fi Beden: 38<br \/>\nManken \u00d6l\u00e7\u00fcleri: {&#8216;Boy&#8217;: &#8216;176 cm&#8217;, &#8216;G\u00f6\u011f\u00fcs&#8217;: &#8217;80 cm&#8217;, &#8216;Bel&#8217;: &#8217;60 cm&#8217;, &#8216;Basen&#8217;: &#8217;90 cm&#8217;}<br \/>\nBeden \u00d6l\u00e7\u00fc Tablosu: {&#8217;38&#8217;: {&#8216;Omuz&#8217;: &#8217;39&#8217;, &#8216;G\u00f6\u011f\u00fcs&#8217;: &#8216;102&#8217;, &#8216;Bel&#8217;: &#8216;102&#8217;, &#8216;Basen&#8217;: &#8216;114&#8217;, &#8216;Boy&#8217;: &#8217;65&#8217;, &#8216;Kol Boyu&#8217;: &#8217;62&#8217;}, &#8217;40&#8217;: {&#8216;Omuz&#8217;: &#8217;40&#8217;, &#8216;G\u00f6\u011f\u00fcs&#8217;: &#8216;106&#8217;, &#8216;Bel&#8217;: &#8216;106&#8217;, &#8216;Basen&#8217;: &#8216;118&#8217;, &#8216;Boy&#8217;: &#8216;65.5&#8217;, &#8216;Kol Boyu&#8217;: &#8216;62.5&#8217;}, &#8217;42&#8217;: {&#8216;Omuz&#8217;: &#8217;41&#8217;, &#8216;G\u00f6\u011f\u00fcs&#8217;: &#8216;110&#8217;, &#8216;Bel&#8217;: &#8216;110&#8217;, &#8216;Basen&#8217;: &#8216;122&#8217;, &#8216;Boy&#8217;: &#8217;66&#8217;, &#8216;Kol Boyu&#8217;: &#8217;63&#8217;}, &#8217;44&#8217;: {&#8216;Omuz&#8217;: &#8217;42&#8217;, &#8216;G\u00f6\u011f\u00fcs&#8217;: &#8216;114&#8217;, &#8216;Bel&#8217;: &#8216;114&#8217;, &#8216;Basen&#8217;: &#8216;126&#8217;, &#8216;Boy&#8217;: &#8216;66.5&#8217;, &#8216;Kol Boyu&#8217;: &#8216;63.5&#8217;}, &#8217;46&#8217;: {&#8216;Omuz&#8217;: &#8217;43&#8217;, &#8216;G\u00f6\u011f\u00fcs&#8217;: &#8216;120&#8217;, &#8216;Bel&#8217;: &#8216;120&#8217;, &#8216;Basen&#8217;: &#8216;132&#8217;, &#8216;Boy&#8217;: &#8217;67&#8217;, &#8216;Kol Boyu&#8217;: &#8217;64&#8217;}, &#8217;48&#8217;: {&#8216;Omuz&#8217;: &#8217;44&#8217;, &#8216;G\u00f6\u011f\u00fcs&#8217;: &#8216;124&#8217;, &#8216;Bel&#8217;: &#8216;124&#8217;, &#8216;Basen&#8217;: &#8216;136&#8217;, &#8216;Boy&#8217;: &#8216;67.5&#8217;, &#8216;Kol Boyu&#8217;: &#8216;64.5&#8217;}}<\/p>\n","protected":false},"excerpt":{"rendered":"<p>Plise detayl\u0131 kollar\u0131yla zarif bir hava kazanan bu bluz, sade tasar\u0131m\u0131yla \u015f\u0131kl\u0131\u011f\u0131 \u00f6n plana \u00e7\u0131kar\u0131r. Ak\u0131c\u0131 dokusuyla g\u00fcn boyu konfor sunar. Davetlerden g\u00fcnl\u00fck kullan\u0131ma kadar geni\u015f bir kullan\u0131m alan\u0131na sahiptir. \u2014 Technical Details \u2014 Desen: D\u00fcz Yaka Tipi: Hakim Yaka Kol Tipi: Uzun Kol Cep: Cepsiz Astar: Astars\u0131z \u00dcr\u00fcn Boyu: 65 cm Kal\u0131p Tipi: Normal [&hellip;]<\/p>\n","protected":false},"featured_media":21582,"comment_status":"open","ping_status":"closed","template":"","meta":[],"product_brand":[],"product_cat":[1909],"product_tag":[5012,6759],"class_list":{"0":"post-21615","1":"product","2":"type-product","3":"status-publish","4":"has-post-thumbnail","6":"product_cat-bluzlar-ve-gomlekler","7":"product_tag-elegant","8":"product_tag-konfor","9":"pa_brand-tugba","10":"pa_color-ten","11":"pa_size-4706","12":"pa_size-4711","13":"pa_size-4713","14":"pa_size-4751","15":"pa_size-4749","16":"pa_size-4747","18":"first","19":"instock","20":"sale","21":"shipping-taxable","22":"purchasable","23":"product-type-variable"},"_links":{"self":[{"href":"https:\/\/mod.wisdar.net\/tr\/wp-json\/wp\/v2\/product\/21615","targetHints":{"allow":["GET"]}}],"collection":[{"href":"https:\/\/mod.wisdar.net\/tr\/wp-json\/wp\/v2\/product"}],"about":[{"href":"https:\/\/mod.wisdar.net\/tr\/wp-json\/wp\/v2\/types\/product"}],"replies":[{"embeddable":true,"href":"https:\/\/mod.wisdar.net\/tr\/wp-json\/wp\/v2\/comments?post=21615"}],"wp:featuredmedia":[{"embeddable":true,"href":"https:\/\/mod.wisdar.net\/tr\/wp-json\/wp\/v2\/media\/21582"}],"wp:attachment":[{"href":"https:\/\/mod.wisdar.net\/tr\/wp-json\/wp\/v2\/media?parent=21615"}],"wp:term":[{"taxonomy":"product_brand","embeddable":true,"href":"https:\/\/mod.wisdar.net\/tr\/wp-json\/wp\/v2\/product_brand?post=21615"},{"taxonomy":"product_cat","embeddable":true,"href":"https:\/\/mod.wisdar.net\/tr\/wp-json\/wp\/v2\/product_cat?post=21615"},{"taxonomy":"product_tag","embeddable":true,"href":"https:\/\/mod.wisdar.net\/tr\/wp-json\/wp\/v2\/product_tag?post=21615"}],"curies":[{"name":"wp","href":"https:\/\/api.w.org\/{rel}","templated":true}]}}