{"id":216195,"date":"2026-04-12T09:38:25","date_gmt":"2026-04-12T09:38:25","guid":{"rendered":"https:\/\/modesthanim.com\/product\/yasemin-etekli-takim-kahve\/"},"modified":"2026-04-12T09:56:35","modified_gmt":"2026-04-12T09:56:35","slug":"yasemin-etekli-takim-kahve","status":"publish","type":"product","link":"https:\/\/mod.wisdar.net\/tr\/urun\/yasemin-etekli-takim-kahve\/","title":{"rendered":"Yasemin Etekli Tak\u0131m Kahve"},"content":{"rendered":"<p>Ceket 1.S\u0131n\u0131f Krep Alt Payet Kuma\u015ft\u0131r. Ceket Omuz 36cm Ceket Boy 66cm G\u00f6\u011f\u00fcs 47cm Ceket Bel 44cm Etek Bel 38cm Etek Boy 93cm<\/p>\n","protected":false},"excerpt":{"rendered":"<p>Ceket 1.S\u0131n\u0131f Krep Alt Payet Kuma\u015ft\u0131r. Ceket Omuz 36cm Ceket Boy 66cm G\u00f6\u011f\u00fcs 47cm Ceket Bel 44cm Etek Bel 38cm Etek Boy 93cm<\/p>\n","protected":false},"featured_media":216189,"comment_status":"open","ping_status":"closed","template":"","meta":[],"product_brand":[],"product_cat":[12700,1900],"product_tag":[7547,6840,7948],"class_list":{"0":"post-216195","1":"product","2":"type-product","3":"status-publish","4":"has-post-thumbnail","6":"product_cat-buyuk-beden","7":"product_cat-koordinatlar-setler","8":"product_tag-kadin-giyim","9":"product_tag-kahve-rengi","10":"product_tag-krep-kumas","11":"pa_brand-butikkolik","12":"pa_color-kahve","13":"pa_size-4706","14":"pa_size-4711","15":"pa_size-4713","16":"pa_size-4751","17":"pa_size-4749","19":"first","20":"instock","21":"sale","22":"shipping-taxable","23":"purchasable","24":"product-type-variable"},"_links":{"self":[{"href":"https:\/\/mod.wisdar.net\/tr\/wp-json\/wp\/v2\/product\/216195","targetHints":{"allow":["GET"]}}],"collection":[{"href":"https:\/\/mod.wisdar.net\/tr\/wp-json\/wp\/v2\/product"}],"about":[{"href":"https:\/\/mod.wisdar.net\/tr\/wp-json\/wp\/v2\/types\/product"}],"replies":[{"embeddable":true,"href":"https:\/\/mod.wisdar.net\/tr\/wp-json\/wp\/v2\/comments?post=216195"}],"wp:featuredmedia":[{"embeddable":true,"href":"https:\/\/mod.wisdar.net\/tr\/wp-json\/wp\/v2\/media\/216189"}],"wp:attachment":[{"href":"https:\/\/mod.wisdar.net\/tr\/wp-json\/wp\/v2\/media?parent=216195"}],"wp:term":[{"taxonomy":"product_brand","embeddable":true,"href":"https:\/\/mod.wisdar.net\/tr\/wp-json\/wp\/v2\/product_brand?post=216195"},{"taxonomy":"product_cat","embeddable":true,"href":"https:\/\/mod.wisdar.net\/tr\/wp-json\/wp\/v2\/product_cat?post=216195"},{"taxonomy":"product_tag","embeddable":true,"href":"https:\/\/mod.wisdar.net\/tr\/wp-json\/wp\/v2\/product_tag?post=216195"}],"curies":[{"name":"wp","href":"https:\/\/api.w.org\/{rel}","templated":true}]}}