{"id":216223,"date":"2026-04-12T09:38:41","date_gmt":"2026-04-12T09:38:41","guid":{"rendered":"https:\/\/modesthanim.com\/product\/yasemin-etekli-takim-siyah\/"},"modified":"2026-04-12T09:38:58","modified_gmt":"2026-04-12T09:38:58","slug":"yasemin-etekli-takim-siyah","status":"publish","type":"product","link":"https:\/\/mod.wisdar.net\/tr\/urun\/yasemin-etekli-takim-siyah\/","title":{"rendered":"Yasemin Etekli Tak\u0131m Siyah"},"content":{"rendered":"<p>Ceket 1.S\u0131n\u0131f Krep Alt Payet Kuma\u015ft\u0131r.<br \/>\nCeket Omuz 36cm<br \/>\nCeket Boy 66cm<br \/>\nG\u00f6\u011f\u00fcs 47cm<br \/>\nCeket Bel 44cm<br \/>\nEtek Bel 38cm<br \/>\nEtek Boy 93cm<\/p>\n","protected":false},"excerpt":{"rendered":"<p>Ceket 1.S\u0131n\u0131f Krep Alt Payet Kuma\u015ft\u0131r. Ceket Omuz 36cm Ceket Boy 66cm G\u00f6\u011f\u00fcs 47cm Ceket Bel 44cm Etek Bel 38cm Etek Boy 93cm<\/p>\n","protected":false},"featured_media":216220,"comment_status":"open","ping_status":"closed","template":"","meta":[],"product_brand":[],"product_cat":[12700,1900],"product_tag":[],"class_list":{"0":"post-216223","1":"product","2":"type-product","3":"status-publish","4":"has-post-thumbnail","6":"product_cat-buyuk-beden","7":"product_cat-koordinatlar-setler","8":"pa_brand-butikkolik","9":"pa_color-siyah","10":"pa_size-4706","11":"pa_size-4711","12":"pa_size-4713","13":"pa_size-4751","14":"pa_size-4749","16":"first","17":"instock","18":"sale","19":"shipping-taxable","20":"purchasable","21":"product-type-variable"},"_links":{"self":[{"href":"https:\/\/mod.wisdar.net\/tr\/wp-json\/wp\/v2\/product\/216223","targetHints":{"allow":["GET"]}}],"collection":[{"href":"https:\/\/mod.wisdar.net\/tr\/wp-json\/wp\/v2\/product"}],"about":[{"href":"https:\/\/mod.wisdar.net\/tr\/wp-json\/wp\/v2\/types\/product"}],"replies":[{"embeddable":true,"href":"https:\/\/mod.wisdar.net\/tr\/wp-json\/wp\/v2\/comments?post=216223"}],"wp:featuredmedia":[{"embeddable":true,"href":"https:\/\/mod.wisdar.net\/tr\/wp-json\/wp\/v2\/media\/216220"}],"wp:attachment":[{"href":"https:\/\/mod.wisdar.net\/tr\/wp-json\/wp\/v2\/media?parent=216223"}],"wp:term":[{"taxonomy":"product_brand","embeddable":true,"href":"https:\/\/mod.wisdar.net\/tr\/wp-json\/wp\/v2\/product_brand?post=216223"},{"taxonomy":"product_cat","embeddable":true,"href":"https:\/\/mod.wisdar.net\/tr\/wp-json\/wp\/v2\/product_cat?post=216223"},{"taxonomy":"product_tag","embeddable":true,"href":"https:\/\/mod.wisdar.net\/tr\/wp-json\/wp\/v2\/product_tag?post=216223"}],"curies":[{"name":"wp","href":"https:\/\/api.w.org\/{rel}","templated":true}]}}