{"id":216259,"date":"2026-04-12T09:39:04","date_gmt":"2026-04-12T09:39:04","guid":{"rendered":"https:\/\/modesthanim.com\/product\/ipek-elbise-aci-kahve\/"},"modified":"2026-04-12T09:56:25","modified_gmt":"2026-04-12T09:56:25","slug":"ipek-elbise-aci-kahve","status":"publish","type":"product","link":"https:\/\/mod.wisdar.net\/tr\/urun\/ipek-elbise-aci-kahve\/","title":{"rendered":"\u0130pek Elbise Ac\u0131 Kahve"},"content":{"rendered":"<p>Elbise 1.S\u0131n\u0131f Simli Kuma\u015ft\u0131r<br \/>\nElbise Yaka Arkas\u0131ndan Feremuarl\u0131d\u0131r<br \/>\nElbise Yakas\u0131 F\u0131rf\u0131r Detayl\u0131d\u0131r<br \/>\nElbise Astarl\u0131d\u0131r<br \/>\nElbise Vatkal\u0131d\u0131r<br \/>\nElbise Boy:147cm<br \/>\nElbise Omuz:39cm<br \/>\nElbise G\u00f6\u011f\u00fcs:47cm<br \/>\nElbise Bel 36cm<\/p>\n","protected":false},"excerpt":{"rendered":"<p>Elbise 1.S\u0131n\u0131f Simli Kuma\u015ft\u0131r Elbise Yaka Arkas\u0131ndan Feremuarl\u0131d\u0131r Elbise Yakas\u0131 F\u0131rf\u0131r Detayl\u0131d\u0131r Elbise Astarl\u0131d\u0131r Elbise Vatkal\u0131d\u0131r Elbise Boy:147cm Elbise Omuz:39cm Elbise G\u00f6\u011f\u00fcs:47cm Elbise Bel 36cm<\/p>\n","protected":false},"featured_media":216253,"comment_status":"open","ping_status":"closed","template":"","meta":[],"product_brand":[],"product_cat":[12700,6249,1933],"product_tag":[],"class_list":{"0":"post-216259","1":"product","2":"type-product","3":"status-publish","4":"has-post-thumbnail","6":"product_cat-buyuk-beden","7":"product_cat-elbiseler","8":"product_cat-gunluk-ve-gunduz-elbiseleri","9":"pa_brand-butikkolik","10":"pa_color-aci-kahve-1","11":"pa_size-4706","12":"pa_size-4711","13":"pa_size-4713","14":"pa_size-4751","15":"pa_size-4749","17":"first","18":"instock","19":"sale","20":"shipping-taxable","21":"purchasable","22":"product-type-variable"},"_links":{"self":[{"href":"https:\/\/mod.wisdar.net\/tr\/wp-json\/wp\/v2\/product\/216259","targetHints":{"allow":["GET"]}}],"collection":[{"href":"https:\/\/mod.wisdar.net\/tr\/wp-json\/wp\/v2\/product"}],"about":[{"href":"https:\/\/mod.wisdar.net\/tr\/wp-json\/wp\/v2\/types\/product"}],"replies":[{"embeddable":true,"href":"https:\/\/mod.wisdar.net\/tr\/wp-json\/wp\/v2\/comments?post=216259"}],"wp:featuredmedia":[{"embeddable":true,"href":"https:\/\/mod.wisdar.net\/tr\/wp-json\/wp\/v2\/media\/216253"}],"wp:attachment":[{"href":"https:\/\/mod.wisdar.net\/tr\/wp-json\/wp\/v2\/media?parent=216259"}],"wp:term":[{"taxonomy":"product_brand","embeddable":true,"href":"https:\/\/mod.wisdar.net\/tr\/wp-json\/wp\/v2\/product_brand?post=216259"},{"taxonomy":"product_cat","embeddable":true,"href":"https:\/\/mod.wisdar.net\/tr\/wp-json\/wp\/v2\/product_cat?post=216259"},{"taxonomy":"product_tag","embeddable":true,"href":"https:\/\/mod.wisdar.net\/tr\/wp-json\/wp\/v2\/product_tag?post=216259"}],"curies":[{"name":"wp","href":"https:\/\/api.w.org\/{rel}","templated":true}]}}