{"id":216292,"date":"2026-04-12T09:39:24","date_gmt":"2026-04-12T09:39:24","guid":{"rendered":"https:\/\/modesthanim.com\/product\/ipek-elbise-murdum\/"},"modified":"2026-04-12T09:55:52","modified_gmt":"2026-04-12T09:55:52","slug":"ipek-elbise-murdum","status":"publish","type":"product","link":"https:\/\/mod.wisdar.net\/tr\/urun\/ipek-elbise-murdum\/","title":{"rendered":"\u0130pek Elbise M\u00fcrd\u00fcm"},"content":{"rendered":"<p>Elbise 1.S\u0131n\u0131f Simli Kuma\u015ft\u0131r<br \/>\nElbise Yaka Arkas\u0131ndan Feremuarl\u0131d\u0131r<br \/>\nElbise Yakas\u0131 F\u0131rf\u0131r Detayl\u0131d\u0131r<br \/>\nElbise Astarl\u0131d\u0131r<br \/>\nElbise Vatkal\u0131d\u0131r<br \/>\nElbise Boy:147cm<br \/>\nElbise Omuz:39cm<br \/>\nElbise G\u00f6\u011f\u00fcs:47cm<br \/>\nElbise Bel 36cm<\/p>\n","protected":false},"excerpt":{"rendered":"<p>Elbise 1.S\u0131n\u0131f Simli Kuma\u015ft\u0131r Elbise Yaka Arkas\u0131ndan Feremuarl\u0131d\u0131r Elbise Yakas\u0131 F\u0131rf\u0131r Detayl\u0131d\u0131r Elbise Astarl\u0131d\u0131r Elbise Vatkal\u0131d\u0131r Elbise Boy:147cm Elbise Omuz:39cm Elbise G\u00f6\u011f\u00fcs:47cm Elbise Bel 36cm<\/p>\n","protected":false},"featured_media":216288,"comment_status":"open","ping_status":"closed","template":"","meta":[],"product_brand":[],"product_cat":[12700,6249,1933],"product_tag":[8418,8420,6744],"class_list":{"0":"post-216292","1":"product","2":"type-product","3":"status-publish","4":"has-post-thumbnail","6":"product_cat-buyuk-beden","7":"product_cat-elbiseler","8":"product_cat-gunluk-ve-gunduz-elbiseleri","9":"product_tag-abiye-elbise","10":"product_tag-gece-kiyafeti","11":"product_tag-kadin-modasi","12":"pa_brand-butikkolik","13":"pa_color-murdum","14":"pa_size-4706","15":"pa_size-4711","16":"pa_size-4713","17":"pa_size-4751","18":"pa_size-4749","20":"first","21":"instock","22":"sale","23":"shipping-taxable","24":"purchasable","25":"product-type-variable"},"_links":{"self":[{"href":"https:\/\/mod.wisdar.net\/tr\/wp-json\/wp\/v2\/product\/216292","targetHints":{"allow":["GET"]}}],"collection":[{"href":"https:\/\/mod.wisdar.net\/tr\/wp-json\/wp\/v2\/product"}],"about":[{"href":"https:\/\/mod.wisdar.net\/tr\/wp-json\/wp\/v2\/types\/product"}],"replies":[{"embeddable":true,"href":"https:\/\/mod.wisdar.net\/tr\/wp-json\/wp\/v2\/comments?post=216292"}],"wp:featuredmedia":[{"embeddable":true,"href":"https:\/\/mod.wisdar.net\/tr\/wp-json\/wp\/v2\/media\/216288"}],"wp:attachment":[{"href":"https:\/\/mod.wisdar.net\/tr\/wp-json\/wp\/v2\/media?parent=216292"}],"wp:term":[{"taxonomy":"product_brand","embeddable":true,"href":"https:\/\/mod.wisdar.net\/tr\/wp-json\/wp\/v2\/product_brand?post=216292"},{"taxonomy":"product_cat","embeddable":true,"href":"https:\/\/mod.wisdar.net\/tr\/wp-json\/wp\/v2\/product_cat?post=216292"},{"taxonomy":"product_tag","embeddable":true,"href":"https:\/\/mod.wisdar.net\/tr\/wp-json\/wp\/v2\/product_tag?post=216292"}],"curies":[{"name":"wp","href":"https:\/\/api.w.org\/{rel}","templated":true}]}}