{"id":216358,"date":"2026-04-12T13:40:01","date_gmt":"2026-04-12T13:40:01","guid":{"rendered":"https:\/\/modesthanim.com\/product\/yaprak-desenli-tunik-indigo\/"},"modified":"2026-04-12T13:40:32","modified_gmt":"2026-04-12T13:40:32","slug":"yaprak-desenli-tunik-indigo","status":"publish","type":"product","link":"https:\/\/mod.wisdar.net\/tr\/urun\/yaprak-desenli-tunik-indigo\/","title":{"rendered":"Yaprak Desenli Tunik \u2013 \u0130ndigo"},"content":{"rendered":"<p>Do\u011fadan ilham alan yaprak desenleriyle \u00f6ne \u00e7\u0131kan bu tunik, feminen ve zarif bir g\u00f6r\u00fcn\u00fcm sunar. Hafif ve nefes alabilen kuma\u015f\u0131, g\u00fcn boyu rahatl\u0131k sa\u011flarken, ak\u0131c\u0131 silueti stilinize hareket ve dinamizm katar.<br \/>\nKuma\u015f \u0130\u00e7eri\u011fi: %52 Rayon, %48 Viskon<br \/>\nDesen: Yaprak Desen<br \/>\nYaka Tipi: G\u00f6mlek Yaka<br \/>\nKol Tipi: D\u00fc\u015f\u00fck Kol<br \/>\nCep: Gizli Cep<br \/>\nAstar: Astars\u0131z<br \/>\n\u00dcr\u00fcn Boyu: 120 cm<br \/>\nKal\u0131p Tipi: Normal Kal\u0131p<br \/>\nMankenin Giydi\u011fi Beden: 38<br \/>\nManken \u00d6l\u00e7\u00fcleri:Boy: 172 cmG\u00f6\u011f\u00fcs: 79 cmBel: 61 cmBasen: 89 cm<\/p>\n<p>\u2014 Technical Details \u2014<br \/>\nBeden Tablosu: {&#8216;BEDEN&#8217;: [&#8217;38&#8217;, &#8217;40&#8217;, &#8217;42&#8217;, &#8217;44&#8217;, &#8217;46&#8217;, &#8217;48&#8217;], &#8216;OMUZ&#8217;: [&#8216;49.5&#8217;, &#8216;50.5&#8217;, &#8216;51.5&#8217;, &#8216;52.5&#8217;, &#8216;53.5&#8217;, &#8216;54.5&#8217;], &#8216;G\u00d6\u011e\u00dcS&#8217;: [&#8216;112&#8217;, &#8216;116&#8217;, &#8216;120&#8217;, &#8216;124&#8217;, &#8216;130&#8217;, &#8216;134&#8217;], &#8216;BASEN&#8217;: [&#8216;129&#8217;, &#8216;133&#8217;, &#8216;137&#8217;, &#8216;141&#8217;, &#8216;147&#8217;, &#8216;151&#8217;], &#8216;BOY&#8217;: [&#8216;120&#8217;, &#8216;120.5&#8217;, &#8216;121&#8217;, &#8216;121.5&#8217;, &#8216;122&#8217;, &#8216;122.5&#8217;], &#8216;KOL BOYU&#8217;: [&#8217;53&#8217;, &#8216;53.5&#8217;, &#8217;54&#8217;, &#8216;54.5&#8217;, &#8217;55&#8217;, &#8216;55.5&#8217;]}<\/p>\n","protected":false},"excerpt":{"rendered":"<p>Do\u011fadan ilham alan yaprak desenleriyle \u00f6ne \u00e7\u0131kan bu tunik, feminen ve zarif bir g\u00f6r\u00fcn\u00fcm sunar. Hafif ve nefes alabilen kuma\u015f\u0131, g\u00fcn boyu rahatl\u0131k sa\u011flarken, ak\u0131c\u0131 silueti stilinize hareket ve dinamizm katar. Kuma\u015f \u0130\u00e7eri\u011fi: %52 Rayon, %48 Viskon Desen: Yaprak Desen Yaka Tipi: G\u00f6mlek Yaka Kol Tipi: D\u00fc\u015f\u00fck Kol Cep: Gizli Cep Astar: Astars\u0131z \u00dcr\u00fcn Boyu: [&hellip;]<\/p>\n","protected":false},"featured_media":216347,"comment_status":"open","ping_status":"closed","template":"","meta":[],"product_brand":[],"product_cat":[12700],"product_tag":[7426,4998,7547],"class_list":{"0":"post-216358","1":"product","2":"type-product","3":"status-publish","4":"has-post-thumbnail","6":"product_cat-buyuk-beden","7":"product_tag-gunluk-giyim-3","8":"product_tag-indigo","9":"product_tag-kadin-giyim","10":"pa_brand-tugba","11":"pa_color-indigo","12":"pa_size-4706","13":"pa_size-4711","14":"pa_size-4713","15":"pa_size-4751","16":"pa_size-4749","17":"pa_size-4747","19":"first","20":"instock","21":"sale","22":"shipping-taxable","23":"purchasable","24":"product-type-variable"},"_links":{"self":[{"href":"https:\/\/mod.wisdar.net\/tr\/wp-json\/wp\/v2\/product\/216358","targetHints":{"allow":["GET"]}}],"collection":[{"href":"https:\/\/mod.wisdar.net\/tr\/wp-json\/wp\/v2\/product"}],"about":[{"href":"https:\/\/mod.wisdar.net\/tr\/wp-json\/wp\/v2\/types\/product"}],"replies":[{"embeddable":true,"href":"https:\/\/mod.wisdar.net\/tr\/wp-json\/wp\/v2\/comments?post=216358"}],"wp:featuredmedia":[{"embeddable":true,"href":"https:\/\/mod.wisdar.net\/tr\/wp-json\/wp\/v2\/media\/216347"}],"wp:attachment":[{"href":"https:\/\/mod.wisdar.net\/tr\/wp-json\/wp\/v2\/media?parent=216358"}],"wp:term":[{"taxonomy":"product_brand","embeddable":true,"href":"https:\/\/mod.wisdar.net\/tr\/wp-json\/wp\/v2\/product_brand?post=216358"},{"taxonomy":"product_cat","embeddable":true,"href":"https:\/\/mod.wisdar.net\/tr\/wp-json\/wp\/v2\/product_cat?post=216358"},{"taxonomy":"product_tag","embeddable":true,"href":"https:\/\/mod.wisdar.net\/tr\/wp-json\/wp\/v2\/product_tag?post=216358"}],"curies":[{"name":"wp","href":"https:\/\/api.w.org\/{rel}","templated":true}]}}