{"id":216359,"date":"2026-04-12T13:40:01","date_gmt":"2026-04-12T13:40:01","guid":{"rendered":"https:\/\/modesthanim.com\/product\/yaprak-desenli-tunik-findik\/"},"modified":"2026-04-12T13:40:32","modified_gmt":"2026-04-12T13:40:32","slug":"yaprak-desenli-tunik-findik","status":"publish","type":"product","link":"https:\/\/mod.wisdar.net\/tr\/urun\/yaprak-desenli-tunik-findik\/","title":{"rendered":"Yaprak Desenli Tunik \u2013 F\u0131nd\u0131k"},"content":{"rendered":"<p>Do\u011fadan ilham alan yaprak desenleriyle \u00f6ne \u00e7\u0131kan bu tunik, feminen ve zarif bir g\u00f6r\u00fcn\u00fcm sunar. Hafif ve nefes alabilen kuma\u015f\u0131, g\u00fcn boyu rahatl\u0131k sa\u011flarken, ak\u0131c\u0131 silueti stilinize hareket ve dinamizm katar.<br \/>\nKuma\u015f \u0130\u00e7eri\u011fi: %52 Rayon, %48 Viskon<br \/>\nDesen: Yaprak Desen<br \/>\nYaka Tipi: G\u00f6mlek Yaka<br \/>\nKol Tipi: D\u00fc\u015f\u00fck Kol<br \/>\nCep: Gizli Cep<br \/>\nAstar: Astars\u0131z<br \/>\n\u00dcr\u00fcn Boyu: 120 cm<br \/>\nKal\u0131p Tipi: Normal Kal\u0131p<br \/>\nMankenin Giydi\u011fi Beden: 38<br \/>\nManken \u00d6l\u00e7\u00fcleri:<br \/>\nBoy: 172 cm<br \/>\nG\u00f6\u011f\u00fcs: 79 cm<br \/>\nBel: 61 cm<br \/>\nBasen: 89 cm<\/p>\n<p>\u2014 Technical Details \u2014<br \/>\ndesen: Yaprak Desen<br \/>\nyaka_tipi: G\u00f6mlek Yaka<br \/>\nkol_tipi: D\u00fc\u015f\u00fck Kol<br \/>\ncep: Gizli Cep<br \/>\nastar: Astars\u0131z<br \/>\nurun_boyu: 120 cm<br \/>\nkalip_tipi: Normal Kal\u0131p<br \/>\nmaneken_beden: 38<br \/>\nmaneken_boy: 172 cm<br \/>\nmaneken_gogus: 79 cm<br \/>\nmaneken_bel: 61 cm<br \/>\nmaneken_basen: 89 cm<\/p>\n","protected":false},"excerpt":{"rendered":"<p>Do\u011fadan ilham alan yaprak desenleriyle \u00f6ne \u00e7\u0131kan bu tunik, feminen ve zarif bir g\u00f6r\u00fcn\u00fcm sunar. Hafif ve nefes alabilen kuma\u015f\u0131, g\u00fcn boyu rahatl\u0131k sa\u011flarken, ak\u0131c\u0131 silueti stilinize hareket ve dinamizm katar. Kuma\u015f \u0130\u00e7eri\u011fi: %52 Rayon, %48 Viskon Desen: Yaprak Desen Yaka Tipi: G\u00f6mlek Yaka Kol Tipi: D\u00fc\u015f\u00fck Kol Cep: Gizli Cep Astar: Astars\u0131z \u00dcr\u00fcn Boyu: [&hellip;]<\/p>\n","protected":false},"featured_media":216346,"comment_status":"open","ping_status":"closed","template":"","meta":[],"product_brand":[],"product_cat":[12700],"product_tag":[8303,5012,6767,6771,6766],"class_list":{"0":"post-216359","1":"product","2":"type-product","3":"status-publish","4":"has-post-thumbnail","6":"product_cat-buyuk-beden","7":"product_tag-dusuk-omuz","8":"product_tag-elegant","9":"product_tag-feminen","10":"product_tag-gomlek-yaka","11":"product_tag-hafif","12":"pa_brand-tugba","13":"pa_color-findik","14":"pa_size-4706","15":"pa_size-4711","16":"pa_size-4713","17":"pa_size-4751","18":"pa_size-4749","19":"pa_size-4747","21":"first","22":"instock","23":"sale","24":"shipping-taxable","25":"purchasable","26":"product-type-variable"},"_links":{"self":[{"href":"https:\/\/mod.wisdar.net\/tr\/wp-json\/wp\/v2\/product\/216359","targetHints":{"allow":["GET"]}}],"collection":[{"href":"https:\/\/mod.wisdar.net\/tr\/wp-json\/wp\/v2\/product"}],"about":[{"href":"https:\/\/mod.wisdar.net\/tr\/wp-json\/wp\/v2\/types\/product"}],"replies":[{"embeddable":true,"href":"https:\/\/mod.wisdar.net\/tr\/wp-json\/wp\/v2\/comments?post=216359"}],"wp:featuredmedia":[{"embeddable":true,"href":"https:\/\/mod.wisdar.net\/tr\/wp-json\/wp\/v2\/media\/216346"}],"wp:attachment":[{"href":"https:\/\/mod.wisdar.net\/tr\/wp-json\/wp\/v2\/media?parent=216359"}],"wp:term":[{"taxonomy":"product_brand","embeddable":true,"href":"https:\/\/mod.wisdar.net\/tr\/wp-json\/wp\/v2\/product_brand?post=216359"},{"taxonomy":"product_cat","embeddable":true,"href":"https:\/\/mod.wisdar.net\/tr\/wp-json\/wp\/v2\/product_cat?post=216359"},{"taxonomy":"product_tag","embeddable":true,"href":"https:\/\/mod.wisdar.net\/tr\/wp-json\/wp\/v2\/product_tag?post=216359"}],"curies":[{"name":"wp","href":"https:\/\/api.w.org\/{rel}","templated":true}]}}