{"id":216439,"date":"2026-04-12T13:41:08","date_gmt":"2026-04-12T13:41:08","guid":{"rendered":"https:\/\/modesthanim.com\/product\/kemer-detayli-desenli-uzun-tunik-haki\/"},"modified":"2026-04-12T13:48:39","modified_gmt":"2026-04-12T13:48:39","slug":"kemer-detayli-desenli-uzun-tunik-haki","status":"publish","type":"product","link":"https:\/\/mod.wisdar.net\/tr\/urun\/kemer-detayli-desenli-uzun-tunik-haki\/","title":{"rendered":"Kemer Detayl\u0131 Desenli Uzun Tunik \u2013 Haki"},"content":{"rendered":"<p>Zarif desenleri ve beldeki kemer detay\u0131 ile bu uzun tunik, zarafet ve konforu bir araya getirerek feminen bir sil\u00fcet sunar. G\u00fcnl\u00fck veya \u00f6zel k\u0131yafetler i\u00e7in ideal bir se\u00e7imdir.<\/p>\n<p>Kuma\u015f \u0130\u00e7eri\u011fi: %65 Rayon, %35 Viskon<\/p>\n<p>Desen: Soyut Desen<\/p>\n<p>Yaka Tipi: G\u00f6mlek Yaka<\/p>\n<p>Kol Tipi: Uzun Kol<\/p>\n<p>Cep: Cep yoktur<\/p>\n<p>Astarlama: Astars\u0131z<\/p>\n<p>\u00dcr\u00fcn Uzunlu\u011fu: 125 cm<\/p>\n<p>Kal\u0131p Tipi: D\u00fcz Kal\u0131p<\/p>\n<p>Modelin Giyim Bedeni: 38<\/p>\n<p>Model \u00d6l\u00e7\u00fcleri: Boy: 172 cm G\u00f6\u011f\u00fcs: 79 cm Bel: 61 cm Kal\u00e7a: 89 cm<\/p>\n<p>\u2014 Teknik Detaylar \u2014<br \/>\ndesen: Soyut Desen<br \/>\nyaka_tipi: G\u00f6mlek Yaka<br \/>\nkol_tipi: Uzun Kol<br \/>\ncep: Cep yoktur<br \/>\nastarlama: Astars\u0131z<br \/>\nurun_uzunlugu_cm: 125<br \/>\nkalip_tipi: D\u00fcz Kal\u0131p<br \/>\nmodel_giyim_bedeni: 38<br \/>\nmodel_olculeri: {&#8216;boy_cm&#8217;: 172, &#8216;gogus_cm&#8217;: 79, &#8216;bel_cm&#8217;: 61, &#8216;kalca_cm&#8217;: 89}<br \/>\nbeden_tablosu: {&#8217;38&#8217;: {&#8216;omuz_cm&#8217;: 39, &#8216;gogus_cm&#8217;: 117, &#8216;kalca_cm&#8217;: 134, &#8216;beden_cm&#8217;: 125, &#8216;kol_uzunlugu_cm&#8217;: 60.5}, &#8217;40&#8217;: {&#8216;omuz_cm&#8217;: 40, &#8216;gogus_cm&#8217;: 121, &#8216;kalca_cm&#8217;: 138, &#8216;beden_cm&#8217;: 125.5, &#8216;kol_uzunlugu_cm&#8217;: 61}, &#8217;42&#8217;: {&#8216;omuz_cm&#8217;: 41, &#8216;gogus_cm&#8217;: 125, &#8216;kalca_cm&#8217;: 142, &#8216;beden_cm&#8217;: 126, &#8216;kol_uzunlugu_cm&#8217;: 61.5}, &#8217;44&#8217;: {&#8216;omuz_cm&#8217;: 42, &#8216;gogus_cm&#8217;: 129, &#8216;kalca_cm&#8217;: 146, &#8216;beden_cm&#8217;: 126.5, &#8216;kol_uzunlugu_cm&#8217;: 62}, &#8217;46&#8217;: {&#8216;omuz_cm&#8217;: 43, &#8216;gogus_cm&#8217;: 135, &#8216;kalca_cm&#8217;: 152, &#8216;beden_cm&#8217;: 127, &#8216;kol_uzunlugu_cm&#8217;: 62.5}, &#8217;48&#8217;: {&#8216;omuz_cm&#8217;: 44, &#8216;gogus_cm&#8217;: 139, &#8216;kalca_cm&#8217;: 156, &#8216;beden_cm&#8217;: 127.5, &#8216;kol_uzunlugu_cm&#8217;: 63}}<\/p>\n","protected":false},"excerpt":{"rendered":"<p>Zarif desenleri ve beldeki kemer detay\u0131 ile bu uzun tunik, zarafet ve konforu bir araya getirerek feminen bir sil\u00fcet sunar. G\u00fcnl\u00fck veya \u00f6zel k\u0131yafetler i\u00e7in ideal bir se\u00e7imdir. Kuma\u015f \u0130\u00e7eri\u011fi: %65 Rayon, %35 Viskon Desen: Soyut Desen Yaka Tipi: G\u00f6mlek Yaka Kol Tipi: Uzun Kol Cep: Cep yoktur Astarlama: Astars\u0131z \u00dcr\u00fcn Uzunlu\u011fu: 125 cm Kal\u0131p [&hellip;]<\/p>\n","protected":false},"featured_media":216424,"comment_status":"open","ping_status":"closed","template":"","meta":[],"product_brand":[],"product_cat":[12700],"product_tag":[],"class_list":{"0":"post-216439","1":"product","2":"type-product","3":"status-publish","4":"has-post-thumbnail","6":"product_cat-buyuk-beden","7":"pa_brand-tugba","8":"pa_color-haki","9":"pa_size-4706","10":"pa_size-4711","11":"pa_size-4713","12":"pa_size-4751","13":"pa_size-4749","14":"pa_size-4747","16":"first","17":"instock","18":"sale","19":"shipping-taxable","20":"purchasable","21":"product-type-variable"},"_links":{"self":[{"href":"https:\/\/mod.wisdar.net\/tr\/wp-json\/wp\/v2\/product\/216439","targetHints":{"allow":["GET"]}}],"collection":[{"href":"https:\/\/mod.wisdar.net\/tr\/wp-json\/wp\/v2\/product"}],"about":[{"href":"https:\/\/mod.wisdar.net\/tr\/wp-json\/wp\/v2\/types\/product"}],"replies":[{"embeddable":true,"href":"https:\/\/mod.wisdar.net\/tr\/wp-json\/wp\/v2\/comments?post=216439"}],"wp:featuredmedia":[{"embeddable":true,"href":"https:\/\/mod.wisdar.net\/tr\/wp-json\/wp\/v2\/media\/216424"}],"wp:attachment":[{"href":"https:\/\/mod.wisdar.net\/tr\/wp-json\/wp\/v2\/media?parent=216439"}],"wp:term":[{"taxonomy":"product_brand","embeddable":true,"href":"https:\/\/mod.wisdar.net\/tr\/wp-json\/wp\/v2\/product_brand?post=216439"},{"taxonomy":"product_cat","embeddable":true,"href":"https:\/\/mod.wisdar.net\/tr\/wp-json\/wp\/v2\/product_cat?post=216439"},{"taxonomy":"product_tag","embeddable":true,"href":"https:\/\/mod.wisdar.net\/tr\/wp-json\/wp\/v2\/product_tag?post=216439"}],"curies":[{"name":"wp","href":"https:\/\/api.w.org\/{rel}","templated":true}]}}