{"id":216468,"date":"2026-04-12T13:41:27","date_gmt":"2026-04-12T13:41:27","guid":{"rendered":"https:\/\/modesthanim.com\/product\/kemerli-desenli-uzun-tunik-safran-2\/"},"modified":"2026-04-12T13:43:55","modified_gmt":"2026-04-12T13:43:55","slug":"kemerli-desenli-uzun-tunik-safran-2","status":"publish","type":"product","link":"https:\/\/mod.wisdar.net\/tr\/urun\/kemerli-desenli-uzun-tunik-safran-2\/","title":{"rendered":"Kemerli Desenli Uzun Tunik \u2013 Safran"},"content":{"rendered":"<p>Zarif desenleri ve bel k\u0131sm\u0131ndaki kemer detay\u0131yla feminen bir siluet sunan bu uzun tunik, \u015f\u0131kl\u0131\u011f\u0131 ve rahatl\u0131\u011f\u0131 bir arada sunar. G\u00fcnl\u00fck ya da \u00f6zel kombinler i\u00e7in ideal bir tercihtir.<\/p>\n<p>Kuma\u015f \u0130\u00e7eri\u011fi: %65 Rayon, %35 Viskon<br \/>\nDesen: Soyut Desen<br \/>\nYaka Tipi: G\u00f6mlek Yaka<br \/>\nKol Tipi: Uzun Kol<br \/>\nCep: Cepsiz<br \/>\nAstar: Astars\u0131z<br \/>\n\u00dcr\u00fcn Boyu: 125 cm<br \/>\nKal\u0131p Tipi: Normal Kal\u0131p<br \/>\nMankenin Giydi\u011fi Beden: 38<\/p>\n<p>Manken \u00d6l\u00e7\u00fcleri:Boy: 176 cmG\u00f6\u011f\u00fcs: 80 cmBel: 60 cmBasen: 90 cm<\/p>\n<p>\u2014 Technical Details \u2014<br \/>\nshoulder: {&#8217;38&#8217;: 39, &#8217;40&#8217;: 40, &#8217;42&#8217;: 41, &#8217;44&#8217;: 42, &#8217;46&#8217;: 43, &#8217;48&#8217;: 44}<br \/>\nchest: {&#8217;38&#8217;: 117, &#8217;40&#8217;: 121, &#8217;42&#8217;: 125, &#8217;44&#8217;: 129, &#8217;46&#8217;: 135, &#8217;48&#8217;: 139}<br \/>\nhip: {&#8217;38&#8217;: 134, &#8217;40&#8217;: 138, &#8217;42&#8217;: 142, &#8217;44&#8217;: 146, &#8217;46&#8217;: 152, &#8217;48&#8217;: 156}<br \/>\nlength: {&#8217;38&#8217;: 125, &#8217;40&#8217;: 125.5, &#8217;42&#8217;: 126, &#8217;44&#8217;: 126.5, &#8217;46&#8217;: 127, &#8217;48&#8217;: 127.5}<br \/>\nsleeve_length: {&#8217;38&#8217;: 60.5, &#8217;40&#8217;: 61, &#8217;42&#8217;: 61.5, &#8217;44&#8217;: 62, &#8217;46&#8217;: 62.5, &#8217;48&#8217;: 63}<\/p>\n","protected":false},"excerpt":{"rendered":"<p>Zarif desenleri ve bel k\u0131sm\u0131ndaki kemer detay\u0131yla feminen bir siluet sunan bu uzun tunik, \u015f\u0131kl\u0131\u011f\u0131 ve rahatl\u0131\u011f\u0131 bir arada sunar. G\u00fcnl\u00fck ya da \u00f6zel kombinler i\u00e7in ideal bir tercihtir. Kuma\u015f \u0130\u00e7eri\u011fi: %65 Rayon, %35 Viskon Desen: Soyut Desen Yaka Tipi: G\u00f6mlek Yaka Kol Tipi: Uzun Kol Cep: Cepsiz Astar: Astars\u0131z \u00dcr\u00fcn Boyu: 125 cm Kal\u0131p [&hellip;]<\/p>\n","protected":false},"featured_media":216451,"comment_status":"open","ping_status":"closed","template":"","meta":[],"product_brand":[],"product_cat":[12700],"product_tag":[6771,7430,6744,7668,6772,6768],"class_list":{"0":"post-216468","1":"product","2":"type-product","3":"status-publish","4":"has-post-thumbnail","6":"product_cat-buyuk-beden","7":"product_tag-gomlek-yaka","8":"product_tag-gunluk-kombin","9":"product_tag-kadin-modasi","10":"product_tag-kemerli","11":"product_tag-ozel-gun","12":"product_tag-uzun-kol","13":"pa_brand-tugba","14":"pa_color-safran","15":"pa_size-4706","16":"pa_size-4711","17":"pa_size-4713","18":"pa_size-4751","19":"pa_size-4749","20":"pa_size-4747","22":"first","23":"instock","24":"sale","25":"shipping-taxable","26":"purchasable","27":"product-type-variable"},"_links":{"self":[{"href":"https:\/\/mod.wisdar.net\/tr\/wp-json\/wp\/v2\/product\/216468","targetHints":{"allow":["GET"]}}],"collection":[{"href":"https:\/\/mod.wisdar.net\/tr\/wp-json\/wp\/v2\/product"}],"about":[{"href":"https:\/\/mod.wisdar.net\/tr\/wp-json\/wp\/v2\/types\/product"}],"replies":[{"embeddable":true,"href":"https:\/\/mod.wisdar.net\/tr\/wp-json\/wp\/v2\/comments?post=216468"}],"wp:featuredmedia":[{"embeddable":true,"href":"https:\/\/mod.wisdar.net\/tr\/wp-json\/wp\/v2\/media\/216451"}],"wp:attachment":[{"href":"https:\/\/mod.wisdar.net\/tr\/wp-json\/wp\/v2\/media?parent=216468"}],"wp:term":[{"taxonomy":"product_brand","embeddable":true,"href":"https:\/\/mod.wisdar.net\/tr\/wp-json\/wp\/v2\/product_brand?post=216468"},{"taxonomy":"product_cat","embeddable":true,"href":"https:\/\/mod.wisdar.net\/tr\/wp-json\/wp\/v2\/product_cat?post=216468"},{"taxonomy":"product_tag","embeddable":true,"href":"https:\/\/mod.wisdar.net\/tr\/wp-json\/wp\/v2\/product_tag?post=216468"}],"curies":[{"name":"wp","href":"https:\/\/api.w.org\/{rel}","templated":true}]}}