{"id":216514,"date":"2026-04-12T13:42:21","date_gmt":"2026-04-12T13:42:21","guid":{"rendered":"https:\/\/modesthanim.com\/product\/bilegi-pile-dugme-detayli-tunik-petrol\/"},"modified":"2026-04-12T13:42:48","modified_gmt":"2026-04-12T13:42:48","slug":"bilegi-pile-dugme-detayli-tunik-petrol","status":"publish","type":"product","link":"https:\/\/mod.wisdar.net\/tr\/urun\/bilegi-pile-dugme-detayli-tunik-petrol\/","title":{"rendered":"Bile\u011fi Pile D\u00fc\u011fme Detayl\u0131 Tunik \u2013 Petrol"},"content":{"rendered":"<p>Bilek k\u0131sm\u0131ndaki pile ve d\u00fc\u011fme detaylar\u0131yla klasik \u015f\u0131kl\u0131\u011fa ince dokunu\u015flar katan bu tunik, sade tasar\u0131m\u0131na ra\u011fmen dikkat \u00e7ekici bir g\u00f6r\u00fcn\u00fcm sunar.<\/p>\n<p>Kuma\u015f \u0130\u00e7eri\u011fi: %100 Polyester<br \/>\nDesen: D\u00fcz<br \/>\nYaka Tipi: Hakim Yaka<br \/>\nKol Tipi: Uzun Kol<br \/>\nCep: Cepsiz<br \/>\nAstar: Astars\u0131z<br \/>\n\u00dcr\u00fcn Boyu: 110 cm<br \/>\nKal\u0131p Tipi: Normal Kal\u0131p<br \/>\nMankenin Giydi\u011fi Beden: 38<br \/>\nManken \u00d6l\u00e7\u00fcleri:Boy: 175 cm G\u00f6\u011f\u00fcs: 80 cmBel: 62 cmBasen: 89 cm<\/p>\n<p>\u2014 Technical Details \u2014<br \/>\nshoulder: 38.5<br \/>\nchest: 102<br \/>\nwaist: 103<br \/>\nhip: 115<br \/>\nlength: 110<br \/>\nsleeve_length: 61<\/p>\n","protected":false},"excerpt":{"rendered":"<p>Bilek k\u0131sm\u0131ndaki pile ve d\u00fc\u011fme detaylar\u0131yla klasik \u015f\u0131kl\u0131\u011fa ince dokunu\u015flar katan bu tunik, sade tasar\u0131m\u0131na ra\u011fmen dikkat \u00e7ekici bir g\u00f6r\u00fcn\u00fcm sunar. Kuma\u015f \u0130\u00e7eri\u011fi: %100 Polyester Desen: D\u00fcz Yaka Tipi: Hakim Yaka Kol Tipi: Uzun Kol Cep: Cepsiz Astar: Astars\u0131z \u00dcr\u00fcn Boyu: 110 cm Kal\u0131p Tipi: Normal Kal\u0131p Mankenin Giydi\u011fi Beden: 38 Manken \u00d6l\u00e7\u00fcleri:Boy: 175 cm [&hellip;]<\/p>\n","protected":false},"featured_media":216505,"comment_status":"open","ping_status":"closed","template":"","meta":[],"product_brand":[],"product_cat":[5632],"product_tag":[7021,6768],"class_list":{"0":"post-216514","1":"product","2":"type-product","3":"status-publish","4":"has-post-thumbnail","6":"product_cat-kadin-modasi","7":"product_tag-polyester","8":"product_tag-uzun-kol","9":"pa_brand-tugba","10":"pa_color-petrol","11":"pa_size-4706","12":"pa_size-4711","13":"pa_size-4713","14":"pa_size-4751","15":"pa_size-4749","17":"first","18":"outofstock","19":"shipping-taxable","20":"product-type-variable"},"_links":{"self":[{"href":"https:\/\/mod.wisdar.net\/tr\/wp-json\/wp\/v2\/product\/216514","targetHints":{"allow":["GET"]}}],"collection":[{"href":"https:\/\/mod.wisdar.net\/tr\/wp-json\/wp\/v2\/product"}],"about":[{"href":"https:\/\/mod.wisdar.net\/tr\/wp-json\/wp\/v2\/types\/product"}],"replies":[{"embeddable":true,"href":"https:\/\/mod.wisdar.net\/tr\/wp-json\/wp\/v2\/comments?post=216514"}],"wp:featuredmedia":[{"embeddable":true,"href":"https:\/\/mod.wisdar.net\/tr\/wp-json\/wp\/v2\/media\/216505"}],"wp:attachment":[{"href":"https:\/\/mod.wisdar.net\/tr\/wp-json\/wp\/v2\/media?parent=216514"}],"wp:term":[{"taxonomy":"product_brand","embeddable":true,"href":"https:\/\/mod.wisdar.net\/tr\/wp-json\/wp\/v2\/product_brand?post=216514"},{"taxonomy":"product_cat","embeddable":true,"href":"https:\/\/mod.wisdar.net\/tr\/wp-json\/wp\/v2\/product_cat?post=216514"},{"taxonomy":"product_tag","embeddable":true,"href":"https:\/\/mod.wisdar.net\/tr\/wp-json\/wp\/v2\/product_tag?post=216514"}],"curies":[{"name":"wp","href":"https:\/\/api.w.org\/{rel}","templated":true}]}}