{"id":216574,"date":"2026-04-12T13:43:18","date_gmt":"2026-04-12T13:43:18","guid":{"rendered":"https:\/\/modesthanim.com\/product\/selin-etekli-takim-murdum\/"},"modified":"2026-04-12T13:59:54","modified_gmt":"2026-04-12T13:59:54","slug":"selin-etekli-takim-murdum","status":"publish","type":"product","link":"https:\/\/mod.wisdar.net\/tr\/urun\/selin-etekli-takim-murdum\/","title":{"rendered":"Selin Etekli Tak\u0131m M\u00fcrd\u00fcm"},"content":{"rendered":"<p>Tak\u0131m 1 S\u0131n\u0131f \u0130pek Cupra Kuma\u015ft\u0131r.<br \/>\nTak\u0131m \u00dcst Arkadan Fermuarl\u0131d\u0131r.<br \/>\nTak\u0131m \u00dcst Kollar\u0131 Lastiklidir.<br \/>\nEtek Beli Lastiklidir.<br \/>\nEtek \u00c7ingene Formundad\u0131r.<br \/>\nTak\u0131m F\u0131rf\u0131r Ge\u00e7i\u015f Detayl\u0131d\u0131r.<br \/>\nTak\u0131m \u00dcst \u00d6n Boy 54cm Arka Boy 60cm Omuz 38cm G\u00f6\u011f\u00fcs 52cm<br \/>\nEtek Boy 96cm<\/p>\n","protected":false},"excerpt":{"rendered":"<p>Tak\u0131m 1 S\u0131n\u0131f \u0130pek Cupra Kuma\u015ft\u0131r. Tak\u0131m \u00dcst Arkadan Fermuarl\u0131d\u0131r. Tak\u0131m \u00dcst Kollar\u0131 Lastiklidir. Etek Beli Lastiklidir. Etek \u00c7ingene Formundad\u0131r. Tak\u0131m F\u0131rf\u0131r Ge\u00e7i\u015f Detayl\u0131d\u0131r. Tak\u0131m \u00dcst \u00d6n Boy 54cm Arka Boy 60cm Omuz 38cm G\u00f6\u011f\u00fcs 52cm Etek Boy 96cm<\/p>\n","protected":false},"featured_media":216571,"comment_status":"open","ping_status":"closed","template":"","meta":[],"product_brand":[],"product_cat":[12700,1900],"product_tag":[8398,6744,6765],"class_list":{"0":"post-216574","1":"product","2":"type-product","3":"status-publish","4":"has-post-thumbnail","6":"product_cat-buyuk-beden","7":"product_cat-koordinatlar-setler","8":"product_tag-etek-takim","9":"product_tag-kadin-modasi","10":"product_tag-lastikli-bel","11":"pa_brand-butikkolik","12":"pa_color-murdum","13":"pa_size-4711","14":"pa_size-4713","15":"pa_size-4751","16":"pa_size-4749","18":"first","19":"instock","20":"sale","21":"shipping-taxable","22":"purchasable","23":"product-type-variable"},"_links":{"self":[{"href":"https:\/\/mod.wisdar.net\/tr\/wp-json\/wp\/v2\/product\/216574","targetHints":{"allow":["GET"]}}],"collection":[{"href":"https:\/\/mod.wisdar.net\/tr\/wp-json\/wp\/v2\/product"}],"about":[{"href":"https:\/\/mod.wisdar.net\/tr\/wp-json\/wp\/v2\/types\/product"}],"replies":[{"embeddable":true,"href":"https:\/\/mod.wisdar.net\/tr\/wp-json\/wp\/v2\/comments?post=216574"}],"wp:featuredmedia":[{"embeddable":true,"href":"https:\/\/mod.wisdar.net\/tr\/wp-json\/wp\/v2\/media\/216571"}],"wp:attachment":[{"href":"https:\/\/mod.wisdar.net\/tr\/wp-json\/wp\/v2\/media?parent=216574"}],"wp:term":[{"taxonomy":"product_brand","embeddable":true,"href":"https:\/\/mod.wisdar.net\/tr\/wp-json\/wp\/v2\/product_brand?post=216574"},{"taxonomy":"product_cat","embeddable":true,"href":"https:\/\/mod.wisdar.net\/tr\/wp-json\/wp\/v2\/product_cat?post=216574"},{"taxonomy":"product_tag","embeddable":true,"href":"https:\/\/mod.wisdar.net\/tr\/wp-json\/wp\/v2\/product_tag?post=216574"}],"curies":[{"name":"wp","href":"https:\/\/api.w.org\/{rel}","templated":true}]}}