{"id":216640,"date":"2026-04-12T13:44:05","date_gmt":"2026-04-12T13:44:05","guid":{"rendered":"https:\/\/modesthanim.com\/product\/nakisli-kimono-takim-aci-kahve\/"},"modified":"2026-04-12T13:50:02","modified_gmt":"2026-04-12T13:50:02","slug":"nakisli-kimono-takim-aci-kahve","status":"publish","type":"product","link":"https:\/\/mod.wisdar.net\/tr\/urun\/nakisli-kimono-takim-aci-kahve\/","title":{"rendered":"Nak\u0131\u015fl\u0131 Kimono Tak\u0131m \u2013 Ac\u0131 Kahve"},"content":{"rendered":"<p>\u0130nce nak\u0131\u015f detaylar\u0131yla zenginle\u015fen bu kimono tak\u0131m, sofistike ve feminen bir g\u00f6r\u00fcn\u00fcm sunar. Rahat kesimi sayesinde g\u00fcn boyu konfor sa\u011flarken, uyumlu par\u00e7alar\u0131yla kombin yapma kolayl\u0131\u011f\u0131 sunar. Nak\u0131\u015f i\u015f\u00e7ili\u011fi, tak\u0131ma el eme\u011fi dokunu\u015fu kazand\u0131r\u0131rken, ak\u0131c\u0131 kuma\u015f\u0131 hareketli bir siluet olu\u015fturur.<br \/>\n\u00dcST \u0130\u00c7<br \/>\nKuma\u015f \u0130\u00e7eri\u011fi: %50 Viskon, %50 Keten<br \/>\nDesen: D\u00fcz<br \/>\nYaka Tipi: S\u0131f\u0131r Yaka<br \/>\nKol Tipi: S\u0131f\u0131r Kol<br \/>\nCep: Cepsiz<br \/>\nAstar: Astars\u0131z<br \/>\n\u00dcr\u00fcn Boyu: 70 cm<br \/>\nKal\u0131p Tipi: Normal Kal\u0131p\u00dcST DI\u015e<br \/>\nKuma\u015f \u0130\u00e7eri\u011fi: %50 Viskon, %50 Keten<br \/>\nDesen: D\u00fcz \u2013 Nak\u0131\u015fl\u0131<br \/>\nYaka Tipi: \u015eal Yaka<br \/>\nKol Tipi: Uzun Kol<br \/>\nCep: Cepsiz<br \/>\nAstar: Astars\u0131z<br \/>\n\u00dcr\u00fcn Boyu: 120 cm<br \/>\nKal\u0131p Tipi: Normal Kal\u0131p<br \/>\nMankenin Giydi\u011fi Beden: 38<br \/>\nManken \u00d6l\u00e7\u00fcleri:Boy: 172 cmG\u00f6\u011f\u00fcs: 79 cmBel: 63 cmBasen: 89 cm<\/p>\n<p>\u2014 Technical Details \u2014<br \/>\nsize_chart: {&#8217;38&#8217;: {&#8216;omuz&#8217;: &#8217;39&#8217;, &#8216;g\u00f6\u011f\u00fcs&#8217;: &#8216;102&#8217;, &#8216;basen&#8217;: &#8216;119&#8217;, &#8216;boy&#8217;: &#8216;120&#8217;, &#8216;kol_boyu&#8217;: &#8217;61&#8217;}, &#8217;40&#8217;: {&#8216;omuz&#8217;: &#8217;40&#8217;, &#8216;g\u00f6\u011f\u00fcs&#8217;: &#8216;106&#8217;, &#8216;basen&#8217;: &#8216;123&#8217;, &#8216;boy&#8217;: &#8216;120.5&#8217;, &#8216;kol_boyu&#8217;: &#8216;61.5&#8217;}, &#8217;42&#8217;: {&#8216;omuz&#8217;: &#8217;41&#8217;, &#8216;g\u00f6\u011f\u00fcs&#8217;: &#8216;110&#8217;, &#8216;basen&#8217;: &#8216;127&#8217;, &#8216;boy&#8217;: &#8216;121&#8217;, &#8216;kol_boyu&#8217;: &#8217;62&#8217;}, &#8217;44&#8217;: {&#8216;omuz&#8217;: &#8217;42&#8217;, &#8216;g\u00f6\u011f\u00fcs&#8217;: &#8216;114&#8217;, &#8216;basen&#8217;: &#8216;131&#8217;, &#8216;boy&#8217;: &#8216;121.5&#8217;, &#8216;kol_boyu&#8217;: &#8216;62.5&#8217;}, &#8217;46&#8217;: {&#8216;omuz&#8217;: &#8217;43&#8217;, &#8216;g\u00f6\u011f\u00fcs&#8217;: &#8216;120&#8217;, &#8216;basen&#8217;: &#8216;137&#8217;, &#8216;boy&#8217;: &#8216;122&#8217;, &#8216;kol_boyu&#8217;: &#8217;63&#8217;}, &#8217;48&#8217;: {&#8216;omuz&#8217;: &#8217;44&#8217;, &#8216;g\u00f6\u011f\u00fcs&#8217;: &#8216;124&#8217;, &#8216;basen&#8217;: &#8216;141&#8217;, &#8216;boy&#8217;: &#8216;122.5&#8217;, &#8216;kol_boyu&#8217;: &#8216;63.5&#8217;}}<\/p>\n","protected":false},"excerpt":{"rendered":"<p>\u0130nce nak\u0131\u015f detaylar\u0131yla zenginle\u015fen bu kimono tak\u0131m, sofistike ve feminen bir g\u00f6r\u00fcn\u00fcm sunar. Rahat kesimi sayesinde g\u00fcn boyu konfor sa\u011flarken, uyumlu par\u00e7alar\u0131yla kombin yapma kolayl\u0131\u011f\u0131 sunar. Nak\u0131\u015f i\u015f\u00e7ili\u011fi, tak\u0131ma el eme\u011fi dokunu\u015fu kazand\u0131r\u0131rken, ak\u0131c\u0131 kuma\u015f\u0131 hareketli bir siluet olu\u015fturur. \u00dcST \u0130\u00c7 Kuma\u015f \u0130\u00e7eri\u011fi: %50 Viskon, %50 Keten Desen: D\u00fcz Yaka Tipi: S\u0131f\u0131r Yaka Kol Tipi: [&hellip;]<\/p>\n","protected":false},"featured_media":216624,"comment_status":"open","ping_status":"closed","template":"","meta":[],"product_brand":[],"product_cat":[12700],"product_tag":[6930,5012,6744,6751],"class_list":{"0":"post-216640","1":"product","2":"type-product","3":"status-publish","4":"has-post-thumbnail","6":"product_cat-buyuk-beden","7":"product_tag-bitter-coffee","8":"product_tag-elegant","9":"product_tag-kadin-modasi","10":"product_tag-rahat","11":"pa_brand-tugba","12":"pa_color-aci-kahve-1","13":"pa_size-4706","14":"pa_size-4711","15":"pa_size-4713","16":"pa_size-4751","17":"pa_size-4749","18":"pa_size-4747","20":"first","21":"instock","22":"sale","23":"shipping-taxable","24":"purchasable","25":"product-type-variable"},"_links":{"self":[{"href":"https:\/\/mod.wisdar.net\/tr\/wp-json\/wp\/v2\/product\/216640","targetHints":{"allow":["GET"]}}],"collection":[{"href":"https:\/\/mod.wisdar.net\/tr\/wp-json\/wp\/v2\/product"}],"about":[{"href":"https:\/\/mod.wisdar.net\/tr\/wp-json\/wp\/v2\/types\/product"}],"replies":[{"embeddable":true,"href":"https:\/\/mod.wisdar.net\/tr\/wp-json\/wp\/v2\/comments?post=216640"}],"wp:featuredmedia":[{"embeddable":true,"href":"https:\/\/mod.wisdar.net\/tr\/wp-json\/wp\/v2\/media\/216624"}],"wp:attachment":[{"href":"https:\/\/mod.wisdar.net\/tr\/wp-json\/wp\/v2\/media?parent=216640"}],"wp:term":[{"taxonomy":"product_brand","embeddable":true,"href":"https:\/\/mod.wisdar.net\/tr\/wp-json\/wp\/v2\/product_brand?post=216640"},{"taxonomy":"product_cat","embeddable":true,"href":"https:\/\/mod.wisdar.net\/tr\/wp-json\/wp\/v2\/product_cat?post=216640"},{"taxonomy":"product_tag","embeddable":true,"href":"https:\/\/mod.wisdar.net\/tr\/wp-json\/wp\/v2\/product_tag?post=216640"}],"curies":[{"name":"wp","href":"https:\/\/api.w.org\/{rel}","templated":true}]}}