{"id":216688,"date":"2026-04-12T13:44:55","date_gmt":"2026-04-12T13:44:55","guid":{"rendered":"https:\/\/modesthanim.com\/product\/asli-elbise-bordo\/"},"modified":"2026-04-12T14:00:30","modified_gmt":"2026-04-12T14:00:30","slug":"asli-elbise-bordo","status":"publish","type":"product","link":"https:\/\/mod.wisdar.net\/tr\/urun\/asli-elbise-bordo\/","title":{"rendered":"Asl\u0131 Elbise Bordo"},"content":{"rendered":"<p>Elbise 1. S\u0131n\u0131f Cendy Kuma\u015ft\u0131r. Seyyar G\u00fcl Detay\u0131 Vard\u0131r. \u00c7\u0131kar\u0131labilir Kemer Detayl\u0131d\u0131r. Arkas\u0131nda Fermuar vard\u0131r. Beli Lastiklidir. Elbise Omuz 42cm Elbise G\u00f6\u011f\u00fcs 40cm Elbise Boy 143cm Elbise Bel 32cm<\/p>\n<p>\u2014 Technical Details \u2014<br \/>\nshoulder: 42cm<br \/>\nchest: 40cm<br \/>\nlength: 143cm<br \/>\nwaist: 32cm<\/p>\n","protected":false},"excerpt":{"rendered":"<p>Elbise 1. S\u0131n\u0131f Cendy Kuma\u015ft\u0131r. Seyyar G\u00fcl Detay\u0131 Vard\u0131r. \u00c7\u0131kar\u0131labilir Kemer Detayl\u0131d\u0131r. Arkas\u0131nda Fermuar vard\u0131r. Beli Lastiklidir. Elbise Omuz 42cm Elbise G\u00f6\u011f\u00fcs 40cm Elbise Boy 143cm Elbise Bel 32cm \u2014 Technical Details \u2014 shoulder: 42cm chest: 40cm length: 143cm waist: 32cm<\/p>\n","protected":false},"featured_media":216681,"comment_status":"open","ping_status":"closed","template":"","meta":[],"product_brand":[],"product_cat":[12700,6249,1933],"product_tag":[6745],"class_list":{"0":"post-216688","1":"product","2":"type-product","3":"status-publish","4":"has-post-thumbnail","6":"product_cat-buyuk-beden","7":"product_cat-elbiseler","8":"product_cat-gunluk-ve-gunduz-elbiseleri","9":"product_tag-zarif-elbise","10":"pa_brand-butikkolik","11":"pa_color-bordo","12":"pa_size-4706","13":"pa_size-4711","14":"pa_size-4713","15":"pa_size-4751","16":"pa_size-4749","18":"first","19":"instock","20":"sale","21":"shipping-taxable","22":"purchasable","23":"product-type-variable"},"_links":{"self":[{"href":"https:\/\/mod.wisdar.net\/tr\/wp-json\/wp\/v2\/product\/216688","targetHints":{"allow":["GET"]}}],"collection":[{"href":"https:\/\/mod.wisdar.net\/tr\/wp-json\/wp\/v2\/product"}],"about":[{"href":"https:\/\/mod.wisdar.net\/tr\/wp-json\/wp\/v2\/types\/product"}],"replies":[{"embeddable":true,"href":"https:\/\/mod.wisdar.net\/tr\/wp-json\/wp\/v2\/comments?post=216688"}],"wp:featuredmedia":[{"embeddable":true,"href":"https:\/\/mod.wisdar.net\/tr\/wp-json\/wp\/v2\/media\/216681"}],"wp:attachment":[{"href":"https:\/\/mod.wisdar.net\/tr\/wp-json\/wp\/v2\/media?parent=216688"}],"wp:term":[{"taxonomy":"product_brand","embeddable":true,"href":"https:\/\/mod.wisdar.net\/tr\/wp-json\/wp\/v2\/product_brand?post=216688"},{"taxonomy":"product_cat","embeddable":true,"href":"https:\/\/mod.wisdar.net\/tr\/wp-json\/wp\/v2\/product_cat?post=216688"},{"taxonomy":"product_tag","embeddable":true,"href":"https:\/\/mod.wisdar.net\/tr\/wp-json\/wp\/v2\/product_tag?post=216688"}],"curies":[{"name":"wp","href":"https:\/\/api.w.org\/{rel}","templated":true}]}}