{"id":216711,"date":"2026-04-12T13:45:09","date_gmt":"2026-04-12T13:45:09","guid":{"rendered":"https:\/\/modesthanim.com\/product\/zerda-etekli-takim-siyah\/"},"modified":"2026-04-12T13:50:28","modified_gmt":"2026-04-12T13:50:28","slug":"zerda-etekli-takim-siyah","status":"publish","type":"product","link":"https:\/\/mod.wisdar.net\/tr\/urun\/zerda-etekli-takim-siyah\/","title":{"rendered":"Zerda Etekli Tak\u0131m Siyah"},"content":{"rendered":"<p>Ceket 1. S\u0131n\u0131f Krep Etek \u015eifondur. Seyyar \u00c7i\u00e7ek Detay\u0131 Vard\u0131r. Ceket Yandan Fermuarl\u0131d\u0131r. Cekette G\u00f6\u011f\u00fcs Deste\u011fi Mevcuttur. Ceketin Omuzlar\u0131 Vatkal\u0131d\u0131r. Ceket Omuz 32cm Ceket G\u00f6\u011f\u00fcs 44cm Ceket Bel 39cm Ceket Boy 59cm Etek Puantiye Desenlidir. Ete\u011fin Arkas\u0131nda Fermuarl\u0131d\u0131r. Etek Astarl\u0131d\u0131r. Etek Boy 113cm<\/p>\n","protected":false},"excerpt":{"rendered":"<p>Ceket 1. S\u0131n\u0131f Krep Etek \u015eifondur. Seyyar \u00c7i\u00e7ek Detay\u0131 Vard\u0131r. Ceket Yandan Fermuarl\u0131d\u0131r. Cekette G\u00f6\u011f\u00fcs Deste\u011fi Mevcuttur. Ceketin Omuzlar\u0131 Vatkal\u0131d\u0131r. Ceket Omuz 32cm Ceket G\u00f6\u011f\u00fcs 44cm Ceket Bel 39cm Ceket Boy 59cm Etek Puantiye Desenlidir. Ete\u011fin Arkas\u0131nda Fermuarl\u0131d\u0131r. Etek Astarl\u0131d\u0131r. Etek Boy 113cm<\/p>\n","protected":false},"featured_media":216709,"comment_status":"open","ping_status":"closed","template":"","meta":[],"product_brand":[],"product_cat":[12700,1900],"product_tag":[8398,7959],"class_list":{"0":"post-216711","1":"product","2":"type-product","3":"status-publish","4":"has-post-thumbnail","6":"product_cat-buyuk-beden","7":"product_cat-koordinatlar-setler","8":"product_tag-etek-takim","9":"product_tag-resmi-giyim","10":"pa_brand-butikkolik","11":"pa_color-siyah","12":"pa_size-4706","13":"pa_size-4711","14":"pa_size-4713","15":"pa_size-4751","16":"pa_size-4749","18":"first","19":"instock","20":"sale","21":"shipping-taxable","22":"purchasable","23":"product-type-variable"},"_links":{"self":[{"href":"https:\/\/mod.wisdar.net\/tr\/wp-json\/wp\/v2\/product\/216711","targetHints":{"allow":["GET"]}}],"collection":[{"href":"https:\/\/mod.wisdar.net\/tr\/wp-json\/wp\/v2\/product"}],"about":[{"href":"https:\/\/mod.wisdar.net\/tr\/wp-json\/wp\/v2\/types\/product"}],"replies":[{"embeddable":true,"href":"https:\/\/mod.wisdar.net\/tr\/wp-json\/wp\/v2\/comments?post=216711"}],"wp:featuredmedia":[{"embeddable":true,"href":"https:\/\/mod.wisdar.net\/tr\/wp-json\/wp\/v2\/media\/216709"}],"wp:attachment":[{"href":"https:\/\/mod.wisdar.net\/tr\/wp-json\/wp\/v2\/media?parent=216711"}],"wp:term":[{"taxonomy":"product_brand","embeddable":true,"href":"https:\/\/mod.wisdar.net\/tr\/wp-json\/wp\/v2\/product_brand?post=216711"},{"taxonomy":"product_cat","embeddable":true,"href":"https:\/\/mod.wisdar.net\/tr\/wp-json\/wp\/v2\/product_cat?post=216711"},{"taxonomy":"product_tag","embeddable":true,"href":"https:\/\/mod.wisdar.net\/tr\/wp-json\/wp\/v2\/product_tag?post=216711"}],"curies":[{"name":"wp","href":"https:\/\/api.w.org\/{rel}","templated":true}]}}