{"id":21681,"date":"2025-11-02T14:54:10","date_gmt":"2025-11-02T14:54:10","guid":{"rendered":"https:\/\/modesthanim.com\/product\/islemeli-dokumlu-kollu-gomlek-bej\/"},"modified":"2026-04-03T16:15:51","modified_gmt":"2026-04-03T16:15:51","slug":"islemeli-dokumlu-kollu-gomlek-bej","status":"publish","type":"product","link":"https:\/\/mod.wisdar.net\/tr\/urun\/islemeli-dokumlu-kollu-gomlek-bej\/","title":{"rendered":"\u0130\u015flemeli D\u00f6k\u00fcml\u00fc Kollu G\u00f6mlek \u2013 Bej"},"content":{"rendered":"<p>Zarafetin i\u015f\u00e7ilikle bulu\u015ftu\u011fu modern bir yorum: \u0130\u015flemeli D\u00f6k\u00fcml\u00fc Kollu G\u00f6mlek. Yumu\u015fak dokulu kuma\u015f\u0131 ve bol kesimi t\u00fcm g\u00fcn konfor sa\u011flar, \u00f6zenle i\u015flenmi\u015f nak\u0131\u015f detaylar\u0131 ise basit zarafete sanatsal bir dokunu\u015f katar.<\/p>\n<p>\u2014 Teknik Detaylar \u2014<br \/>\nDesen: D\u00fcz \u2013 Nak\u0131\u015f Deseni<br \/>\nYaka Tipi: G\u00f6mlek Yakas\u0131<br \/>\nKol Tipi: D\u00f6k\u00fcml\u00fc Kol<br \/>\nCep: Cepsiz<br \/>\nAstar: Astars\u0131z<br \/>\n\u00dcr\u00fcn Uzunlu\u011fu: 80 cm<br \/>\nKal\u0131p: Rahat Kal\u0131p<br \/>\nModelin Giydi\u011fi Beden: 36<br \/>\nModel \u00d6l\u00e7\u00fcleri: {&#8216;Boy&#8217;: &#8216;176 cm&#8217;, &#8216;G\u00f6\u011f\u00fcs&#8217;: &#8217;80 cm&#8217;, &#8216;Bel&#8217;: &#8217;60 cm&#8217;, &#8216;Kal\u00e7a&#8217;: &#8217;90 cm&#8217;}<\/p>\n","protected":false},"excerpt":{"rendered":"<p>Zarafetin i\u015f\u00e7ilikle bulu\u015ftu\u011fu modern bir yorum: \u0130\u015flemeli D\u00f6k\u00fcml\u00fc Kollu G\u00f6mlek. Yumu\u015fak dokulu kuma\u015f\u0131 ve bol kesimi t\u00fcm g\u00fcn konfor sa\u011flar, \u00f6zenle i\u015flenmi\u015f nak\u0131\u015f detaylar\u0131 ise basit zarafete sanatsal bir dokunu\u015f katar. \u2014 Teknik Detaylar \u2014 Desen: D\u00fcz \u2013 Nak\u0131\u015f Deseni Yaka Tipi: G\u00f6mlek Yakas\u0131 Kol Tipi: D\u00f6k\u00fcml\u00fc Kol Cep: Cepsiz Astar: Astars\u0131z \u00dcr\u00fcn Uzunlu\u011fu: 80 [&hellip;]<\/p>\n","protected":false},"featured_media":21642,"comment_status":"open","ping_status":"closed","template":"","meta":[],"product_brand":[],"product_cat":[1909],"product_tag":[5012,7419,6759],"class_list":{"0":"post-21681","1":"product","2":"type-product","3":"status-publish","4":"has-post-thumbnail","6":"product_cat-bluzlar-ve-gomlekler","7":"product_tag-elegant","8":"product_tag-gunluk","9":"product_tag-konfor","10":"pa_brand-tugba","11":"pa_color-bej","12":"pa_size-4701","13":"pa_size-4706","14":"pa_size-4711","15":"pa_size-4713","16":"pa_size-4751","17":"pa_size-4749","19":"first","20":"instock","21":"sale","22":"shipping-taxable","23":"purchasable","24":"product-type-variable"},"_links":{"self":[{"href":"https:\/\/mod.wisdar.net\/tr\/wp-json\/wp\/v2\/product\/21681","targetHints":{"allow":["GET"]}}],"collection":[{"href":"https:\/\/mod.wisdar.net\/tr\/wp-json\/wp\/v2\/product"}],"about":[{"href":"https:\/\/mod.wisdar.net\/tr\/wp-json\/wp\/v2\/types\/product"}],"replies":[{"embeddable":true,"href":"https:\/\/mod.wisdar.net\/tr\/wp-json\/wp\/v2\/comments?post=21681"}],"wp:featuredmedia":[{"embeddable":true,"href":"https:\/\/mod.wisdar.net\/tr\/wp-json\/wp\/v2\/media\/21642"}],"wp:attachment":[{"href":"https:\/\/mod.wisdar.net\/tr\/wp-json\/wp\/v2\/media?parent=21681"}],"wp:term":[{"taxonomy":"product_brand","embeddable":true,"href":"https:\/\/mod.wisdar.net\/tr\/wp-json\/wp\/v2\/product_brand?post=21681"},{"taxonomy":"product_cat","embeddable":true,"href":"https:\/\/mod.wisdar.net\/tr\/wp-json\/wp\/v2\/product_cat?post=21681"},{"taxonomy":"product_tag","embeddable":true,"href":"https:\/\/mod.wisdar.net\/tr\/wp-json\/wp\/v2\/product_tag?post=21681"}],"curies":[{"name":"wp","href":"https:\/\/api.w.org\/{rel}","templated":true}]}}