{"id":216837,"date":"2026-04-12T13:50:58","date_gmt":"2026-04-12T13:50:58","guid":{"rendered":"https:\/\/modesthanim.com\/product\/yarim-patli-kemerli-elbise-kirmizi\/"},"modified":"2026-04-12T14:06:43","modified_gmt":"2026-04-12T14:06:43","slug":"yarim-patli-kemerli-elbise-kirmizi","status":"publish","type":"product","link":"https:\/\/mod.wisdar.net\/tr\/urun\/yarim-patli-kemerli-elbise-kirmizi\/","title":{"rendered":"Yar\u0131m Patl\u0131 Kemerli Elbise \u2013 K\u0131rm\u0131z\u0131"},"content":{"rendered":"<p>Zarif yar\u0131m pat detay\u0131 ve kemer tasar\u0131m\u0131yla bu elbise, klasik ve modern dokunu\u015flar\u0131 bir araya getiriyor. Ak\u0131c\u0131 kuma\u015f\u0131 g\u00fcn boyu konfor sa\u011flarken, kemer detay\u0131 v\u00fccudu \u015f\u0131k bir sil\u00fcet olu\u015fturacak \u015fekilde \u015fekillendiriyor.<\/p>\n<p>Kuma\u015f Bile\u015fimi: %100 Polyester<br \/>\nDesen: D\u00fcz<br \/>\nYaka Tipi: Mandarin Yaka<br \/>\nKol Tipi: Raglan Kol<br \/>\nCep: Gizli Cep<br \/>\nAstarl\u0131: Astarl\u0131<br \/>\n\u00dcr\u00fcn Uzunlu\u011fu: 140 cm<br \/>\nKal\u0131p: Rahat Kal\u0131p<br \/>\nModel 38 beden giyiyor.<br \/>\nModel \u00d6l\u00e7\u00fcleri: Boy: 176 cm G\u00f6\u011f\u00fcs: 75 cm Bel: 59 cm Kal\u00e7a: 87 cm<\/p>\n<p>\u2014 Teknik Detaylar \u2014<br \/>\ndesen: D\u00fcz<br \/>\nyaka_tipi: Mandarin Yaka<br \/>\nkol_tipi: Raglan Kol<br \/>\ncep: Gizli Cep<br \/>\nastarl\u0131: Astarl\u0131<br \/>\n\u00fcr\u00fcn_uzunlu\u011fu: 140 cm<br \/>\nkal\u0131p: Rahat Kal\u0131p<\/p>\n","protected":false},"excerpt":{"rendered":"<p>Zarif yar\u0131m pat detay\u0131 ve kemer tasar\u0131m\u0131yla bu elbise, klasik ve modern dokunu\u015flar\u0131 bir araya getiriyor. Ak\u0131c\u0131 kuma\u015f\u0131 g\u00fcn boyu konfor sa\u011flarken, kemer detay\u0131 v\u00fccudu \u015f\u0131k bir sil\u00fcet olu\u015fturacak \u015fekilde \u015fekillendiriyor. Kuma\u015f Bile\u015fimi: %100 Polyester Desen: D\u00fcz Yaka Tipi: Mandarin Yaka Kol Tipi: Raglan Kol Cep: Gizli Cep Astarl\u0131: Astarl\u0131 \u00dcr\u00fcn Uzunlu\u011fu: 140 cm Kal\u0131p: [&hellip;]<\/p>\n","protected":false},"featured_media":216825,"comment_status":"open","ping_status":"closed","template":"","meta":[],"product_brand":[],"product_cat":[12700,6249,1933],"product_tag":[],"class_list":{"0":"post-216837","1":"product","2":"type-product","3":"status-publish","4":"has-post-thumbnail","6":"product_cat-buyuk-beden","7":"product_cat-elbiseler","8":"product_cat-gunluk-ve-gunduz-elbiseleri","9":"pa_brand-tugba","10":"pa_color-kirmizi","11":"pa_size-4706","12":"pa_size-4711","13":"pa_size-4713","14":"pa_size-4751","15":"pa_size-4749","16":"pa_size-4747","18":"first","19":"instock","20":"sale","21":"shipping-taxable","22":"purchasable","23":"product-type-variable"},"_links":{"self":[{"href":"https:\/\/mod.wisdar.net\/tr\/wp-json\/wp\/v2\/product\/216837","targetHints":{"allow":["GET"]}}],"collection":[{"href":"https:\/\/mod.wisdar.net\/tr\/wp-json\/wp\/v2\/product"}],"about":[{"href":"https:\/\/mod.wisdar.net\/tr\/wp-json\/wp\/v2\/types\/product"}],"replies":[{"embeddable":true,"href":"https:\/\/mod.wisdar.net\/tr\/wp-json\/wp\/v2\/comments?post=216837"}],"wp:featuredmedia":[{"embeddable":true,"href":"https:\/\/mod.wisdar.net\/tr\/wp-json\/wp\/v2\/media\/216825"}],"wp:attachment":[{"href":"https:\/\/mod.wisdar.net\/tr\/wp-json\/wp\/v2\/media?parent=216837"}],"wp:term":[{"taxonomy":"product_brand","embeddable":true,"href":"https:\/\/mod.wisdar.net\/tr\/wp-json\/wp\/v2\/product_brand?post=216837"},{"taxonomy":"product_cat","embeddable":true,"href":"https:\/\/mod.wisdar.net\/tr\/wp-json\/wp\/v2\/product_cat?post=216837"},{"taxonomy":"product_tag","embeddable":true,"href":"https:\/\/mod.wisdar.net\/tr\/wp-json\/wp\/v2\/product_tag?post=216837"}],"curies":[{"name":"wp","href":"https:\/\/api.w.org\/{rel}","templated":true}]}}