{"id":216852,"date":"2026-04-12T13:50:59","date_gmt":"2026-04-12T13:50:59","guid":{"rendered":"https:\/\/modesthanim.com\/product\/robali-buzgulu-tunik-lacivert\/"},"modified":"2026-04-12T13:51:38","modified_gmt":"2026-04-12T13:51:38","slug":"robali-buzgulu-tunik-lacivert","status":"publish","type":"product","link":"https:\/\/mod.wisdar.net\/tr\/urun\/robali-buzgulu-tunik-lacivert\/","title":{"rendered":"Robal\u0131 B\u00fczg\u00fcl\u00fc Tunik \u2013 Lacivert"},"content":{"rendered":"<p>Roba ve b\u00fczg\u00fc detaylar\u0131yla \u00f6ne \u00e7\u0131kan bu tunik, her ad\u0131mda hafif bir hareket ve zarif bir dinamizm sunar. Hafif ve ak\u0131c\u0131 kuma\u015f\u0131, g\u00fcn boyu konfor sa\u011flarken, modern kesimi g\u00fcnl\u00fck ve \u00f6zel kombinlerinize \u015f\u0131kl\u0131k katar.<br \/>\nKuma\u015f \u0130\u00e7eri\u011fi: %85 Rayon, %15 Naylon<br \/>\nDesen: D\u00fcz<br \/>\nYaka Tipi: G\u00f6mlek Yaka<br \/>\nKol Tipi: Reglan Kol<br \/>\nCep: Cepsiz<br \/>\nAstar: Astars\u0131z<br \/>\n\u00dcr\u00fcn Boyu: 85 cm<br \/>\nKal\u0131p Tipi: Rahat Kal\u0131p<br \/>\nMankenin Giydi\u011fi Beden: 36<br \/>\nManken \u00d6l\u00e7\u00fcleri:<br \/>\nBoy: 174 cm<br \/>\nG\u00f6\u011f\u00fcs: 82 cm<br \/>\nBel: 63 cm<br \/>\nBasen: 90 cm<br \/>\nRoba ve b\u00fczg\u00fc detaylar\u0131yla \u00f6ne \u00e7\u0131kan bu tunik, her ad\u0131mda hafif bir hareket ve zarif bir dinamizm sunar. Hafif ve ak\u0131c\u0131 kuma\u015f\u0131, g\u00fcn boyu konfor sa\u011flarken, modern kesimi g\u00fcnl\u00fck ve \u00f6zel kombinlerinize \u015f\u0131kl\u0131k katar.<br \/>\nKuma\u015f \u0130\u00e7eri\u011fi: %85 Rayon, %15 Naylon<br \/>\nDesen: D\u00fcz<br \/>\nYaka Tipi: G\u00f6mlek Yaka<br \/>\nKol Tipi: Reglan Kol<br \/>\nCep: Cepsiz<br \/>\nAstar: Astars\u0131z<br \/>\n\u00dcr\u00fcn Boyu: 85 cm<br \/>\nKal\u0131p Tipi: Rahat Kal\u0131p<br \/>\nMankenin Giydi\u011fi Beden: 36<br \/>\nManken \u00d6l\u00e7\u00fcleri:<br \/>\nBoy: 172 cm<br \/>\nG\u00f6\u011f\u00fcs: 79 cm<br \/>\nBel: 61 cm<br \/>\nBasen: 89 cm<\/p>\n<p>\u2014 Technical Details \u2014<br \/>\nDesen: D\u00fcz<br \/>\nYaka Tipi: G\u00f6mlek Yaka<br \/>\nKol Tipi: Reglan Kol<br \/>\nCep: Cepsiz<br \/>\nAstar: Astars\u0131z<br \/>\n\u00dcr\u00fcn Boyu: 85 cm<br \/>\nKal\u0131p Tipi: Rahat Kal\u0131p<br \/>\nMankenin Giydi\u011fi Beden: 36<br \/>\nManken \u00d6l\u00e7\u00fcleri: {&#8216;Boy&#8217;: &#8216;174 cm&#8217;, &#8216;G\u00f6\u011f\u00fcs&#8217;: &#8217;82 cm&#8217;, &#8216;Bel&#8217;: &#8217;63 cm&#8217;, &#8216;Basen&#8217;: &#8217;90 cm&#8217;}<br \/>\nBeden Tablosu: {&#8216;G\u00d6\u011e\u00dcS&#8217;: {&#8217;36&#8217;: &#8216;120&#8217;, &#8217;38&#8217;: &#8216;124&#8217;, &#8217;40&#8217;: &#8216;128&#8217;, &#8217;42&#8217;: &#8216;132&#8217;, &#8217;44&#8217;: &#8216;136&#8217;, &#8217;46&#8217;: &#8216;140&#8217;, &#8217;48&#8217;: &#8216;144&#8217;, &#8217;50&#8217;: &#8216;148&#8217;, &#8217;52&#8217;: &#8216;152&#8217;}, &#8216;BEL&#8217;: {&#8217;36&#8217;: &#8216;120&#8217;, &#8217;38&#8217;: &#8216;124&#8217;, &#8217;40&#8217;: &#8216;128&#8217;, &#8217;42&#8217;: &#8216;132&#8217;, &#8217;44&#8217;: &#8216;136&#8217;, &#8217;46&#8217;: &#8216;140&#8217;, &#8217;48&#8217;: &#8216;144&#8217;, &#8217;50&#8217;: &#8216;148&#8217;, &#8217;52&#8217;: &#8216;152&#8217;}, &#8216;BASEN&#8217;: {&#8217;36&#8217;: &#8216;120&#8217;, &#8217;38&#8217;: &#8216;124&#8217;, &#8217;40&#8217;: &#8216;128&#8217;, &#8217;42&#8217;: &#8216;132&#8217;, &#8217;44&#8217;: &#8216;136&#8217;, &#8217;46&#8217;: &#8216;140&#8217;, &#8217;48&#8217;: &#8216;144&#8217;, &#8217;50&#8217;: &#8216;148&#8217;, &#8217;52&#8217;: &#8216;152&#8217;}, &#8216;BOY&#8217;: {&#8217;36&#8217;: &#8216;84.5&#8217;, &#8217;38&#8217;: &#8217;85&#8217;, &#8217;40&#8217;: &#8216;85.5&#8217;, &#8217;42&#8217;: &#8217;86&#8217;, &#8217;44&#8217;: &#8216;86.5&#8217;, &#8217;46&#8217;: &#8217;87&#8217;, &#8217;48&#8217;: &#8216;87.5&#8217;, &#8217;50&#8217;: &#8217;88&#8217;, &#8217;52&#8217;: &#8216;88.5&#8217;}, &#8216;KOL BOYU&#8217;: {&#8217;36&#8217;: &#8216;62.5&#8217;, &#8217;38&#8217;: &#8217;63&#8217;, &#8217;40&#8217;: &#8216;63.5&#8217;, &#8217;42&#8217;: &#8217;64&#8217;, &#8217;44&#8217;: &#8216;64.5&#8217;, &#8217;46&#8217;: &#8217;65&#8217;, &#8217;48&#8217;: &#8216;65.5&#8217;, &#8217;50&#8217;: &#8217;66&#8217;, &#8217;52&#8217;: &#8216;66.5&#8217;}}<\/p>\n","protected":false},"excerpt":{"rendered":"<p>Roba ve b\u00fczg\u00fc detaylar\u0131yla \u00f6ne \u00e7\u0131kan bu tunik, her ad\u0131mda hafif bir hareket ve zarif bir dinamizm sunar. Hafif ve ak\u0131c\u0131 kuma\u015f\u0131, g\u00fcn boyu konfor sa\u011flarken, modern kesimi g\u00fcnl\u00fck ve \u00f6zel kombinlerinize \u015f\u0131kl\u0131k katar. Kuma\u015f \u0130\u00e7eri\u011fi: %85 Rayon, %15 Naylon Desen: D\u00fcz Yaka Tipi: G\u00f6mlek Yaka Kol Tipi: Reglan Kol Cep: Cepsiz Astar: Astars\u0131z \u00dcr\u00fcn [&hellip;]<\/p>\n","protected":false},"featured_media":216833,"comment_status":"open","ping_status":"closed","template":"","meta":[],"product_brand":[],"product_cat":[2050,12700],"product_tag":[6771,6770,7238,6882],"class_list":{"0":"post-216852","1":"product","2":"type-product","3":"status-publish","4":"has-post-thumbnail","6":"product_cat-blazer-ceketler","7":"product_cat-buyuk-beden","8":"product_tag-gomlek-yaka","9":"product_tag-gunluk-giyim","10":"product_tag-lacivert","11":"product_tag-rahat-kesim-2","12":"pa_brand-tugba","13":"pa_color-lacivert","14":"pa_size-4701","15":"pa_size-4706","16":"pa_size-4711","17":"pa_size-4713","18":"pa_size-4751","19":"pa_size-4749","20":"pa_size-4747","21":"pa_size-4746","22":"pa_size-4744","24":"first","25":"instock","26":"sale","27":"shipping-taxable","28":"purchasable","29":"product-type-variable"},"_links":{"self":[{"href":"https:\/\/mod.wisdar.net\/tr\/wp-json\/wp\/v2\/product\/216852","targetHints":{"allow":["GET"]}}],"collection":[{"href":"https:\/\/mod.wisdar.net\/tr\/wp-json\/wp\/v2\/product"}],"about":[{"href":"https:\/\/mod.wisdar.net\/tr\/wp-json\/wp\/v2\/types\/product"}],"replies":[{"embeddable":true,"href":"https:\/\/mod.wisdar.net\/tr\/wp-json\/wp\/v2\/comments?post=216852"}],"wp:featuredmedia":[{"embeddable":true,"href":"https:\/\/mod.wisdar.net\/tr\/wp-json\/wp\/v2\/media\/216833"}],"wp:attachment":[{"href":"https:\/\/mod.wisdar.net\/tr\/wp-json\/wp\/v2\/media?parent=216852"}],"wp:term":[{"taxonomy":"product_brand","embeddable":true,"href":"https:\/\/mod.wisdar.net\/tr\/wp-json\/wp\/v2\/product_brand?post=216852"},{"taxonomy":"product_cat","embeddable":true,"href":"https:\/\/mod.wisdar.net\/tr\/wp-json\/wp\/v2\/product_cat?post=216852"},{"taxonomy":"product_tag","embeddable":true,"href":"https:\/\/mod.wisdar.net\/tr\/wp-json\/wp\/v2\/product_tag?post=216852"}],"curies":[{"name":"wp","href":"https:\/\/api.w.org\/{rel}","templated":true}]}}