{"id":216933,"date":"2026-04-12T13:52:14","date_gmt":"2026-04-12T13:52:14","guid":{"rendered":"https:\/\/modesthanim.com\/product\/gizli-kapama-detayli-kaz-tuyu-manto-siyah\/"},"modified":"2026-04-12T13:52:45","modified_gmt":"2026-04-12T13:52:45","slug":"gizli-kapama-detayli-kaz-tuyu-manto-siyah","status":"publish","type":"product","link":"https:\/\/mod.wisdar.net\/tr\/urun\/gizli-kapama-detayli-kaz-tuyu-manto-siyah\/","title":{"rendered":"Gizli Kapama Detayl\u0131 Kaz T\u00fcy\u00fc Manto \u2013 Siyah"},"content":{"rendered":"<p>Kaz t\u00fcy\u00fcn\u00fcn \u00fcst\u00fcn s\u0131cakl\u0131k sa\u011flayan hafif yap\u0131s\u0131n\u0131 minimal bir siluetle bulu\u015fturan bu manto, gizli kapama detay\u0131 sayesinde temiz ve kesintisiz bir g\u00f6r\u00fcn\u00fcm sunar.<br \/>\nKuma\u015f \u0130\u00e7eri\u011fi: %100 Polyester<br \/>\nAstar: %100 Polyester<br \/>\nDolgu: Kaz T\u00fcy\u00fc Dolgu<br \/>\nDolgu T\u00fcr\u00fc: %90 G\u0131d\u0131k, %10 S\u0131rt<br \/>\nDesen: Blok Desen<br \/>\nYaka Tipi: Bo\u011fazl\u0131 Yaka<br \/>\nKol Tipi: Uzun Kol<br \/>\nCep: Gizli Cep<br \/>\nAstar: Astarl\u0131<br \/>\n\u00dcr\u00fcn Boyu: 118 cm<br \/>\nKal\u0131p Tipi: Normal Kal\u0131p<br \/>\nManken \u00d6l\u00e7\u00fcleri:<br \/>\nBoy: 173 cm<br \/>\nG\u00f6\u011f\u00fcs: 81 cm<br \/>\nBel: 63 cm<br \/>\nBasen: 90 cm<br \/>\nMankenin Giydi\u011fi Beden: 36<\/p>\n","protected":false},"excerpt":{"rendered":"<p>Kaz t\u00fcy\u00fcn\u00fcn \u00fcst\u00fcn s\u0131cakl\u0131k sa\u011flayan hafif yap\u0131s\u0131n\u0131 minimal bir siluetle bulu\u015fturan bu manto, gizli kapama detay\u0131 sayesinde temiz ve kesintisiz bir g\u00f6r\u00fcn\u00fcm sunar. Kuma\u015f \u0130\u00e7eri\u011fi: %100 Polyester Astar: %100 Polyester Dolgu: Kaz T\u00fcy\u00fc Dolgu Dolgu T\u00fcr\u00fc: %90 G\u0131d\u0131k, %10 S\u0131rt Desen: Blok Desen Yaka Tipi: Bo\u011fazl\u0131 Yaka Kol Tipi: Uzun Kol Cep: Gizli Cep Astar: [&hellip;]<\/p>\n","protected":false},"featured_media":216924,"comment_status":"open","ping_status":"closed","template":"","meta":[],"product_brand":[],"product_cat":[12700],"product_tag":[6311],"class_list":{"0":"post-216933","1":"product","2":"type-product","3":"status-publish","4":"has-post-thumbnail","6":"product_cat-buyuk-beden","7":"product_tag-winter-coat","8":"pa_brand-tugba","9":"pa_color-siyah","10":"pa_size-4701","11":"pa_size-4706","12":"pa_size-4711","13":"pa_size-4713","14":"pa_size-4751","15":"pa_size-4749","17":"first","18":"instock","19":"sale","20":"shipping-taxable","21":"purchasable","22":"product-type-variable"},"_links":{"self":[{"href":"https:\/\/mod.wisdar.net\/tr\/wp-json\/wp\/v2\/product\/216933","targetHints":{"allow":["GET"]}}],"collection":[{"href":"https:\/\/mod.wisdar.net\/tr\/wp-json\/wp\/v2\/product"}],"about":[{"href":"https:\/\/mod.wisdar.net\/tr\/wp-json\/wp\/v2\/types\/product"}],"replies":[{"embeddable":true,"href":"https:\/\/mod.wisdar.net\/tr\/wp-json\/wp\/v2\/comments?post=216933"}],"wp:featuredmedia":[{"embeddable":true,"href":"https:\/\/mod.wisdar.net\/tr\/wp-json\/wp\/v2\/media\/216924"}],"wp:attachment":[{"href":"https:\/\/mod.wisdar.net\/tr\/wp-json\/wp\/v2\/media?parent=216933"}],"wp:term":[{"taxonomy":"product_brand","embeddable":true,"href":"https:\/\/mod.wisdar.net\/tr\/wp-json\/wp\/v2\/product_brand?post=216933"},{"taxonomy":"product_cat","embeddable":true,"href":"https:\/\/mod.wisdar.net\/tr\/wp-json\/wp\/v2\/product_cat?post=216933"},{"taxonomy":"product_tag","embeddable":true,"href":"https:\/\/mod.wisdar.net\/tr\/wp-json\/wp\/v2\/product_tag?post=216933"}],"curies":[{"name":"wp","href":"https:\/\/api.w.org\/{rel}","templated":true}]}}