{"id":216948,"date":"2026-04-12T13:52:22","date_gmt":"2026-04-12T13:52:22","guid":{"rendered":"https:\/\/modesthanim.com\/product\/belden-buzgu-baglamali-cicek-desenli-elbise-yesil\/"},"modified":"2026-04-12T13:52:57","modified_gmt":"2026-04-12T13:52:57","slug":"belden-buzgu-baglamali-cicek-desenli-elbise-yesil","status":"publish","type":"product","link":"https:\/\/mod.wisdar.net\/tr\/urun\/belden-buzgu-baglamali-cicek-desenli-elbise-yesil\/","title":{"rendered":"Belden B\u00fczg\u00fc Ba\u011flamal\u0131 \u00c7i\u00e7ek Desenli Elbise \u2013 Ye\u015fil"},"content":{"rendered":"<p>\u00c7i\u00e7ek desenleriyle romantik bir hava kazanan bu elbise, belden b\u00fczg\u00fc ba\u011flamas\u0131 sayesinde siluetinizi zarif\u00e7e vurgular. Hafif ve ak\u0131c\u0131 kuma\u015f\u0131, g\u00fcn boyu konfor sunarken, hareketli etek detay\u0131 her ad\u0131mda feminen bir dinamizm yarat\u0131r.<br \/>\nKuma\u015f \u0130\u00e7eri\u011fi: %84 Viskon, %16 Keten<br \/>\nDesen: Motif Desen<br \/>\nYaka Tipi: S\u0131f\u0131r Yaka<br \/>\nKol Tipi: D\u00fc\u015f\u00fck Kol<br \/>\nCep: Cepsiz<br \/>\nAstar: Astarl\u0131<br \/>\n\u00dcr\u00fcn Boyu: 138 cm<br \/>\nKal\u0131p Tipi: Normal Kal\u0131p<br \/>\nMankenin Giydi\u011fi Beden: 36<br \/>\nManken \u00d6l\u00e7\u00fcleri:Boy: 172 cmG\u00f6\u011f\u00fcs: 79 cmBel: 61 cmBasen: 89 cm<\/p>\n","protected":false},"excerpt":{"rendered":"<p>\u00c7i\u00e7ek desenleriyle romantik bir hava kazanan bu elbise, belden b\u00fczg\u00fc ba\u011flamas\u0131 sayesinde siluetinizi zarif\u00e7e vurgular. Hafif ve ak\u0131c\u0131 kuma\u015f\u0131, g\u00fcn boyu konfor sunarken, hareketli etek detay\u0131 her ad\u0131mda feminen bir dinamizm yarat\u0131r. Kuma\u015f \u0130\u00e7eri\u011fi: %84 Viskon, %16 Keten Desen: Motif Desen Yaka Tipi: S\u0131f\u0131r Yaka Kol Tipi: D\u00fc\u015f\u00fck Kol Cep: Cepsiz Astar: Astarl\u0131 \u00dcr\u00fcn Boyu: [&hellip;]<\/p>\n","protected":false},"featured_media":216931,"comment_status":"open","ping_status":"closed","template":"","meta":[],"product_brand":[],"product_cat":[12700,6249,1933],"product_tag":[6752,6744,6877,7592],"class_list":{"0":"post-216948","1":"product","2":"type-product","3":"status-publish","4":"has-post-thumbnail","6":"product_cat-buyuk-beden","7":"product_cat-elbiseler","8":"product_cat-gunluk-ve-gunduz-elbiseleri","9":"product_tag-cicekli-elbise","10":"product_tag-kadin-modasi","11":"product_tag-yaz-elbisesi","12":"product_tag-yesil-elbise","13":"pa_brand-tugba","14":"pa_color-yesil","15":"pa_size-4706","16":"pa_size-4711","17":"pa_size-4713","18":"pa_size-4751","19":"pa_size-4749","20":"pa_size-4747","22":"first","23":"instock","24":"sale","25":"shipping-taxable","26":"purchasable","27":"product-type-variable"},"_links":{"self":[{"href":"https:\/\/mod.wisdar.net\/tr\/wp-json\/wp\/v2\/product\/216948","targetHints":{"allow":["GET"]}}],"collection":[{"href":"https:\/\/mod.wisdar.net\/tr\/wp-json\/wp\/v2\/product"}],"about":[{"href":"https:\/\/mod.wisdar.net\/tr\/wp-json\/wp\/v2\/types\/product"}],"replies":[{"embeddable":true,"href":"https:\/\/mod.wisdar.net\/tr\/wp-json\/wp\/v2\/comments?post=216948"}],"wp:featuredmedia":[{"embeddable":true,"href":"https:\/\/mod.wisdar.net\/tr\/wp-json\/wp\/v2\/media\/216931"}],"wp:attachment":[{"href":"https:\/\/mod.wisdar.net\/tr\/wp-json\/wp\/v2\/media?parent=216948"}],"wp:term":[{"taxonomy":"product_brand","embeddable":true,"href":"https:\/\/mod.wisdar.net\/tr\/wp-json\/wp\/v2\/product_brand?post=216948"},{"taxonomy":"product_cat","embeddable":true,"href":"https:\/\/mod.wisdar.net\/tr\/wp-json\/wp\/v2\/product_cat?post=216948"},{"taxonomy":"product_tag","embeddable":true,"href":"https:\/\/mod.wisdar.net\/tr\/wp-json\/wp\/v2\/product_tag?post=216948"}],"curies":[{"name":"wp","href":"https:\/\/api.w.org\/{rel}","templated":true}]}}