{"id":217048,"date":"2026-04-12T13:53:43","date_gmt":"2026-04-12T13:53:43","guid":{"rendered":"https:\/\/modesthanim.com\/product\/kapusonlu-manto-lacivert\/"},"modified":"2026-04-12T13:57:31","modified_gmt":"2026-04-12T13:57:31","slug":"kapusonlu-manto-lacivert","status":"publish","type":"product","link":"https:\/\/mod.wisdar.net\/tr\/urun\/kapusonlu-manto-lacivert\/","title":{"rendered":"Kap\u00fc\u015fonlu Manto \u2013 Lacivert"},"content":{"rendered":"<p>Kap\u00fc\u015fon detay\u0131 tasar\u0131ma modern ve fonksiyonel bir karakter kazand\u0131r\u0131rken, sade kesimi ve tok dokusuyla dengeli bir sil\u00fcet sunar. G\u00fcnl\u00fck \u015fehir stilinde konforu ve zarafeti bir arada arayanlar i\u00e7in zamans\u0131z bir d\u0131\u015f giyim par\u00e7as\u0131d\u0131r.<br \/>\nKuma\u015f \u0130\u00e7eri\u011fi: %100 Polyester<br \/>\nDesen: D\u00fcz<br \/>\nYaka Tipi: \u00c7\u0131kar\u0131labilir Kap\u00fc\u015fon Yaka<br \/>\nKol Tipi: Uzun Kol<br \/>\nCep: Fermuarl\u0131 Cep<br \/>\nAstar: Astarl\u0131<br \/>\n\u00dcr\u00fcn Boyu: 130 cm<br \/>\nKal\u0131p Tipi: Normal Kal\u0131p<br \/>\nManken \u00d6l\u00e7\u00fcleri:<br \/>\nBoy: 176 cm<br \/>\nG\u00f6\u011f\u00fcs: 78 cm<br \/>\nBel: 59 cm<br \/>\nBasen: 88 cm<br \/>\nMankenin Giydi\u011fi Beden: 38<\/p>\n<p>\u2014 Technical Details \u2014<br \/>\nDesen: D\u00fcz<br \/>\nYaka Tipi: \u00c7\u0131kar\u0131labilir Kap\u00fc\u015fon Yaka<br \/>\nKol Tipi: Uzun Kol<br \/>\nCep: Fermuarl\u0131 Cep<br \/>\nAstar: Astarl\u0131<br \/>\n\u00dcr\u00fcn Boyu: 130 cm<br \/>\nKal\u0131p Tipi: Normal Kal\u0131p<br \/>\nManken \u00d6l\u00e7\u00fcleri: Boy: 176 cm, G\u00f6\u011f\u00fcs: 78 cm, Bel: 59 cm, Basen: 88 cm<br \/>\nMankenin Giydi\u011fi Beden: 38<br \/>\nBeden Tablosu: {&#8217;38&#8217;: {&#8216;OMUZ&#8217;: &#8217;41&#8217;, &#8216;G\u00d6\u011e\u00dcS&#8217;: &#8216;111&#8217;, &#8216;BEL&#8217;: &#8216;113&#8217;, &#8216;BASEN&#8217;: &#8216;120&#8217;, &#8216;BOY&#8217;: &#8216;130&#8217;, &#8216;KOL BOYU&#8217;: &#8217;62&#8217;}, &#8217;40&#8217;: {&#8216;OMUZ&#8217;: &#8217;42&#8217;, &#8216;G\u00d6\u011e\u00dcS&#8217;: &#8216;115&#8217;, &#8216;BEL&#8217;: &#8216;117&#8217;, &#8216;BASEN&#8217;: &#8216;124&#8217;}, &#8217;42&#8217;: {&#8216;OMUZ&#8217;: &#8217;43&#8217;, &#8216;G\u00d6\u011e\u00dcS&#8217;: &#8216;119&#8217;, &#8216;BEL&#8217;: &#8216;121&#8217;, &#8216;BASEN&#8217;: &#8216;128&#8217;}, &#8217;44&#8217;: {&#8216;OMUZ&#8217;: &#8217;44&#8217;, &#8216;G\u00d6\u011e\u00dcS&#8217;: &#8216;123&#8217;, &#8216;BEL&#8217;: &#8216;125&#8217;, &#8216;BASEN&#8217;: &#8216;132&#8217;}, &#8217;46&#8217;: {&#8216;OMUZ&#8217;: &#8217;45&#8217;, &#8216;G\u00d6\u011e\u00dcS&#8217;: &#8216;127&#8217;, &#8216;BEL&#8217;: &#8216;131&#8217;, &#8216;BASEN&#8217;: &#8216;138&#8217;}, &#8217;48&#8217;: {&#8216;OMUZ&#8217;: &#8217;46&#8217;, &#8216;G\u00d6\u011e\u00dcS&#8217;: &#8216;131&#8217;, &#8216;BEL&#8217;: &#8216;135&#8217;, &#8216;BASEN&#8217;: &#8216;142&#8217;}, &#8217;50&#8217;: {&#8216;OMUZ&#8217;: &#8217;47&#8217;, &#8216;G\u00d6\u011e\u00dcS&#8217;: &#8216;135&#8217;, &#8216;BEL&#8217;: &#8216;139&#8217;, &#8216;BASEN&#8217;: &#8216;146&#8217;}}<\/p>\n","protected":false},"excerpt":{"rendered":"<p>Kap\u00fc\u015fon detay\u0131 tasar\u0131ma modern ve fonksiyonel bir karakter kazand\u0131r\u0131rken, sade kesimi ve tok dokusuyla dengeli bir sil\u00fcet sunar. G\u00fcnl\u00fck \u015fehir stilinde konforu ve zarafeti bir arada arayanlar i\u00e7in zamans\u0131z bir d\u0131\u015f giyim par\u00e7as\u0131d\u0131r. Kuma\u015f \u0130\u00e7eri\u011fi: %100 Polyester Desen: D\u00fcz Yaka Tipi: \u00c7\u0131kar\u0131labilir Kap\u00fc\u015fon Yaka Kol Tipi: Uzun Kol Cep: Fermuarl\u0131 Cep Astar: Astarl\u0131 \u00dcr\u00fcn Boyu: [&hellip;]<\/p>\n","protected":false},"featured_media":217031,"comment_status":"open","ping_status":"closed","template":"","meta":[],"product_brand":[],"product_cat":[12700],"product_tag":[8319,7238,6312,4999,6311,6313],"class_list":{"0":"post-217048","1":"product","2":"type-product","3":"status-publish","4":"has-post-thumbnail","6":"product_cat-buyuk-beden","7":"product_tag-kapusonlu-mont-2","8":"product_tag-lacivert","9":"product_tag-long-coat","10":"product_tag-outerwear","11":"product_tag-winter-coat","12":"product_tag-womens-coat","13":"pa_brand-tugba","14":"pa_color-lacivert","15":"pa_size-4706","16":"pa_size-4711","17":"pa_size-4713","18":"pa_size-4751","19":"pa_size-4749","20":"pa_size-4747","21":"pa_size-4746","23":"first","24":"instock","25":"sale","26":"shipping-taxable","27":"purchasable","28":"product-type-variable"},"_links":{"self":[{"href":"https:\/\/mod.wisdar.net\/tr\/wp-json\/wp\/v2\/product\/217048","targetHints":{"allow":["GET"]}}],"collection":[{"href":"https:\/\/mod.wisdar.net\/tr\/wp-json\/wp\/v2\/product"}],"about":[{"href":"https:\/\/mod.wisdar.net\/tr\/wp-json\/wp\/v2\/types\/product"}],"replies":[{"embeddable":true,"href":"https:\/\/mod.wisdar.net\/tr\/wp-json\/wp\/v2\/comments?post=217048"}],"wp:featuredmedia":[{"embeddable":true,"href":"https:\/\/mod.wisdar.net\/tr\/wp-json\/wp\/v2\/media\/217031"}],"wp:attachment":[{"href":"https:\/\/mod.wisdar.net\/tr\/wp-json\/wp\/v2\/media?parent=217048"}],"wp:term":[{"taxonomy":"product_brand","embeddable":true,"href":"https:\/\/mod.wisdar.net\/tr\/wp-json\/wp\/v2\/product_brand?post=217048"},{"taxonomy":"product_cat","embeddable":true,"href":"https:\/\/mod.wisdar.net\/tr\/wp-json\/wp\/v2\/product_cat?post=217048"},{"taxonomy":"product_tag","embeddable":true,"href":"https:\/\/mod.wisdar.net\/tr\/wp-json\/wp\/v2\/product_tag?post=217048"}],"curies":[{"name":"wp","href":"https:\/\/api.w.org\/{rel}","templated":true}]}}