{"id":217112,"date":"2026-04-12T13:54:46","date_gmt":"2026-04-12T13:54:46","guid":{"rendered":"https:\/\/modesthanim.com\/product\/somizye-yakali-manto-kahve\/"},"modified":"2026-04-12T13:57:16","modified_gmt":"2026-04-12T13:57:16","slug":"somizye-yakali-manto-kahve","status":"publish","type":"product","link":"https:\/\/mod.wisdar.net\/tr\/urun\/somizye-yakali-manto-kahve\/","title":{"rendered":"\u015e\u00f6mizye Yakal\u0131 Manto \u2013 Kahve"},"content":{"rendered":"<p>\u015e\u00f6mizye yaka detay\u0131yla klasik \u00e7izgileri modern bir siluetle bulu\u015fturan bu manto, temiz hatlar\u0131 ve yap\u0131land\u0131r\u0131lm\u0131\u015f formuyla \u015fehir stiline zarif bir duru\u015f kazand\u0131r\u0131r.<br \/>\nKuma\u015f \u0130\u00e7eri\u011fi: %100 Polyester<br \/>\nDesen: Kapitone Desen<br \/>\nYaka Tipi: \u015e\u00f6mizye Yaka<br \/>\nKol Tipi: Reglan Kol<br \/>\nCep: Gizli Cep<br \/>\nAstar: Astarl\u0131<br \/>\n\u00dcr\u00fcn Boyu: 125 cm<br \/>\nKal\u0131p Tipi: Normal Kal\u0131p<br \/>\nManken \u00d6l\u00e7\u00fcleri:<br \/>\nBoy: 176 cm<br \/>\nG\u00f6\u011f\u00fcs: 78 cm<br \/>\nBel: 59 cm<br \/>\nBasen: 88 cm<br \/>\nMankenin Giydi\u011fi Beden: 38<\/p>\n<p>\u2014 Technical Details \u2014<br \/>\ndesen: Kapitone Desen<br \/>\nyaka_tipi: \u015e\u00f6mizye Yaka<br \/>\nkol_tipi: Reglan Kol<br \/>\ncep: Gizli Cep<br \/>\nastar: Astarli<br \/>\nurun_boyu: 125 cm<br \/>\nkalip_tipi: Normal Kal\u0131p<br \/>\nboy: 176 cm<br \/>\ngogus: 78 cm<br \/>\nbel: 59 cm<br \/>\nbasen: 88 cm<br \/>\nmanken_beden: 38<br \/>\nbeden_tablosu: {&#8217;38&#8217;: {&#8216;gogus&#8217;: &#8216;112&#8217;, &#8216;bel&#8217;: &#8216;116&#8217;, &#8216;basen&#8217;: &#8216;122&#8217;, &#8216;boy&#8217;: &#8216;125&#8217;, &#8216;kol_boyu&#8217;: &#8217;73&#8217;}, &#8217;40&#8217;: {&#8216;gogus&#8217;: &#8216;116&#8217;, &#8216;bel&#8217;: &#8216;120&#8217;, &#8216;basen&#8217;: &#8216;126&#8217;, &#8216;boy&#8217;: &#8216;125.5&#8217;, &#8216;kol_boyu&#8217;: &#8216;73.5&#8217;}, &#8217;42&#8217;: {&#8216;gogus&#8217;: &#8216;120&#8217;, &#8216;bel&#8217;: &#8216;124&#8217;, &#8216;basen&#8217;: &#8216;130&#8217;, &#8216;boy&#8217;: &#8216;126&#8217;, &#8216;kol_boyu&#8217;: &#8217;74&#8217;}, &#8217;44&#8217;: {&#8216;gogus&#8217;: &#8216;124&#8217;, &#8216;bel&#8217;: &#8216;128&#8217;, &#8216;basen&#8217;: &#8216;134&#8217;, &#8216;boy&#8217;: &#8216;126.5&#8217;, &#8216;kol_boyu&#8217;: &#8216;74.5&#8217;}, &#8217;46&#8217;: {&#8216;gogus&#8217;: &#8216;130&#8217;, &#8216;bel&#8217;: &#8216;134&#8217;, &#8216;basen&#8217;: &#8216;138&#8217;, &#8216;boy&#8217;: &#8216;127&#8217;, &#8216;kol_boyu&#8217;: &#8217;75&#8217;}, &#8217;48&#8217;: {&#8216;gogus&#8217;: &#8216;134&#8217;, &#8216;bel&#8217;: &#8216;138&#8217;, &#8216;basen&#8217;: &#8216;142&#8217;, &#8216;boy&#8217;: &#8216;127.5&#8217;, &#8216;kol_boyu&#8217;: &#8216;75.5&#8217;}, &#8217;50&#8217;: {&#8216;gogus&#8217;: &#8216;138&#8217;, &#8216;bel&#8217;: &#8216;142&#8217;, &#8216;basen&#8217;: &#8216;146&#8217;, &#8216;boy&#8217;: &#8216;128&#8217;, &#8216;kol_boyu&#8217;: &#8217;76&#8217;}}<\/p>\n","protected":false},"excerpt":{"rendered":"<p>\u015e\u00f6mizye yaka detay\u0131yla klasik \u00e7izgileri modern bir siluetle bulu\u015fturan bu manto, temiz hatlar\u0131 ve yap\u0131land\u0131r\u0131lm\u0131\u015f formuyla \u015fehir stiline zarif bir duru\u015f kazand\u0131r\u0131r. Kuma\u015f \u0130\u00e7eri\u011fi: %100 Polyester Desen: Kapitone Desen Yaka Tipi: \u015e\u00f6mizye Yaka Kol Tipi: Reglan Kol Cep: Gizli Cep Astar: Astarl\u0131 \u00dcr\u00fcn Boyu: 125 cm Kal\u0131p Tipi: Normal Kal\u0131p Manken \u00d6l\u00e7\u00fcleri: Boy: 176 cm [&hellip;]<\/p>\n","protected":false},"featured_media":217097,"comment_status":"open","ping_status":"closed","template":"","meta":[],"product_brand":[],"product_cat":[12700,2047],"product_tag":[7960,7701,6314,6311],"class_list":{"0":"post-217112","1":"product","2":"type-product","3":"status-publish","4":"has-post-thumbnail","6":"product_cat-buyuk-beden","7":"product_cat-paltolar","8":"product_tag-kadin-dis-giyim","9":"product_tag-kahverengi-kaban","10":"product_tag-quilted-coat","11":"product_tag-winter-coat","12":"pa_brand-tugba","13":"pa_color-kahve","14":"pa_size-4706","15":"pa_size-4711","16":"pa_size-4713","17":"pa_size-4751","18":"pa_size-4749","19":"pa_size-4747","20":"pa_size-4746","22":"first","23":"instock","24":"sale","25":"shipping-taxable","26":"purchasable","27":"product-type-variable"},"_links":{"self":[{"href":"https:\/\/mod.wisdar.net\/tr\/wp-json\/wp\/v2\/product\/217112","targetHints":{"allow":["GET"]}}],"collection":[{"href":"https:\/\/mod.wisdar.net\/tr\/wp-json\/wp\/v2\/product"}],"about":[{"href":"https:\/\/mod.wisdar.net\/tr\/wp-json\/wp\/v2\/types\/product"}],"replies":[{"embeddable":true,"href":"https:\/\/mod.wisdar.net\/tr\/wp-json\/wp\/v2\/comments?post=217112"}],"wp:featuredmedia":[{"embeddable":true,"href":"https:\/\/mod.wisdar.net\/tr\/wp-json\/wp\/v2\/media\/217097"}],"wp:attachment":[{"href":"https:\/\/mod.wisdar.net\/tr\/wp-json\/wp\/v2\/media?parent=217112"}],"wp:term":[{"taxonomy":"product_brand","embeddable":true,"href":"https:\/\/mod.wisdar.net\/tr\/wp-json\/wp\/v2\/product_brand?post=217112"},{"taxonomy":"product_cat","embeddable":true,"href":"https:\/\/mod.wisdar.net\/tr\/wp-json\/wp\/v2\/product_cat?post=217112"},{"taxonomy":"product_tag","embeddable":true,"href":"https:\/\/mod.wisdar.net\/tr\/wp-json\/wp\/v2\/product_tag?post=217112"}],"curies":[{"name":"wp","href":"https:\/\/api.w.org\/{rel}","templated":true}]}}