{"id":217202,"date":"2026-04-12T13:56:07","date_gmt":"2026-04-12T13:56:07","guid":{"rendered":"https:\/\/modesthanim.com\/product\/genis-panel-tasarimli-siyah-gomlek\/"},"modified":"2026-04-12T13:58:21","modified_gmt":"2026-04-12T13:58:21","slug":"genis-panel-tasarimli-siyah-gomlek","status":"publish","type":"product","link":"https:\/\/mod.wisdar.net\/tr\/urun\/genis-panel-tasarimli-siyah-gomlek\/","title":{"rendered":"Geni\u015f Panel Tasar\u0131ml\u0131 Siyah G\u00f6mlek"},"content":{"rendered":"<p>%50 keten ve %50 viskon kar\u0131\u015f\u0131m\u0131ndan \u00fcretilen bu g\u00f6mlek, \u00f6n k\u0131s\u0131mda panel detaylar\u0131, yaka ve dekoratif \u00fcst diki\u015flere sahiptir. Do\u011fal kuma\u015f\u0131 sayesinde yaz boyunca serin tutarken, bol kesimi g\u00fcn boyu konfor sa\u011flar. Ger\u00e7ek beden \u00f6l\u00e7\u00fclerine uygun oldu\u011fundan, normalde giydi\u011finiz bedeni se\u00e7ebilirsiniz. \u00dcr\u00fcnle birlikte kemer dahildir.<\/p>\n<p>Uzunluk: 80 cm (\u00dcretim partileri aras\u0131nda \u00fcr\u00fcn uzunlu\u011fu 1-5 cm de\u011fi\u015fiklik g\u00f6sterebilir.)<\/p>\n<p>Beden Tablosu:<br \/>\nBeden 36: G\u00f6\u011f\u00fcs 108 cm, Kal\u00e7a 110 cm, Kol 41 cm, Kol Boyu 58 cm<br \/>\nBeden 38: G\u00f6\u011f\u00fcs 112 cm, Kal\u00e7a 114 cm, Kol 43 cm, Kol Boyu 59 cm<br \/>\nBeden 40: G\u00f6\u011f\u00fcs 116 cm, Kal\u00e7a 118 cm, Kol 45 cm, Kol Boyu 60 cm<br \/>\nBeden 42: G\u00f6\u011f\u00fcs 120 cm, Kal\u00e7a 122 cm, Kol 47 cm, Kol Boyu 61 cm<\/p>\n<p>Modelin \u00d6l\u00e7\u00fcleri: Boy 170 cm, G\u00f6\u011f\u00fcs 82 cm, Bel 62 cm, Kal\u00e7a 88 cm<br \/>\nModelin Giydi\u011fi Beden: 36<\/p>\n","protected":false},"excerpt":{"rendered":"<p>%50 keten ve %50 viskon kar\u0131\u015f\u0131m\u0131ndan \u00fcretilen bu g\u00f6mlek, \u00f6n k\u0131s\u0131mda panel detaylar\u0131, yaka ve dekoratif \u00fcst diki\u015flere sahiptir. Do\u011fal kuma\u015f\u0131 sayesinde yaz boyunca serin tutarken, bol kesimi g\u00fcn boyu konfor sa\u011flar. Ger\u00e7ek beden \u00f6l\u00e7\u00fclerine uygun oldu\u011fundan, normalde giydi\u011finiz bedeni se\u00e7ebilirsiniz. \u00dcr\u00fcnle birlikte kemer dahildir. Uzunluk: 80 cm (\u00dcretim partileri aras\u0131nda \u00fcr\u00fcn uzunlu\u011fu 1-5 cm [&hellip;]<\/p>\n","protected":false},"featured_media":217195,"comment_status":"open","ping_status":"closed","template":"","meta":[],"product_brand":[],"product_cat":[1909],"product_tag":[],"class_list":{"0":"post-217202","1":"product","2":"type-product","3":"status-publish","4":"has-post-thumbnail","6":"product_cat-bluzlar-ve-gomlekler","7":"pa_brand-he-qa","8":"pa_color-siyah","9":"pa_size-4701","10":"pa_size-4706","11":"pa_size-4711","12":"pa_size-4713","14":"first","15":"instock","16":"sale","17":"shipping-taxable","18":"purchasable","19":"product-type-variable"},"_links":{"self":[{"href":"https:\/\/mod.wisdar.net\/tr\/wp-json\/wp\/v2\/product\/217202","targetHints":{"allow":["GET"]}}],"collection":[{"href":"https:\/\/mod.wisdar.net\/tr\/wp-json\/wp\/v2\/product"}],"about":[{"href":"https:\/\/mod.wisdar.net\/tr\/wp-json\/wp\/v2\/types\/product"}],"replies":[{"embeddable":true,"href":"https:\/\/mod.wisdar.net\/tr\/wp-json\/wp\/v2\/comments?post=217202"}],"wp:featuredmedia":[{"embeddable":true,"href":"https:\/\/mod.wisdar.net\/tr\/wp-json\/wp\/v2\/media\/217195"}],"wp:attachment":[{"href":"https:\/\/mod.wisdar.net\/tr\/wp-json\/wp\/v2\/media?parent=217202"}],"wp:term":[{"taxonomy":"product_brand","embeddable":true,"href":"https:\/\/mod.wisdar.net\/tr\/wp-json\/wp\/v2\/product_brand?post=217202"},{"taxonomy":"product_cat","embeddable":true,"href":"https:\/\/mod.wisdar.net\/tr\/wp-json\/wp\/v2\/product_cat?post=217202"},{"taxonomy":"product_tag","embeddable":true,"href":"https:\/\/mod.wisdar.net\/tr\/wp-json\/wp\/v2\/product_tag?post=217202"}],"curies":[{"name":"wp","href":"https:\/\/api.w.org\/{rel}","templated":true}]}}