{"id":217263,"date":"2026-04-12T13:57:42","date_gmt":"2026-04-12T13:57:42","guid":{"rendered":"https:\/\/modesthanim.com\/product\/hasibe-etekli-takim-aci-kahve\/"},"modified":"2026-04-12T13:57:59","modified_gmt":"2026-04-12T13:57:59","slug":"hasibe-etekli-takim-aci-kahve","status":"publish","type":"product","link":"https:\/\/mod.wisdar.net\/tr\/urun\/hasibe-etekli-takim-aci-kahve\/","title":{"rendered":"Hasibe Etekli Tak\u0131m Ac\u0131 Kahve"},"content":{"rendered":"<p>Tak\u0131m 1. S\u0131n\u0131f Denim Kuma\u015ft\u0131r.<br \/>\nTak\u0131m\u0131n \u00dcst Par\u00e7as\u0131nda Fiyonk Detay\u0131 Mevcuttur.<br \/>\nEtek D\u00fc\u011fme ve Fermuarl\u0131d\u0131r.<br \/>\nEte\u011fi Seyyar Kemerlidir.<br \/>\nOmuz 39cm<br \/>\nG\u00f6\u011f\u00fcs 52cm<br \/>\nCeket Boy 53cm<br \/>\nEtek bel 36cm<br \/>\nEtek Boy 90<\/p>\n","protected":false},"excerpt":{"rendered":"<p>Tak\u0131m 1. S\u0131n\u0131f Denim Kuma\u015ft\u0131r. Tak\u0131m\u0131n \u00dcst Par\u00e7as\u0131nda Fiyonk Detay\u0131 Mevcuttur. Etek D\u00fc\u011fme ve Fermuarl\u0131d\u0131r. Ete\u011fi Seyyar Kemerlidir. Omuz 39cm G\u00f6\u011f\u00fcs 52cm Ceket Boy 53cm Etek bel 36cm Etek Boy 90<\/p>\n","protected":false},"featured_media":217259,"comment_status":"open","ping_status":"closed","template":"","meta":[],"product_brand":[],"product_cat":[5632],"product_tag":[7547],"class_list":{"0":"post-217263","1":"product","2":"type-product","3":"status-publish","4":"has-post-thumbnail","6":"product_cat-kadin-modasi","7":"product_tag-kadin-giyim","8":"pa_brand-butikkolik","9":"pa_color-aci-kahve-1","10":"pa_size-4706","11":"pa_size-4711","12":"pa_size-4713","13":"pa_size-4751","14":"pa_size-4749","16":"first","17":"instock","18":"shipping-taxable","19":"purchasable","20":"product-type-variable"},"_links":{"self":[{"href":"https:\/\/mod.wisdar.net\/tr\/wp-json\/wp\/v2\/product\/217263","targetHints":{"allow":["GET"]}}],"collection":[{"href":"https:\/\/mod.wisdar.net\/tr\/wp-json\/wp\/v2\/product"}],"about":[{"href":"https:\/\/mod.wisdar.net\/tr\/wp-json\/wp\/v2\/types\/product"}],"replies":[{"embeddable":true,"href":"https:\/\/mod.wisdar.net\/tr\/wp-json\/wp\/v2\/comments?post=217263"}],"wp:featuredmedia":[{"embeddable":true,"href":"https:\/\/mod.wisdar.net\/tr\/wp-json\/wp\/v2\/media\/217259"}],"wp:attachment":[{"href":"https:\/\/mod.wisdar.net\/tr\/wp-json\/wp\/v2\/media?parent=217263"}],"wp:term":[{"taxonomy":"product_brand","embeddable":true,"href":"https:\/\/mod.wisdar.net\/tr\/wp-json\/wp\/v2\/product_brand?post=217263"},{"taxonomy":"product_cat","embeddable":true,"href":"https:\/\/mod.wisdar.net\/tr\/wp-json\/wp\/v2\/product_cat?post=217263"},{"taxonomy":"product_tag","embeddable":true,"href":"https:\/\/mod.wisdar.net\/tr\/wp-json\/wp\/v2\/product_tag?post=217263"}],"curies":[{"name":"wp","href":"https:\/\/api.w.org\/{rel}","templated":true}]}}